{"id":2765,"date":"2025-03-26T12:28:12","date_gmt":"2025-03-26T12:28:12","guid":{"rendered":"https:\/\/www.fabalp.com\/montaj-ve-devreye-alma-cozumleri\/"},"modified":"2025-05-20T09:24:51","modified_gmt":"2025-05-20T09:24:51","slug":"assemblage-et-mise-en-service","status":"publish","type":"page","link":"https:\/\/www.fabalp.com\/fr\/assemblage-et-mise-en-service\/","title":{"rendered":"Assemblage et Mise en Service"},"content":{"rendered":"\t\t<div data-elementor-type=\"wp-page\" data-elementor-id=\"2765\" class=\"elementor elementor-2765\">\n\t\t\t\t<div class=\"elementor-element elementor-element-f81d53b e-flex e-con-boxed wpr-particle-no wpr-jarallax-no wpr-parallax-no wpr-sticky-section-no wpr-column-slider-no wpr-equal-height-no e-con e-parent\" data-id=\"f81d53b\" data-element_type=\"container\" data-e-type=\"container\" data-settings=\"{&quot;background_background&quot;:&quot;classic&quot;}\">\n\t\t\t\t\t<div class=\"e-con-inner\">\n\t\t\t\t<div class=\"elementor-element elementor-element-57bc54a elementor-widget-divider--separator-type-pattern elementor-widget-divider--view-line elementor-widget elementor-widget-divider\" data-id=\"57bc54a\" data-element_type=\"widget\" data-e-type=\"widget\" data-widget_type=\"divider.default\">\n\t\t\t\t<div class=\"elementor-widget-container\">\n\t\t\t\t\t\t\t<div class=\"elementor-divider\" style=\"--divider-pattern-url: url(&quot;data:image\/svg+xml,%3Csvg xmlns=&#039;http:\/\/www.w3.org\/2000\/svg&#039; preserveAspectRatio=&#039;none&#039; overflow=&#039;visible&#039; height=&#039;100%&#039; viewBox=&#039;0 0 24 24&#039; fill=&#039;black&#039; stroke=&#039;none&#039;%3E%3Cpolygon points=&#039;9.4,2 24,2 14.6,21.6 0,21.6&#039;\/%3E%3C\/svg%3E&quot;);\">\n\t\t\t<span class=\"elementor-divider-separator\">\n\t\t\t\t\t\t<\/span>\n\t\t<\/div>\n\t\t\t\t\t\t<\/div>\n\t\t\t\t<\/div>\n\t\t\t\t<div class=\"elementor-element elementor-element-967fd27 elementor-widget elementor-widget-heading\" data-id=\"967fd27\" data-element_type=\"widget\" data-e-type=\"widget\" data-widget_type=\"heading.default\">\n\t\t\t\t<div class=\"elementor-widget-container\">\n\t\t\t\t\t<h2 class=\"elementor-heading-title elementor-size-default\">Assemblage et Mise en Service<\/h2>\t\t\t\t<\/div>\n\t\t\t\t<\/div>\n\t\t\t\t<div class=\"elementor-element elementor-element-569fb6f elementor-widget elementor-widget-heading\" data-id=\"569fb6f\" data-element_type=\"widget\" data-e-type=\"widget\" data-widget_type=\"heading.default\">\n\t\t\t\t<div class=\"elementor-widget-container\">\n\t\t\t\t\t<h6 class=\"elementor-heading-title elementor-size-default\">Services d'Assemblage et de Mise en Service | Installations de Syst\u00e8mes Industriels Int\u00e9gr\u00e9s et Mise en Service<\/h6>\t\t\t\t<\/div>\n\t\t\t\t<\/div>\n\t\t\t\t\t<\/div>\n\t\t\t\t<\/div>\n\t\t\t\t<section class=\"elementor-section elementor-top-section elementor-element elementor-element-abe2b49 elementor-section-content-top elementor-section-boxed elementor-section-height-default elementor-section-height-default wpr-particle-no wpr-jarallax-no wpr-parallax-no wpr-sticky-section-no wpr-column-slider-no wpr-equal-height-no\" data-id=\"abe2b49\" data-element_type=\"section\" data-e-type=\"section\" data-settings=\"{&quot;background_background&quot;:&quot;classic&quot;}\">\n\t\t\t\t\t\t\t<div class=\"elementor-background-overlay\"><\/div>\n\t\t\t\t\t\t\t<div class=\"elementor-container elementor-column-gap-no\">\n\t\t\t\t\t<div class=\"elementor-column elementor-col-100 elementor-top-column elementor-element elementor-element-0780e19\" data-id=\"0780e19\" data-element_type=\"column\" data-e-type=\"column\">\n\t\t\t<div class=\"elementor-widget-wrap elementor-element-populated\">\n\t\t\t\t\t\t<div class=\"elementor-element elementor-element-a750807 elementor-widget elementor-widget-text-editor\" data-id=\"a750807\" data-element_type=\"widget\" data-e-type=\"widget\" data-widget_type=\"text-editor.default\">\n\t\t\t\t<div class=\"elementor-widget-container\">\n\t\t\t\t\t\t\t\t\t<p>Chez FABALP Makine End\u00fcstrisi Sanayi ve Ticaret A.\u015e., nous fournissons des solutions de haute qualit\u00e9 et efficaces dans les processus d&rsquo;assemblage et de mise en service. Dans des secteurs industriels tels que l&rsquo;automobile, les syst\u00e8mes ferroviaires et la fabrication de machines, nous offrons des services d&rsquo;assemblage rapides et de haute qualit\u00e9 pour tous vos projets avec des lignes d&rsquo;assemblage et des syst\u00e8mes d&rsquo;automatisation. En tant que FABALP Makine, nous livrons vos projets avec confiance \u00e0 chaque \u00e9tape en utilisant notre expertise en ing\u00e9nierie et notre infrastructure technologique.<\/p><p>Dans le processus d&rsquo;assemblage, nous optimisons les lignes de production avec des syst\u00e8mes robotiques et des solutions d&rsquo;automatisation, en r\u00e9alisant tous types d&rsquo;op\u00e9rations d&rsquo;assemblage, telles que l&rsquo;assemblage de pi\u00e8ces, les connexions \u00e9lectriques et les installations m\u00e9caniques de mani\u00e8re impeccable. M\u00eame dans les projets n\u00e9cessitant une grande pr\u00e9cision, nous assurons un assemblage rapide et un contr\u00f4le de qualit\u00e9 \u00e9lev\u00e9, garantissant l&rsquo;excellence \u00e0 chaque \u00e9tape.<\/p><p>Le processus de mise en service est une \u00e9tape critique pour assurer le bon fonctionnement des syst\u00e8mes apr\u00e8s l&rsquo;assemblage. Chez FABALP Makine, nous assurons une mise en service efficace et s\u00e9curis\u00e9e des syst\u00e8mes lors de l&rsquo;int\u00e9gration des syst\u00e8mes d&rsquo;automatisation, des applications robotiques et des syst\u00e8mes \u00e9lectriques. Pendant le processus de mise en service, nous effectuons m\u00e9ticuleusement le contr\u00f4le du syst\u00e8me, l&rsquo;int\u00e9gration du logiciel, les tests de performance et le d\u00e9pannage. Cela garantit un fonctionnement fluide et une exp\u00e9rience de production ininterrompue pour nos clients.<\/p><p>\u00c0 chaque \u00e9tape des processus d&rsquo;assemblage et de mise en service, nous compl\u00e9tons chaque projet avec une approche centr\u00e9e sur le client et des solutions d&rsquo;ing\u00e9nierie innovantes. De plus, gr\u00e2ce \u00e0 nos services de maintenance et de support, nous assurons le fonctionnement durable et efficace des syst\u00e8mes mis en service.<\/p>\t\t\t\t\t\t\t\t<\/div>\n\t\t\t\t<\/div>\n\t\t\t\t\t<\/div>\n\t\t<\/div>\n\t\t\t\t\t<\/div>\n\t\t<\/section>\n\t\t\t\t<\/div>\n\t\t","protected":false},"excerpt":{"rendered":"<p>Assemblage et Mise en Service Services d&rsquo;Assemblage et de Mise en Service | Installations de Syst\u00e8mes Industriels Int\u00e9gr\u00e9s et Mise en Service Chez FABALP Makine End\u00fcstrisi Sanayi ve Ticaret A.\u015e., nous fournissons des solutions de haute qualit\u00e9 et efficaces dans les processus d&rsquo;assemblage et de mise en service. Dans des secteurs industriels tels que l&rsquo;automobile, les syst\u00e8mes ferroviaires et la fabrication de machines, nous offrons des services d&rsquo;assemblage rapides et de haute qualit\u00e9 pour tous vos projets avec des lignes d&rsquo;assemblage et des syst\u00e8mes d&rsquo;automatisation. En tant que FABALP Makine, nous livrons vos projets avec confiance \u00e0 chaque \u00e9tape en utilisant notre expertise en ing\u00e9nierie et notre infrastructure technologique. Dans le processus d&rsquo;assemblage, nous optimisons les lignes de production avec des syst\u00e8mes robotiques et des solutions d&rsquo;automatisation, en r\u00e9alisant tous types d&rsquo;op\u00e9rations d&rsquo;assemblage, telles que l&rsquo;assemblage de pi\u00e8ces, les connexions \u00e9lectriques et les installations m\u00e9caniques de mani\u00e8re impeccable. M\u00eame dans les projets n\u00e9cessitant une grande pr\u00e9cision, nous assurons un assemblage rapide et un contr\u00f4le de qualit\u00e9 \u00e9lev\u00e9, garantissant l&rsquo;excellence \u00e0 chaque \u00e9tape. Le processus de mise en service est une \u00e9tape critique pour assurer le bon fonctionnement des syst\u00e8mes apr\u00e8s l&rsquo;assemblage. Chez FABALP Makine, nous assurons une mise en service efficace et s\u00e9curis\u00e9e des syst\u00e8mes lors de l&rsquo;int\u00e9gration des syst\u00e8mes d&rsquo;automatisation, des applications robotiques et des syst\u00e8mes \u00e9lectriques. Pendant le processus de mise en service, nous effectuons m\u00e9ticuleusement le contr\u00f4le du syst\u00e8me, l&rsquo;int\u00e9gration du logiciel, les tests de performance et le d\u00e9pannage. Cela garantit un fonctionnement fluide et une exp\u00e9rience de production ininterrompue pour nos clients. \u00c0 chaque \u00e9tape des processus d&rsquo;assemblage et de mise en service, nous compl\u00e9tons chaque projet avec une approche centr\u00e9e sur le client et des solutions d&rsquo;ing\u00e9nierie innovantes. De plus, gr\u00e2ce \u00e0 nos services de maintenance et de support, nous assurons le fonctionnement durable et efficace des syst\u00e8mes mis en service.<\/p>\n","protected":false},"author":1,"featured_media":0,"parent":0,"menu_order":0,"comment_status":"closed","ping_status":"closed","template":"","meta":{"site-sidebar-layout":"no-sidebar","site-content-layout":"page-builder","ast-site-content-layout":"full-width-container","site-content-style":"unboxed","site-sidebar-style":"unboxed","ast-global-header-display":"","ast-banner-title-visibility":"","ast-main-header-display":"","ast-hfb-above-header-display":"","ast-hfb-below-header-display":"","ast-hfb-mobile-header-display":"","site-post-title":"disabled","ast-breadcrumbs-content":"disabled","ast-featured-img":"disabled","footer-sml-layout":"","ast-disable-related-posts":"","theme-transparent-header-meta":"enabled","adv-header-id-meta":"","stick-header-meta":"","header-above-stick-meta":"","header-main-stick-meta":"","header-below-stick-meta":"","astra-migrate-meta-layouts":"set","ast-page-background-enabled":"default","ast-page-background-meta":{"desktop":{"background-color":"","background-image":"","background-repeat":"repeat","background-position":"center center","background-size":"auto","background-attachment":"scroll","background-type":"","background-media":"","overlay-type":"","overlay-color":"","overlay-opacity":"","overlay-gradient":""},"tablet":{"background-color":"","background-image":"","background-repeat":"repeat","background-position":"center center","background-size":"auto","background-attachment":"scroll","background-type":"","background-media":"","overlay-type":"","overlay-color":"","overlay-opacity":"","overlay-gradient":""},"mobile":{"background-color":"","background-image":"","background-repeat":"repeat","background-position":"center center","background-size":"auto","background-attachment":"scroll","background-type":"","background-media":"","overlay-type":"","overlay-color":"","overlay-opacity":"","overlay-gradient":""}},"ast-content-background-meta":{"desktop":{"background-color":"var(--ast-global-color-5)","background-image":"","background-repeat":"repeat","background-position":"center center","background-size":"auto","background-attachment":"scroll","background-type":"","background-media":"","overlay-type":"","overlay-color":"","overlay-opacity":"","overlay-gradient":""},"tablet":{"background-color":"var(--ast-global-color-5)","background-image":"","background-repeat":"repeat","background-position":"center center","background-size":"auto","background-attachment":"scroll","background-type":"","background-media":"","overlay-type":"","overlay-color":"","overlay-opacity":"","overlay-gradient":""},"mobile":{"background-color":"var(--ast-global-color-5)","background-image":"","background-repeat":"repeat","background-position":"center center","background-size":"auto","background-attachment":"scroll","background-type":"","background-media":"","overlay-type":"","overlay-color":"","overlay-opacity":"","overlay-gradient":""}},"footnotes":""},"class_list":["post-2765","page","type-page","status-publish","hentry"],"aioseo_notices":[],"_links":{"self":[{"href":"https:\/\/www.fabalp.com\/fr\/wp-json\/wp\/v2\/pages\/2765","targetHints":{"allow":["GET"]}}],"collection":[{"href":"https:\/\/www.fabalp.com\/fr\/wp-json\/wp\/v2\/pages"}],"about":[{"href":"https:\/\/www.fabalp.com\/fr\/wp-json\/wp\/v2\/types\/page"}],"author":[{"embeddable":true,"href":"https:\/\/www.fabalp.com\/fr\/wp-json\/wp\/v2\/users\/1"}],"replies":[{"embeddable":true,"href":"https:\/\/www.fabalp.com\/fr\/wp-json\/wp\/v2\/comments?post=2765"}],"version-history":[{"count":19,"href":"https:\/\/www.fabalp.com\/fr\/wp-json\/wp\/v2\/pages\/2765\/revisions"}],"predecessor-version":[{"id":5281,"href":"https:\/\/www.fabalp.com\/fr\/wp-json\/wp\/v2\/pages\/2765\/revisions\/5281"}],"wp:attachment":[{"href":"https:\/\/www.fabalp.com\/fr\/wp-json\/wp\/v2\/media?parent=2765"}],"curies":[{"name":"wp","href":"https:\/\/api.w.org\/{rel}","templated":true}]}}