{"id":2754,"date":"2025-04-02T08:50:42","date_gmt":"2025-04-02T08:50:42","guid":{"rendered":"https:\/\/www.fabalp.com\/referanslarimiz\/"},"modified":"2025-10-23T07:34:40","modified_gmt":"2025-10-23T07:34:40","slug":"references","status":"publish","type":"page","link":"https:\/\/www.fabalp.com\/fr\/references\/","title":{"rendered":"R\u00e9f\u00e9rences"},"content":{"rendered":"\t\t<div data-elementor-type=\"wp-page\" data-elementor-id=\"2754\" class=\"elementor elementor-2754\">\n\t\t\t\t<div class=\"elementor-element elementor-element-2d819c9 e-flex e-con-boxed wpr-particle-no wpr-jarallax-no wpr-parallax-no wpr-sticky-section-no e-con e-parent\" data-id=\"2d819c9\" data-element_type=\"container\" data-e-type=\"container\" data-settings=\"{&quot;background_background&quot;:&quot;classic&quot;}\">\n\t\t\t\t\t<div class=\"e-con-inner\">\n\t\t\t\t<div class=\"elementor-element elementor-element-4651737 elementor-widget-divider--separator-type-pattern elementor-widget-divider--view-line elementor-widget elementor-widget-divider\" data-id=\"4651737\" data-element_type=\"widget\" data-e-type=\"widget\" data-widget_type=\"divider.default\">\n\t\t\t\t<div class=\"elementor-widget-container\">\n\t\t\t\t\t\t\t<div class=\"elementor-divider\" style=\"--divider-pattern-url: url(&quot;data:image\/svg+xml,%3Csvg xmlns=&#039;http:\/\/www.w3.org\/2000\/svg&#039; preserveAspectRatio=&#039;none&#039; overflow=&#039;visible&#039; height=&#039;100%&#039; viewBox=&#039;0 0 24 24&#039; fill=&#039;black&#039; stroke=&#039;none&#039;%3E%3Cpolygon points=&#039;9.4,2 24,2 14.6,21.6 0,21.6&#039;\/%3E%3C\/svg%3E&quot;);\">\n\t\t\t<span class=\"elementor-divider-separator\">\n\t\t\t\t\t\t<\/span>\n\t\t<\/div>\n\t\t\t\t\t\t<\/div>\n\t\t\t\t<\/div>\n\t\t\t\t<div class=\"elementor-element elementor-element-57fffe7 elementor-widget elementor-widget-heading\" data-id=\"57fffe7\" data-element_type=\"widget\" data-e-type=\"widget\" data-widget_type=\"heading.default\">\n\t\t\t\t<div class=\"elementor-widget-container\">\n\t\t\t\t\t<h2 class=\"elementor-heading-title elementor-size-default\">R\u00e9f\u00e9rences<\/h2>\t\t\t\t<\/div>\n\t\t\t\t<\/div>\n\t\t\t\t<div class=\"elementor-element elementor-element-4c27ee9 elementor-widget elementor-widget-heading\" data-id=\"4c27ee9\" data-element_type=\"widget\" data-e-type=\"widget\" data-widget_type=\"heading.default\">\n\t\t\t\t<div class=\"elementor-widget-container\">\n\t\t\t\t\t<h6 class=\"elementor-heading-title elementor-size-default\">R\u00e9f\u00e9rences de FABALP Machinery | Projets R\u00e9alis\u00e9s avec Succ\u00e8s et T\u00e9moignages Clients<\/h6>\t\t\t\t<\/div>\n\t\t\t\t<\/div>\n\t\t\t\t\t<\/div>\n\t\t\t\t<\/div>\n\t\t<div class=\"elementor-element elementor-element-a63d25d e-flex e-con-boxed wpr-particle-no wpr-jarallax-no wpr-parallax-no wpr-sticky-section-no e-con e-parent\" data-id=\"a63d25d\" data-element_type=\"container\" data-e-type=\"container\" data-settings=\"{&quot;background_background&quot;:&quot;classic&quot;}\">\n\t\t\t\t\t<div class=\"e-con-inner\">\n\t\t\t\t<div class=\"elementor-element elementor-element-a181a57 elementor-widget elementor-widget-text-editor\" data-id=\"a181a57\" data-element_type=\"widget\" data-e-type=\"widget\" data-widget_type=\"text-editor.default\">\n\t\t\t\t<div class=\"elementor-widget-container\">\n\t\t\t\t\t\t\t\t\t<p>En tant que FABALP Makine End\u00fcstrisi Sanayi ve Ticaret A.\u015e., nous tenons \u00e0 exprimer notre gratitude \u00e0 nos pr\u00e9cieux clients qui ont jou\u00e9 un r\u00f4le significatif dans notre succ\u00e8s dans l&rsquo;industrie. Ce fut un grand honneur pour nous de contribuer \u00e0 votre succ\u00e8s avec les solutions que nous fournissons dans les secteurs de l&rsquo;automobile et des syst\u00e8mes ferroviaires.<br \/>Votre confiance et collaboration dans chaque projet nous ont aid\u00e9s \u00e0 r\u00e9aliser notre vision dans les domaines de l&rsquo;automatisation industrielle, des syst\u00e8mes robotiques et des machines sur mesure gr\u00e2ce \u00e0 nos solutions d&rsquo;ing\u00e9nierie innovantes. Nous continuons de travailler pour vous fournir le service de la plus haute qualit\u00e9 et d\u00e9velopper des projets durables.<br \/>FABALP Makine se renforce chaque jour gr\u00e2ce \u00e0 son approche ax\u00e9e sur le client et son infrastructure technologique, continuant de cro\u00eetre avec vous pour cr\u00e9er des processus commerciaux efficaces.<br \/>Nous vous remercions une fois de plus pour votre confiance et votre coop\u00e9ration, et nous nous r\u00e9jouissons de travailler avec vous sur de futurs projets.<\/p>\t\t\t\t\t\t\t\t<\/div>\n\t\t\t\t<\/div>\n\t\t\t\t\t<\/div>\n\t\t\t\t<\/div>\n\t\t<div class=\"elementor-element elementor-element-b0001e1 e-flex e-con-boxed wpr-particle-no wpr-jarallax-no wpr-parallax-no wpr-sticky-section-no e-con e-parent\" data-id=\"b0001e1\" data-element_type=\"container\" data-e-type=\"container\" data-settings=\"{&quot;background_background&quot;:&quot;classic&quot;}\">\n\t\t\t\t\t<div class=\"e-con-inner\">\n\t\t\t\t<div class=\"elementor-element elementor-element-96c413e gallery-spacing-custom elementor-widget elementor-widget-image-gallery\" data-id=\"96c413e\" data-element_type=\"widget\" data-e-type=\"widget\" data-widget_type=\"image-gallery.default\">\n\t\t\t\t<div class=\"elementor-widget-container\">\n\t\t\t\t\t\t\t<div class=\"elementor-image-gallery\">\n\t\t\t<div id='gallery-1' class='gallery galleryid-2754 gallery-columns-4 gallery-size-full'><figure class='gallery-item'>\n\t\t\t<div class='gallery-icon landscape'>\n\t\t\t\t<img fetchpriority=\"high\" decoding=\"async\" width=\"300\" height=\"200\" src=\"https:\/\/www.fabalp.com\/wp-content\/uploads\/2025\/10\/togg-logo.jpg\" class=\"attachment-full size-full\" alt=\"\" \/>\n\t\t\t<\/div><\/figure><figure class='gallery-item'>\n\t\t\t<div class='gallery-icon landscape'>\n\t\t\t\t<img decoding=\"async\" width=\"300\" height=\"200\" src=\"https:\/\/www.fabalp.com\/wp-content\/uploads\/2025\/10\/feka-logo.jpg\" class=\"attachment-full size-full\" alt=\"\" \/>\n\t\t\t<\/div><\/figure><figure class='gallery-item'>\n\t\t\t<div class='gallery-icon landscape'>\n\t\t\t\t<img decoding=\"async\" width=\"300\" height=\"200\" src=\"https:\/\/www.fabalp.com\/wp-content\/uploads\/2025\/10\/rollmech-logo.jpg\" class=\"attachment-full size-full\" alt=\"\" \/>\n\t\t\t<\/div><\/figure><figure class='gallery-item'>\n\t\t\t<div class='gallery-icon landscape'>\n\t\t\t\t<img loading=\"lazy\" decoding=\"async\" width=\"300\" height=\"200\" src=\"https:\/\/www.fabalp.com\/wp-content\/uploads\/2025\/10\/ficaso-logo.jpg\" class=\"attachment-full size-full\" alt=\"\" \/>\n\t\t\t<\/div><\/figure><figure class='gallery-item'>\n\t\t\t<div class='gallery-icon landscape'>\n\t\t\t\t<img loading=\"lazy\" decoding=\"async\" width=\"300\" height=\"200\" src=\"https:\/\/www.fabalp.com\/wp-content\/uploads\/2025\/10\/demetal-logo.jpg\" class=\"attachment-full size-full\" alt=\"\" \/>\n\t\t\t<\/div><\/figure><figure class='gallery-item'>\n\t\t\t<div class='gallery-icon landscape'>\n\t\t\t\t<img loading=\"lazy\" decoding=\"async\" width=\"300\" height=\"200\" src=\"https:\/\/www.fabalp.com\/wp-content\/uploads\/2025\/10\/aka-logo.jpg\" class=\"attachment-full size-full\" alt=\"\" \/>\n\t\t\t<\/div><\/figure><figure class='gallery-item'>\n\t\t\t<div class='gallery-icon landscape'>\n\t\t\t\t<img loading=\"lazy\" decoding=\"async\" width=\"300\" height=\"200\" src=\"https:\/\/www.fabalp.com\/wp-content\/uploads\/2025\/10\/mfk-logo.jpg\" class=\"attachment-full size-full\" alt=\"\" \/>\n\t\t\t<\/div><\/figure><figure class='gallery-item'>\n\t\t\t<div class='gallery-icon landscape'>\n\t\t\t\t<img loading=\"lazy\" decoding=\"async\" width=\"300\" height=\"200\" src=\"https:\/\/www.fabalp.com\/wp-content\/uploads\/2025\/10\/ons-logo.jpg\" class=\"attachment-full size-full\" alt=\"\" \/>\n\t\t\t<\/div><\/figure><figure class='gallery-item'>\n\t\t\t<div class='gallery-icon landscape'>\n\t\t\t\t<img loading=\"lazy\" decoding=\"async\" width=\"300\" height=\"200\" src=\"https:\/\/www.fabalp.com\/wp-content\/uploads\/2025\/10\/logo-nevpa.jpg\" class=\"attachment-full size-full\" alt=\"\" \/>\n\t\t\t<\/div><\/figure><figure class='gallery-item'>\n\t\t\t<div class='gallery-icon landscape'>\n\t\t\t\t<img loading=\"lazy\" decoding=\"async\" width=\"300\" height=\"200\" src=\"https:\/\/www.fabalp.com\/wp-content\/uploads\/2025\/10\/otokar-log.jpg\" class=\"attachment-full size-full\" alt=\"\" \/>\n\t\t\t<\/div><\/figure><figure class='gallery-item'>\n\t\t\t<div class='gallery-icon landscape'>\n\t\t\t\t<img loading=\"lazy\" decoding=\"async\" width=\"300\" height=\"200\" src=\"https:\/\/www.fabalp.com\/wp-content\/uploads\/2025\/10\/iveco-log.jpg\" class=\"attachment-full size-full\" alt=\"\" \/>\n\t\t\t<\/div><\/figure>\n\t\t<\/div>\n\t\t<\/div>\n\t\t\t\t\t\t<\/div>\n\t\t\t\t<\/div>\n\t\t\t\t\t<\/div>\n\t\t\t\t<\/div>\n\t\t\t\t<\/div>\n\t\t","protected":false},"excerpt":{"rendered":"<p>R\u00e9f\u00e9rences R\u00e9f\u00e9rences de FABALP Machinery | Projets R\u00e9alis\u00e9s avec Succ\u00e8s et T\u00e9moignages Clients En tant que FABALP Makine End\u00fcstrisi Sanayi ve Ticaret A.\u015e., nous tenons \u00e0 exprimer notre gratitude \u00e0 nos pr\u00e9cieux clients qui ont jou\u00e9 un r\u00f4le significatif dans notre succ\u00e8s dans l&rsquo;industrie. Ce fut un grand honneur pour nous de contribuer \u00e0 votre succ\u00e8s avec les solutions que nous fournissons dans les secteurs de l&rsquo;automobile et des syst\u00e8mes ferroviaires.Votre confiance et collaboration dans chaque projet nous ont aid\u00e9s \u00e0 r\u00e9aliser notre vision dans les domaines de l&rsquo;automatisation industrielle, des syst\u00e8mes robotiques et des machines sur mesure gr\u00e2ce \u00e0 nos solutions d&rsquo;ing\u00e9nierie innovantes. Nous continuons de travailler pour vous fournir le service de la plus haute qualit\u00e9 et d\u00e9velopper des projets durables.FABALP Makine se renforce chaque jour gr\u00e2ce \u00e0 son approche ax\u00e9e sur le client et son infrastructure technologique, continuant de cro\u00eetre avec vous pour cr\u00e9er des processus commerciaux efficaces.Nous vous remercions une fois de plus pour votre confiance et votre coop\u00e9ration, et nous nous r\u00e9jouissons de travailler avec vous sur de futurs projets.<\/p>\n","protected":false},"author":1,"featured_media":0,"parent":0,"menu_order":0,"comment_status":"closed","ping_status":"closed","template":"","meta":{"site-sidebar-layout":"no-sidebar","site-content-layout":"page-builder","ast-site-content-layout":"full-width-container","site-content-style":"default","site-sidebar-style":"default","ast-global-header-display":"","ast-banner-title-visibility":"","ast-main-header-display":"","ast-hfb-above-header-display":"","ast-hfb-below-header-display":"","ast-hfb-mobile-header-display":"","site-post-title":"disabled","ast-breadcrumbs-content":"","ast-featured-img":"disabled","footer-sml-layout":"","ast-disable-related-posts":"","theme-transparent-header-meta":"","adv-header-id-meta":"","stick-header-meta":"","header-above-stick-meta":"","header-main-stick-meta":"","header-below-stick-meta":"","astra-migrate-meta-layouts":"set","ast-page-background-enabled":"default","ast-page-background-meta":{"desktop":{"background-color":"","background-image":"","background-repeat":"repeat","background-position":"center center","background-size":"auto","background-attachment":"scroll","background-type":"","background-media":"","overlay-type":"","overlay-color":"","overlay-opacity":"","overlay-gradient":""},"tablet":{"background-color":"","background-image":"","background-repeat":"repeat","background-position":"center center","background-size":"auto","background-attachment":"scroll","background-type":"","background-media":"","overlay-type":"","overlay-color":"","overlay-opacity":"","overlay-gradient":""},"mobile":{"background-color":"","background-image":"","background-repeat":"repeat","background-position":"center center","background-size":"auto","background-attachment":"scroll","background-type":"","background-media":"","overlay-type":"","overlay-color":"","overlay-opacity":"","overlay-gradient":""}},"ast-content-background-meta":{"desktop":{"background-color":"var(--ast-global-color-5)","background-image":"","background-repeat":"repeat","background-position":"center center","background-size":"auto","background-attachment":"scroll","background-type":"","background-media":"","overlay-type":"","overlay-color":"","overlay-opacity":"","overlay-gradient":""},"tablet":{"background-color":"var(--ast-global-color-5)","background-image":"","background-repeat":"repeat","background-position":"center center","background-size":"auto","background-attachment":"scroll","background-type":"","background-media":"","overlay-type":"","overlay-color":"","overlay-opacity":"","overlay-gradient":""},"mobile":{"background-color":"var(--ast-global-color-5)","background-image":"","background-repeat":"repeat","background-position":"center center","background-size":"auto","background-attachment":"scroll","background-type":"","background-media":"","overlay-type":"","overlay-color":"","overlay-opacity":"","overlay-gradient":""}},"footnotes":""},"class_list":["post-2754","page","type-page","status-publish","hentry"],"aioseo_notices":[],"_links":{"self":[{"href":"https:\/\/www.fabalp.com\/fr\/wp-json\/wp\/v2\/pages\/2754","targetHints":{"allow":["GET"]}}],"collection":[{"href":"https:\/\/www.fabalp.com\/fr\/wp-json\/wp\/v2\/pages"}],"about":[{"href":"https:\/\/www.fabalp.com\/fr\/wp-json\/wp\/v2\/types\/page"}],"author":[{"embeddable":true,"href":"https:\/\/www.fabalp.com\/fr\/wp-json\/wp\/v2\/users\/1"}],"replies":[{"embeddable":true,"href":"https:\/\/www.fabalp.com\/fr\/wp-json\/wp\/v2\/comments?post=2754"}],"version-history":[{"count":42,"href":"https:\/\/www.fabalp.com\/fr\/wp-json\/wp\/v2\/pages\/2754\/revisions"}],"predecessor-version":[{"id":7067,"href":"https:\/\/www.fabalp.com\/fr\/wp-json\/wp\/v2\/pages\/2754\/revisions\/7067"}],"wp:attachment":[{"href":"https:\/\/www.fabalp.com\/fr\/wp-json\/wp\/v2\/media?parent=2754"}],"curies":[{"name":"wp","href":"https:\/\/api.w.org\/{rel}","templated":true}]}}