{"id":2715,"date":"2025-04-04T10:41:00","date_gmt":"2025-04-04T10:41:00","guid":{"rendered":"https:\/\/www.fabalp.com\/tasarim-ve-muhendislik-cozumleri\/"},"modified":"2025-05-20T09:02:41","modified_gmt":"2025-05-20T09:02:41","slug":"conception-et-ingenierie","status":"publish","type":"page","link":"https:\/\/www.fabalp.com\/fr\/conception-et-ingenierie\/","title":{"rendered":"Conception et Ing\u00e9nierie"},"content":{"rendered":"\t\t<div data-elementor-type=\"wp-page\" data-elementor-id=\"2715\" class=\"elementor elementor-2715\">\n\t\t\t\t<div class=\"elementor-element elementor-element-f81d53b e-flex e-con-boxed wpr-particle-no wpr-jarallax-no wpr-parallax-no wpr-sticky-section-no e-con e-parent\" data-id=\"f81d53b\" data-element_type=\"container\" data-e-type=\"container\" data-settings=\"{&quot;background_background&quot;:&quot;classic&quot;}\">\n\t\t\t\t\t<div class=\"e-con-inner\">\n\t\t\t\t<div class=\"elementor-element elementor-element-57bc54a elementor-widget-divider--separator-type-pattern elementor-widget-divider--view-line elementor-widget elementor-widget-divider\" data-id=\"57bc54a\" data-element_type=\"widget\" data-e-type=\"widget\" data-widget_type=\"divider.default\">\n\t\t\t\t<div class=\"elementor-widget-container\">\n\t\t\t\t\t\t\t<div class=\"elementor-divider\" style=\"--divider-pattern-url: url(&quot;data:image\/svg+xml,%3Csvg xmlns=&#039;http:\/\/www.w3.org\/2000\/svg&#039; preserveAspectRatio=&#039;none&#039; overflow=&#039;visible&#039; height=&#039;100%&#039; viewBox=&#039;0 0 24 24&#039; fill=&#039;black&#039; stroke=&#039;none&#039;%3E%3Cpolygon points=&#039;9.4,2 24,2 14.6,21.6 0,21.6&#039;\/%3E%3C\/svg%3E&quot;);\">\n\t\t\t<span class=\"elementor-divider-separator\">\n\t\t\t\t\t\t<\/span>\n\t\t<\/div>\n\t\t\t\t\t\t<\/div>\n\t\t\t\t<\/div>\n\t\t\t\t<div class=\"elementor-element elementor-element-967fd27 elementor-widget elementor-widget-heading\" data-id=\"967fd27\" data-element_type=\"widget\" data-e-type=\"widget\" data-widget_type=\"heading.default\">\n\t\t\t\t<div class=\"elementor-widget-container\">\n\t\t\t\t\t<h2 class=\"elementor-heading-title elementor-size-default\">Conception et ing\u00e9nierie<\/h2>\t\t\t\t<\/div>\n\t\t\t\t<\/div>\n\t\t\t\t<div class=\"elementor-element elementor-element-cec2a05 elementor-widget elementor-widget-heading\" data-id=\"cec2a05\" data-element_type=\"widget\" data-e-type=\"widget\" data-widget_type=\"heading.default\">\n\t\t\t\t<div class=\"elementor-widget-container\">\n\t\t\t\t\t<h6 class=\"elementor-heading-title elementor-size-default\">Services de Conception et d'Ing\u00e9nierie | Conception de Machines Personnalis\u00e9es et Solutions d'Ing\u00e9nierie<\/h6>\t\t\t\t<\/div>\n\t\t\t\t<\/div>\n\t\t\t\t\t<\/div>\n\t\t\t\t<\/div>\n\t\t\t\t<section class=\"elementor-section elementor-top-section elementor-element elementor-element-abe2b49 elementor-section-content-top elementor-section-boxed elementor-section-height-default elementor-section-height-default wpr-particle-no wpr-jarallax-no wpr-parallax-no wpr-sticky-section-no\" data-id=\"abe2b49\" data-element_type=\"section\" data-e-type=\"section\" data-settings=\"{&quot;background_background&quot;:&quot;classic&quot;}\">\n\t\t\t\t\t\t\t<div class=\"elementor-background-overlay\"><\/div>\n\t\t\t\t\t\t\t<div class=\"elementor-container elementor-column-gap-no\">\n\t\t\t\t\t<div class=\"elementor-column elementor-col-100 elementor-top-column elementor-element elementor-element-0780e19\" data-id=\"0780e19\" data-element_type=\"column\" data-e-type=\"column\">\n\t\t\t<div class=\"elementor-widget-wrap elementor-element-populated\">\n\t\t\t\t\t\t<div class=\"elementor-element elementor-element-a750807 elementor-widget elementor-widget-text-editor\" data-id=\"a750807\" data-element_type=\"widget\" data-e-type=\"widget\" data-widget_type=\"text-editor.default\">\n\t\t\t\t<div class=\"elementor-widget-container\">\n\t\t\t\t\t\t\t\t\t<p>Chez FABALP Makine End\u00fcstrisi Sanayi ve Ticaret A.\u015e., avec plus de 15 ans d&rsquo;exp\u00e9rience dans l&rsquo;industrie, nous offrons des solutions innovantes et fiables pour tous types de besoins en conception et ing\u00e9nierie industrielle. Gr\u00e2ce \u00e0 notre \u00e9quipe d&rsquo;ing\u00e9nieurs exp\u00e9riment\u00e9s et \u00e0 notre infrastructure technique avanc\u00e9e, nous r\u00e9alisons les projets de nos clients en respectant les plus hauts standards de qualit\u00e9.<\/p><p>Notre \u00e9quipe d&rsquo;ing\u00e9nierie se sp\u00e9cialise dans de nombreux domaines tels que la conception industrielle, les syst\u00e8mes robotiques, les solutions d&rsquo;automatisation et les machines sur mesure. En utilisant le logiciel CATIA V5, nous sommes capables de r\u00e9aliser les conceptions les plus complexes et les plus pr\u00e9cises. CATIA V5 garantit le succ\u00e8s de nos projets gr\u00e2ce \u00e0 sa grande pr\u00e9cision, ses fonctionnalit\u00e9s avanc\u00e9es de mod\u00e9lisation 3D et de simulation dans la conception industrielle.<\/p><p>Dans chaque projet, nous avan\u00e7ons avec des solutions rapides et une approche innovante en ing\u00e9nierie; nous g\u00e9rons m\u00e9ticuleusement chaque \u00e9tape de nos produits avec l&rsquo;optimisation des processus, l&rsquo;am\u00e9lioration de l&rsquo;efficacit\u00e9 et des techniques avanc\u00e9es de simulation. Afin de r\u00e9pondre au mieux aux attentes de nos clients, nous offrons des conceptions personnalis\u00e9es et des solutions d&rsquo;ing\u00e9nierie dans chaque projet.<\/p><p>FABALP Makine, en tant que partenaire innovant et fiable dans le domaine de l&rsquo;ing\u00e9nierie et de la conception, vise toujours \u00e0 cro\u00eetre avec vous.<\/p>\t\t\t\t\t\t\t\t<\/div>\n\t\t\t\t<\/div>\n\t\t\t\t\t<\/div>\n\t\t<\/div>\n\t\t\t\t\t<\/div>\n\t\t<\/section>\n\t\t\t\t<\/div>\n\t\t","protected":false},"excerpt":{"rendered":"<p>Conception et ing\u00e9nierie Services de Conception et d&rsquo;Ing\u00e9nierie | Conception de Machines Personnalis\u00e9es et Solutions d&rsquo;Ing\u00e9nierie Chez FABALP Makine End\u00fcstrisi Sanayi ve Ticaret A.\u015e., avec plus de 15 ans d&rsquo;exp\u00e9rience dans l&rsquo;industrie, nous offrons des solutions innovantes et fiables pour tous types de besoins en conception et ing\u00e9nierie industrielle. Gr\u00e2ce \u00e0 notre \u00e9quipe d&rsquo;ing\u00e9nieurs exp\u00e9riment\u00e9s et \u00e0 notre infrastructure technique avanc\u00e9e, nous r\u00e9alisons les projets de nos clients en respectant les plus hauts standards de qualit\u00e9. Notre \u00e9quipe d&rsquo;ing\u00e9nierie se sp\u00e9cialise dans de nombreux domaines tels que la conception industrielle, les syst\u00e8mes robotiques, les solutions d&rsquo;automatisation et les machines sur mesure. En utilisant le logiciel CATIA V5, nous sommes capables de r\u00e9aliser les conceptions les plus complexes et les plus pr\u00e9cises. CATIA V5 garantit le succ\u00e8s de nos projets gr\u00e2ce \u00e0 sa grande pr\u00e9cision, ses fonctionnalit\u00e9s avanc\u00e9es de mod\u00e9lisation 3D et de simulation dans la conception industrielle. Dans chaque projet, nous avan\u00e7ons avec des solutions rapides et une approche innovante en ing\u00e9nierie; nous g\u00e9rons m\u00e9ticuleusement chaque \u00e9tape de nos produits avec l&rsquo;optimisation des processus, l&rsquo;am\u00e9lioration de l&rsquo;efficacit\u00e9 et des techniques avanc\u00e9es de simulation. Afin de r\u00e9pondre au mieux aux attentes de nos clients, nous offrons des conceptions personnalis\u00e9es et des solutions d&rsquo;ing\u00e9nierie dans chaque projet. FABALP Makine, en tant que partenaire innovant et fiable dans le domaine de l&rsquo;ing\u00e9nierie et de la conception, vise toujours \u00e0 cro\u00eetre avec vous.<\/p>\n","protected":false},"author":1,"featured_media":0,"parent":0,"menu_order":0,"comment_status":"closed","ping_status":"closed","template":"","meta":{"site-sidebar-layout":"no-sidebar","site-content-layout":"page-builder","ast-site-content-layout":"full-width-container","site-content-style":"unboxed","site-sidebar-style":"unboxed","ast-global-header-display":"","ast-banner-title-visibility":"","ast-main-header-display":"","ast-hfb-above-header-display":"","ast-hfb-below-header-display":"","ast-hfb-mobile-header-display":"","site-post-title":"disabled","ast-breadcrumbs-content":"disabled","ast-featured-img":"disabled","footer-sml-layout":"","ast-disable-related-posts":"","theme-transparent-header-meta":"enabled","adv-header-id-meta":"","stick-header-meta":"","header-above-stick-meta":"","header-main-stick-meta":"","header-below-stick-meta":"","astra-migrate-meta-layouts":"set","ast-page-background-enabled":"default","ast-page-background-meta":{"desktop":{"background-color":"","background-image":"","background-repeat":"repeat","background-position":"center center","background-size":"auto","background-attachment":"scroll","background-type":"","background-media":"","overlay-type":"","overlay-color":"","overlay-opacity":"","overlay-gradient":""},"tablet":{"background-color":"","background-image":"","background-repeat":"repeat","background-position":"center center","background-size":"auto","background-attachment":"scroll","background-type":"","background-media":"","overlay-type":"","overlay-color":"","overlay-opacity":"","overlay-gradient":""},"mobile":{"background-color":"","background-image":"","background-repeat":"repeat","background-position":"center center","background-size":"auto","background-attachment":"scroll","background-type":"","background-media":"","overlay-type":"","overlay-color":"","overlay-opacity":"","overlay-gradient":""}},"ast-content-background-meta":{"desktop":{"background-color":"var(--ast-global-color-5)","background-image":"","background-repeat":"repeat","background-position":"center center","background-size":"auto","background-attachment":"scroll","background-type":"","background-media":"","overlay-type":"","overlay-color":"","overlay-opacity":"","overlay-gradient":""},"tablet":{"background-color":"var(--ast-global-color-5)","background-image":"","background-repeat":"repeat","background-position":"center center","background-size":"auto","background-attachment":"scroll","background-type":"","background-media":"","overlay-type":"","overlay-color":"","overlay-opacity":"","overlay-gradient":""},"mobile":{"background-color":"var(--ast-global-color-5)","background-image":"","background-repeat":"repeat","background-position":"center center","background-size":"auto","background-attachment":"scroll","background-type":"","background-media":"","overlay-type":"","overlay-color":"","overlay-opacity":"","overlay-gradient":""}},"footnotes":""},"class_list":["post-2715","page","type-page","status-publish","hentry"],"aioseo_notices":[],"_links":{"self":[{"href":"https:\/\/www.fabalp.com\/fr\/wp-json\/wp\/v2\/pages\/2715","targetHints":{"allow":["GET"]}}],"collection":[{"href":"https:\/\/www.fabalp.com\/fr\/wp-json\/wp\/v2\/pages"}],"about":[{"href":"https:\/\/www.fabalp.com\/fr\/wp-json\/wp\/v2\/types\/page"}],"author":[{"embeddable":true,"href":"https:\/\/www.fabalp.com\/fr\/wp-json\/wp\/v2\/users\/1"}],"replies":[{"embeddable":true,"href":"https:\/\/www.fabalp.com\/fr\/wp-json\/wp\/v2\/comments?post=2715"}],"version-history":[{"count":16,"href":"https:\/\/www.fabalp.com\/fr\/wp-json\/wp\/v2\/pages\/2715\/revisions"}],"predecessor-version":[{"id":5175,"href":"https:\/\/www.fabalp.com\/fr\/wp-json\/wp\/v2\/pages\/2715\/revisions\/5175"}],"wp:attachment":[{"href":"https:\/\/www.fabalp.com\/fr\/wp-json\/wp\/v2\/media?parent=2715"}],"curies":[{"name":"wp","href":"https:\/\/api.w.org\/{rel}","templated":true}]}}