{"id":2711,"date":"2025-04-04T10:42:00","date_gmt":"2025-04-04T10:42:00","guid":{"rendered":"https:\/\/www.fabalp.com\/kaynakli-imalat-cozumleri\/"},"modified":"2025-05-20T08:24:28","modified_gmt":"2025-05-20T08:24:28","slug":"fabrication-soudee","status":"publish","type":"page","link":"https:\/\/www.fabalp.com\/fr\/fabrication-soudee\/","title":{"rendered":"Fabrication Soud\u00e9e"},"content":{"rendered":"\t\t<div data-elementor-type=\"wp-page\" data-elementor-id=\"2711\" class=\"elementor elementor-2711\">\n\t\t\t\t<div class=\"elementor-element elementor-element-f81d53b e-flex e-con-boxed wpr-particle-no wpr-jarallax-no wpr-parallax-no wpr-sticky-section-no e-con e-parent\" data-id=\"f81d53b\" data-element_type=\"container\" data-e-type=\"container\" data-settings=\"{&quot;background_background&quot;:&quot;classic&quot;}\">\n\t\t\t\t\t<div class=\"e-con-inner\">\n\t\t\t\t<div class=\"elementor-element elementor-element-57bc54a elementor-widget-divider--separator-type-pattern elementor-widget-divider--view-line elementor-widget elementor-widget-divider\" data-id=\"57bc54a\" data-element_type=\"widget\" data-e-type=\"widget\" data-widget_type=\"divider.default\">\n\t\t\t\t<div class=\"elementor-widget-container\">\n\t\t\t\t\t\t\t<div class=\"elementor-divider\" style=\"--divider-pattern-url: url(&quot;data:image\/svg+xml,%3Csvg xmlns=&#039;http:\/\/www.w3.org\/2000\/svg&#039; preserveAspectRatio=&#039;none&#039; overflow=&#039;visible&#039; height=&#039;100%&#039; viewBox=&#039;0 0 24 24&#039; fill=&#039;black&#039; stroke=&#039;none&#039;%3E%3Cpolygon points=&#039;9.4,2 24,2 14.6,21.6 0,21.6&#039;\/%3E%3C\/svg%3E&quot;);\">\n\t\t\t<span class=\"elementor-divider-separator\">\n\t\t\t\t\t\t<\/span>\n\t\t<\/div>\n\t\t\t\t\t\t<\/div>\n\t\t\t\t<\/div>\n\t\t\t\t<div class=\"elementor-element elementor-element-967fd27 elementor-widget elementor-widget-heading\" data-id=\"967fd27\" data-element_type=\"widget\" data-e-type=\"widget\" data-widget_type=\"heading.default\">\n\t\t\t\t<div class=\"elementor-widget-container\">\n\t\t\t\t\t<h2 class=\"elementor-heading-title elementor-size-default\">Fabrication Soud\u00e9e<\/h2>\t\t\t\t<\/div>\n\t\t\t\t<\/div>\n\t\t\t\t<div class=\"elementor-element elementor-element-3bfc92c elementor-widget elementor-widget-heading\" data-id=\"3bfc92c\" data-element_type=\"widget\" data-e-type=\"widget\" data-widget_type=\"heading.default\">\n\t\t\t\t<div class=\"elementor-widget-container\">\n\t\t\t\t\t<h6 class=\"elementor-heading-title elementor-size-default\">Solutions de Fabrication Soud\u00e9e | Syst\u00e8mes de Soudage Industriels et Production de Haute Qualit\u00e9<\/h6>\t\t\t\t<\/div>\n\t\t\t\t<\/div>\n\t\t\t\t\t<\/div>\n\t\t\t\t<\/div>\n\t\t\t\t<section class=\"elementor-section elementor-top-section elementor-element elementor-element-abe2b49 elementor-section-content-top elementor-section-boxed elementor-section-height-default elementor-section-height-default wpr-particle-no wpr-jarallax-no wpr-parallax-no wpr-sticky-section-no\" data-id=\"abe2b49\" data-element_type=\"section\" data-e-type=\"section\" data-settings=\"{&quot;background_background&quot;:&quot;classic&quot;}\">\n\t\t\t\t\t\t\t<div class=\"elementor-background-overlay\"><\/div>\n\t\t\t\t\t\t\t<div class=\"elementor-container elementor-column-gap-no\">\n\t\t\t\t\t<div class=\"elementor-column elementor-col-100 elementor-top-column elementor-element elementor-element-0780e19\" data-id=\"0780e19\" data-element_type=\"column\" data-e-type=\"column\">\n\t\t\t<div class=\"elementor-widget-wrap elementor-element-populated\">\n\t\t\t\t\t\t<div class=\"elementor-element elementor-element-a750807 elementor-widget elementor-widget-text-editor\" data-id=\"a750807\" data-element_type=\"widget\" data-e-type=\"widget\" data-widget_type=\"text-editor.default\">\n\t\t\t\t<div class=\"elementor-widget-container\">\n\t\t\t\t\t\t\t\t\t<p>Chez FABALP Makine End\u00fcstrisi Sanayi ve Ticaret A.\u015e., nous avons une vaste exp\u00e9rience et des connaissances techniques en fabrication soud\u00e9e. Avec des technologies avanc\u00e9es et notre \u00e9quipe d&rsquo;ing\u00e9nieurs experts, nous proposons des solutions de fabrication soud\u00e9e de haute qualit\u00e9 dans le secteur industriel. Dans des domaines tels que l&rsquo;automobile, les syst\u00e8mes ferroviaires et la fabrication de machines, nous d\u00e9veloppons des solutions personnalis\u00e9es pour r\u00e9pondre \u00e0 tous vos besoins en fabrication soud\u00e9e.<\/p><p>Dans nos processus de fabrication soud\u00e9e, nous garantissons une haute efficacit\u00e9 et qualit\u00e9 en utilisant diff\u00e9rentes m\u00e9thodes, telles que des dispositifs de soudage, des syst\u00e8mes de soudage robotiques et des op\u00e9rations de soudage manuel. Dans chaque projet, nous atteignons une s\u00e9curit\u00e9 et une durabilit\u00e9 maximales gr\u00e2ce \u00e0 des techniques pr\u00e9cises et un savoir-faire de qualit\u00e9. De plus, nous am\u00e9liorons vos processus de production en offrant des services suppl\u00e9mentaires, tels que l&rsquo;assemblage soud\u00e9 et les traitements de surface, pour rendre les processus plus rapides et plus efficaces.<\/p><p>FABALP Makine optimise les processus de fabrication dans la production soud\u00e9e avec des syst\u00e8mes robotiques et des solutions d&rsquo;automatisation. Gr\u00e2ce \u00e0 la grande vitesse et \u00e0 la qualit\u00e9 que nous obtenons sur les lignes de soudage, nous r\u00e9alisons vos projets dans les plus brefs d\u00e9lais et \u00e0 moindre co\u00fbt. En outre, gr\u00e2ce \u00e0 un savoir-faire qualifi\u00e9 et \u00e0 des techniques de soudage avanc\u00e9es, nous offrons une qualit\u00e9 de soudage sup\u00e9rieure pour tous les types de surfaces m\u00e9talliques.<\/p><p>\u00c0 chaque \u00e9tape de vos projets, nous proposons des solutions de fabrication soud\u00e9e personnalis\u00e9es pour garantir l&rsquo;excellence et l&rsquo;efficacit\u00e9. Avec des performances \u00e9lev\u00e9es et une grande flexibilit\u00e9 dans les processus de soudage, nous menons \u00e0 bien vos projets industriels avec succ\u00e8s.<\/p>\t\t\t\t\t\t\t\t<\/div>\n\t\t\t\t<\/div>\n\t\t\t\t\t<\/div>\n\t\t<\/div>\n\t\t\t\t\t<\/div>\n\t\t<\/section>\n\t\t\t\t<\/div>\n\t\t","protected":false},"excerpt":{"rendered":"<p>Fabrication Soud\u00e9e Solutions de Fabrication Soud\u00e9e | Syst\u00e8mes de Soudage Industriels et Production de Haute Qualit\u00e9 Chez FABALP Makine End\u00fcstrisi Sanayi ve Ticaret A.\u015e., nous avons une vaste exp\u00e9rience et des connaissances techniques en fabrication soud\u00e9e. Avec des technologies avanc\u00e9es et notre \u00e9quipe d&rsquo;ing\u00e9nieurs experts, nous proposons des solutions de fabrication soud\u00e9e de haute qualit\u00e9 dans le secteur industriel. Dans des domaines tels que l&rsquo;automobile, les syst\u00e8mes ferroviaires et la fabrication de machines, nous d\u00e9veloppons des solutions personnalis\u00e9es pour r\u00e9pondre \u00e0 tous vos besoins en fabrication soud\u00e9e. Dans nos processus de fabrication soud\u00e9e, nous garantissons une haute efficacit\u00e9 et qualit\u00e9 en utilisant diff\u00e9rentes m\u00e9thodes, telles que des dispositifs de soudage, des syst\u00e8mes de soudage robotiques et des op\u00e9rations de soudage manuel. Dans chaque projet, nous atteignons une s\u00e9curit\u00e9 et une durabilit\u00e9 maximales gr\u00e2ce \u00e0 des techniques pr\u00e9cises et un savoir-faire de qualit\u00e9. De plus, nous am\u00e9liorons vos processus de production en offrant des services suppl\u00e9mentaires, tels que l&rsquo;assemblage soud\u00e9 et les traitements de surface, pour rendre les processus plus rapides et plus efficaces. FABALP Makine optimise les processus de fabrication dans la production soud\u00e9e avec des syst\u00e8mes robotiques et des solutions d&rsquo;automatisation. Gr\u00e2ce \u00e0 la grande vitesse et \u00e0 la qualit\u00e9 que nous obtenons sur les lignes de soudage, nous r\u00e9alisons vos projets dans les plus brefs d\u00e9lais et \u00e0 moindre co\u00fbt. En outre, gr\u00e2ce \u00e0 un savoir-faire qualifi\u00e9 et \u00e0 des techniques de soudage avanc\u00e9es, nous offrons une qualit\u00e9 de soudage sup\u00e9rieure pour tous les types de surfaces m\u00e9talliques. \u00c0 chaque \u00e9tape de vos projets, nous proposons des solutions de fabrication soud\u00e9e personnalis\u00e9es pour garantir l&rsquo;excellence et l&rsquo;efficacit\u00e9. Avec des performances \u00e9lev\u00e9es et une grande flexibilit\u00e9 dans les processus de soudage, nous menons \u00e0 bien vos projets industriels avec succ\u00e8s.<\/p>\n","protected":false},"author":1,"featured_media":0,"parent":0,"menu_order":0,"comment_status":"closed","ping_status":"closed","template":"","meta":{"site-sidebar-layout":"no-sidebar","site-content-layout":"page-builder","ast-site-content-layout":"full-width-container","site-content-style":"unboxed","site-sidebar-style":"unboxed","ast-global-header-display":"","ast-banner-title-visibility":"","ast-main-header-display":"","ast-hfb-above-header-display":"","ast-hfb-below-header-display":"","ast-hfb-mobile-header-display":"","site-post-title":"disabled","ast-breadcrumbs-content":"disabled","ast-featured-img":"disabled","footer-sml-layout":"","ast-disable-related-posts":"","theme-transparent-header-meta":"enabled","adv-header-id-meta":"","stick-header-meta":"","header-above-stick-meta":"","header-main-stick-meta":"","header-below-stick-meta":"","astra-migrate-meta-layouts":"set","ast-page-background-enabled":"default","ast-page-background-meta":{"desktop":{"background-color":"","background-image":"","background-repeat":"repeat","background-position":"center center","background-size":"auto","background-attachment":"scroll","background-type":"","background-media":"","overlay-type":"","overlay-color":"","overlay-opacity":"","overlay-gradient":""},"tablet":{"background-color":"","background-image":"","background-repeat":"repeat","background-position":"center center","background-size":"auto","background-attachment":"scroll","background-type":"","background-media":"","overlay-type":"","overlay-color":"","overlay-opacity":"","overlay-gradient":""},"mobile":{"background-color":"","background-image":"","background-repeat":"repeat","background-position":"center center","background-size":"auto","background-attachment":"scroll","background-type":"","background-media":"","overlay-type":"","overlay-color":"","overlay-opacity":"","overlay-gradient":""}},"ast-content-background-meta":{"desktop":{"background-color":"var(--ast-global-color-5)","background-image":"","background-repeat":"repeat","background-position":"center center","background-size":"auto","background-attachment":"scroll","background-type":"","background-media":"","overlay-type":"","overlay-color":"","overlay-opacity":"","overlay-gradient":""},"tablet":{"background-color":"var(--ast-global-color-5)","background-image":"","background-repeat":"repeat","background-position":"center center","background-size":"auto","background-attachment":"scroll","background-type":"","background-media":"","overlay-type":"","overlay-color":"","overlay-opacity":"","overlay-gradient":""},"mobile":{"background-color":"var(--ast-global-color-5)","background-image":"","background-repeat":"repeat","background-position":"center center","background-size":"auto","background-attachment":"scroll","background-type":"","background-media":"","overlay-type":"","overlay-color":"","overlay-opacity":"","overlay-gradient":""}},"footnotes":""},"class_list":["post-2711","page","type-page","status-publish","hentry"],"aioseo_notices":[],"_links":{"self":[{"href":"https:\/\/www.fabalp.com\/fr\/wp-json\/wp\/v2\/pages\/2711","targetHints":{"allow":["GET"]}}],"collection":[{"href":"https:\/\/www.fabalp.com\/fr\/wp-json\/wp\/v2\/pages"}],"about":[{"href":"https:\/\/www.fabalp.com\/fr\/wp-json\/wp\/v2\/types\/page"}],"author":[{"embeddable":true,"href":"https:\/\/www.fabalp.com\/fr\/wp-json\/wp\/v2\/users\/1"}],"replies":[{"embeddable":true,"href":"https:\/\/www.fabalp.com\/fr\/wp-json\/wp\/v2\/comments?post=2711"}],"version-history":[{"count":20,"href":"https:\/\/www.fabalp.com\/fr\/wp-json\/wp\/v2\/pages\/2711\/revisions"}],"predecessor-version":[{"id":5012,"href":"https:\/\/www.fabalp.com\/fr\/wp-json\/wp\/v2\/pages\/2711\/revisions\/5012"}],"wp:attachment":[{"href":"https:\/\/www.fabalp.com\/fr\/wp-json\/wp\/v2\/media?parent=2711"}],"curies":[{"name":"wp","href":"https:\/\/api.w.org\/{rel}","templated":true}]}}