{"id":2708,"date":"2025-04-04T10:42:58","date_gmt":"2025-04-04T10:42:58","guid":{"rendered":"https:\/\/www.fabalp.com\/otomasyon-cozumleri\/"},"modified":"2025-05-20T09:12:30","modified_gmt":"2025-05-20T09:12:30","slug":"automatisation","status":"publish","type":"page","link":"https:\/\/www.fabalp.com\/fr\/automatisation\/","title":{"rendered":"Automatisation"},"content":{"rendered":"\t\t<div data-elementor-type=\"wp-page\" data-elementor-id=\"2708\" class=\"elementor elementor-2708\">\n\t\t\t\t<div class=\"elementor-element elementor-element-f81d53b e-flex e-con-boxed wpr-particle-no wpr-jarallax-no wpr-parallax-no wpr-sticky-section-no e-con e-parent\" data-id=\"f81d53b\" data-element_type=\"container\" data-e-type=\"container\" data-settings=\"{&quot;background_background&quot;:&quot;classic&quot;}\">\n\t\t\t\t\t<div class=\"e-con-inner\">\n\t\t\t\t<div class=\"elementor-element elementor-element-57bc54a elementor-widget-divider--separator-type-pattern elementor-widget-divider--view-line elementor-widget elementor-widget-divider\" data-id=\"57bc54a\" data-element_type=\"widget\" data-e-type=\"widget\" data-widget_type=\"divider.default\">\n\t\t\t\t<div class=\"elementor-widget-container\">\n\t\t\t\t\t\t\t<div class=\"elementor-divider\" style=\"--divider-pattern-url: url(&quot;data:image\/svg+xml,%3Csvg xmlns=&#039;http:\/\/www.w3.org\/2000\/svg&#039; preserveAspectRatio=&#039;none&#039; overflow=&#039;visible&#039; height=&#039;100%&#039; viewBox=&#039;0 0 24 24&#039; fill=&#039;black&#039; stroke=&#039;none&#039;%3E%3Cpolygon points=&#039;9.4,2 24,2 14.6,21.6 0,21.6&#039;\/%3E%3C\/svg%3E&quot;);\">\n\t\t\t<span class=\"elementor-divider-separator\">\n\t\t\t\t\t\t<\/span>\n\t\t<\/div>\n\t\t\t\t\t\t<\/div>\n\t\t\t\t<\/div>\n\t\t\t\t<div class=\"elementor-element elementor-element-967fd27 elementor-widget elementor-widget-heading\" data-id=\"967fd27\" data-element_type=\"widget\" data-e-type=\"widget\" data-widget_type=\"heading.default\">\n\t\t\t\t<div class=\"elementor-widget-container\">\n\t\t\t\t\t<h2 class=\"elementor-heading-title elementor-size-default\">Automatisation<\/h2>\t\t\t\t<\/div>\n\t\t\t\t<\/div>\n\t\t\t\t<div class=\"elementor-element elementor-element-5c75264 elementor-widget elementor-widget-heading\" data-id=\"5c75264\" data-element_type=\"widget\" data-e-type=\"widget\" data-widget_type=\"heading.default\">\n\t\t\t\t<div class=\"elementor-widget-container\">\n\t\t\t\t\t<h6 class=\"elementor-heading-title elementor-size-default\">Solutions d'Automatisation Industrielle | Syst\u00e8mes Robotiques et Automatis\u00e9s Augmentant l'Efficacit\u00e9<\/h6>\t\t\t\t<\/div>\n\t\t\t\t<\/div>\n\t\t\t\t\t<\/div>\n\t\t\t\t<\/div>\n\t\t\t\t<section class=\"elementor-section elementor-top-section elementor-element elementor-element-abe2b49 elementor-section-content-top elementor-section-boxed elementor-section-height-default elementor-section-height-default wpr-particle-no wpr-jarallax-no wpr-parallax-no wpr-sticky-section-no\" data-id=\"abe2b49\" data-element_type=\"section\" data-e-type=\"section\" data-settings=\"{&quot;background_background&quot;:&quot;classic&quot;}\">\n\t\t\t\t\t\t\t<div class=\"elementor-background-overlay\"><\/div>\n\t\t\t\t\t\t\t<div class=\"elementor-container elementor-column-gap-no\">\n\t\t\t\t\t<div class=\"elementor-column elementor-col-100 elementor-top-column elementor-element elementor-element-0780e19\" data-id=\"0780e19\" data-element_type=\"column\" data-e-type=\"column\">\n\t\t\t<div class=\"elementor-widget-wrap elementor-element-populated\">\n\t\t\t\t\t\t<div class=\"elementor-element elementor-element-a750807 elementor-widget elementor-widget-text-editor\" data-id=\"a750807\" data-element_type=\"widget\" data-e-type=\"widget\" data-widget_type=\"text-editor.default\">\n\t\t\t\t<div class=\"elementor-widget-container\">\n\t\t\t\t\t\t\t\t\t<p>Chez FABALP Makine End\u00fcstrisi Sanayi ve Ticaret A.\u015e., nous fournissons des solutions innovantes et de haute qualit\u00e9 dans le domaine de l&rsquo;automatisation industrielle. L&rsquo;automatisation est l&rsquo;un des \u00e9l\u00e9ments les plus cruciaux pour augmenter l&rsquo;efficacit\u00e9 des processus de production, r\u00e9duire les co\u00fbts de main-d&rsquo;\u0153uvre et garantir la s\u00e9curit\u00e9 sur le lieu de travail. En tant que FABALP Makine, nous garantissons l&rsquo;int\u00e9gration de syst\u00e8mes d&rsquo;automatisation adapt\u00e9s \u00e0 des solutions sp\u00e9cifiques \u00e0 l&rsquo;industrie qui r\u00e9pondent \u00e0 tous vos besoins.<\/p><p>Nous g\u00e9rons vos processus industriels de mani\u00e8re optimale gr\u00e2ce \u00e0 des composants tels que les syst\u00e8mes d&rsquo;automatisation, les solutions robotiques, les syst\u00e8mes contr\u00f4l\u00e9s par PLC, l&rsquo;automatisation des lignes de production et les technologies de capteurs. Gr\u00e2ce \u00e0 ces syst\u00e8mes, la qualit\u00e9 des produits fabriqu\u00e9s peut \u00eatre continuellement surveill\u00e9e et les taux d&rsquo;erreur peuvent \u00eatre minimis\u00e9s. De plus, nous assurons des cycles de production plus rapides pour produire davantage de produits en moins de temps.<\/p><p>FABALP Makine optimise vos processus de production avec des syst\u00e8mes d&rsquo;automatisation pour les lignes de production et des processus de production automatis\u00e9s avec des bras robotiques. Avec les syst\u00e8mes PLC, vous pouvez g\u00e9rer chaque \u00e9tape de votre ligne de production de mani\u00e8re fluide en suivant les donn\u00e9es et en assurant la surveillance et le contr\u00f4le \u00e0 distance.<\/p><p>L&rsquo;automatisation industrielle assure une utilisation efficace de la main-d&rsquo;\u0153uvre et permet des processus de production sans erreur en automatisant les t\u00e2ches r\u00e9p\u00e9titives. FABALP Makine personnalise toutes les solutions d&rsquo;automatisation en fonction de vos besoins sp\u00e9cifiques, vous offrant ainsi une production plus efficace et \u00e0 moindre co\u00fbt.<\/p><p>Dans chaque projet, avec une approche centr\u00e9e sur le client, nous visons \u00e0 rendre vos syst\u00e8mes d&rsquo;automatisation plus efficaces et durables gr\u00e2ce \u00e0 une ing\u00e9nierie de haute qualit\u00e9 et une infrastructure technologique avanc\u00e9e. Gr\u00e2ce \u00e0 des solutions \u00e0 long terme, nous proposons \u00e9galement des syst\u00e8mes d&rsquo;automatisation compatibles avec les processus de l&rsquo;industrie 4.0 et de la num\u00e9risation.<\/p>\t\t\t\t\t\t\t\t<\/div>\n\t\t\t\t<\/div>\n\t\t\t\t\t<\/div>\n\t\t<\/div>\n\t\t\t\t\t<\/div>\n\t\t<\/section>\n\t\t\t\t<\/div>\n\t\t","protected":false},"excerpt":{"rendered":"<p>Automatisation Solutions d&rsquo;Automatisation Industrielle | Syst\u00e8mes Robotiques et Automatis\u00e9s Augmentant l&rsquo;Efficacit\u00e9 Chez FABALP Makine End\u00fcstrisi Sanayi ve Ticaret A.\u015e., nous fournissons des solutions innovantes et de haute qualit\u00e9 dans le domaine de l&rsquo;automatisation industrielle. L&rsquo;automatisation est l&rsquo;un des \u00e9l\u00e9ments les plus cruciaux pour augmenter l&rsquo;efficacit\u00e9 des processus de production, r\u00e9duire les co\u00fbts de main-d&rsquo;\u0153uvre et garantir la s\u00e9curit\u00e9 sur le lieu de travail. En tant que FABALP Makine, nous garantissons l&rsquo;int\u00e9gration de syst\u00e8mes d&rsquo;automatisation adapt\u00e9s \u00e0 des solutions sp\u00e9cifiques \u00e0 l&rsquo;industrie qui r\u00e9pondent \u00e0 tous vos besoins. Nous g\u00e9rons vos processus industriels de mani\u00e8re optimale gr\u00e2ce \u00e0 des composants tels que les syst\u00e8mes d&rsquo;automatisation, les solutions robotiques, les syst\u00e8mes contr\u00f4l\u00e9s par PLC, l&rsquo;automatisation des lignes de production et les technologies de capteurs. Gr\u00e2ce \u00e0 ces syst\u00e8mes, la qualit\u00e9 des produits fabriqu\u00e9s peut \u00eatre continuellement surveill\u00e9e et les taux d&rsquo;erreur peuvent \u00eatre minimis\u00e9s. De plus, nous assurons des cycles de production plus rapides pour produire davantage de produits en moins de temps. FABALP Makine optimise vos processus de production avec des syst\u00e8mes d&rsquo;automatisation pour les lignes de production et des processus de production automatis\u00e9s avec des bras robotiques. Avec les syst\u00e8mes PLC, vous pouvez g\u00e9rer chaque \u00e9tape de votre ligne de production de mani\u00e8re fluide en suivant les donn\u00e9es et en assurant la surveillance et le contr\u00f4le \u00e0 distance. L&rsquo;automatisation industrielle assure une utilisation efficace de la main-d&rsquo;\u0153uvre et permet des processus de production sans erreur en automatisant les t\u00e2ches r\u00e9p\u00e9titives. FABALP Makine personnalise toutes les solutions d&rsquo;automatisation en fonction de vos besoins sp\u00e9cifiques, vous offrant ainsi une production plus efficace et \u00e0 moindre co\u00fbt. Dans chaque projet, avec une approche centr\u00e9e sur le client, nous visons \u00e0 rendre vos syst\u00e8mes d&rsquo;automatisation plus efficaces et durables gr\u00e2ce \u00e0 une ing\u00e9nierie de haute qualit\u00e9 et une infrastructure technologique avanc\u00e9e. Gr\u00e2ce \u00e0 des solutions \u00e0 long terme, nous proposons \u00e9galement des syst\u00e8mes d&rsquo;automatisation compatibles avec les processus de l&rsquo;industrie 4.0 et de la num\u00e9risation.<\/p>\n","protected":false},"author":1,"featured_media":0,"parent":0,"menu_order":0,"comment_status":"closed","ping_status":"closed","template":"","meta":{"site-sidebar-layout":"no-sidebar","site-content-layout":"page-builder","ast-site-content-layout":"full-width-container","site-content-style":"unboxed","site-sidebar-style":"unboxed","ast-global-header-display":"","ast-banner-title-visibility":"","ast-main-header-display":"","ast-hfb-above-header-display":"","ast-hfb-below-header-display":"","ast-hfb-mobile-header-display":"","site-post-title":"disabled","ast-breadcrumbs-content":"disabled","ast-featured-img":"disabled","footer-sml-layout":"","ast-disable-related-posts":"","theme-transparent-header-meta":"enabled","adv-header-id-meta":"","stick-header-meta":"","header-above-stick-meta":"","header-main-stick-meta":"","header-below-stick-meta":"","astra-migrate-meta-layouts":"set","ast-page-background-enabled":"default","ast-page-background-meta":{"desktop":{"background-color":"","background-image":"","background-repeat":"repeat","background-position":"center center","background-size":"auto","background-attachment":"scroll","background-type":"","background-media":"","overlay-type":"","overlay-color":"","overlay-opacity":"","overlay-gradient":""},"tablet":{"background-color":"","background-image":"","background-repeat":"repeat","background-position":"center center","background-size":"auto","background-attachment":"scroll","background-type":"","background-media":"","overlay-type":"","overlay-color":"","overlay-opacity":"","overlay-gradient":""},"mobile":{"background-color":"","background-image":"","background-repeat":"repeat","background-position":"center center","background-size":"auto","background-attachment":"scroll","background-type":"","background-media":"","overlay-type":"","overlay-color":"","overlay-opacity":"","overlay-gradient":""}},"ast-content-background-meta":{"desktop":{"background-color":"var(--ast-global-color-5)","background-image":"","background-repeat":"repeat","background-position":"center center","background-size":"auto","background-attachment":"scroll","background-type":"","background-media":"","overlay-type":"","overlay-color":"","overlay-opacity":"","overlay-gradient":""},"tablet":{"background-color":"var(--ast-global-color-5)","background-image":"","background-repeat":"repeat","background-position":"center center","background-size":"auto","background-attachment":"scroll","background-type":"","background-media":"","overlay-type":"","overlay-color":"","overlay-opacity":"","overlay-gradient":""},"mobile":{"background-color":"var(--ast-global-color-5)","background-image":"","background-repeat":"repeat","background-position":"center center","background-size":"auto","background-attachment":"scroll","background-type":"","background-media":"","overlay-type":"","overlay-color":"","overlay-opacity":"","overlay-gradient":""}},"footnotes":""},"class_list":["post-2708","page","type-page","status-publish","hentry"],"aioseo_notices":[],"_links":{"self":[{"href":"https:\/\/www.fabalp.com\/fr\/wp-json\/wp\/v2\/pages\/2708","targetHints":{"allow":["GET"]}}],"collection":[{"href":"https:\/\/www.fabalp.com\/fr\/wp-json\/wp\/v2\/pages"}],"about":[{"href":"https:\/\/www.fabalp.com\/fr\/wp-json\/wp\/v2\/types\/page"}],"author":[{"embeddable":true,"href":"https:\/\/www.fabalp.com\/fr\/wp-json\/wp\/v2\/users\/1"}],"replies":[{"embeddable":true,"href":"https:\/\/www.fabalp.com\/fr\/wp-json\/wp\/v2\/comments?post=2708"}],"version-history":[{"count":15,"href":"https:\/\/www.fabalp.com\/fr\/wp-json\/wp\/v2\/pages\/2708\/revisions"}],"predecessor-version":[{"id":5229,"href":"https:\/\/www.fabalp.com\/fr\/wp-json\/wp\/v2\/pages\/2708\/revisions\/5229"}],"wp:attachment":[{"href":"https:\/\/www.fabalp.com\/fr\/wp-json\/wp\/v2\/media?parent=2708"}],"curies":[{"name":"wp","href":"https:\/\/api.w.org\/{rel}","templated":true}]}}