{"id":2701,"date":"2025-04-04T10:43:51","date_gmt":"2025-04-04T10:43:51","guid":{"rendered":"https:\/\/www.fabalp.com\/talasli-imalat-cozumleri\/"},"modified":"2025-05-20T12:14:43","modified_gmt":"2025-05-20T12:14:43","slug":"usinage","status":"publish","type":"page","link":"https:\/\/www.fabalp.com\/fr\/usinage\/","title":{"rendered":"Usinage"},"content":{"rendered":"\t\t<div data-elementor-type=\"wp-page\" data-elementor-id=\"2701\" class=\"elementor elementor-2701\">\n\t\t\t\t<div class=\"elementor-element elementor-element-f81d53b e-flex e-con-boxed wpr-particle-no wpr-jarallax-no wpr-parallax-no wpr-sticky-section-no e-con e-parent\" data-id=\"f81d53b\" data-element_type=\"container\" data-e-type=\"container\" data-settings=\"{&quot;background_background&quot;:&quot;classic&quot;}\">\n\t\t\t\t\t<div class=\"e-con-inner\">\n\t\t\t\t<div class=\"elementor-element elementor-element-57bc54a elementor-widget-divider--separator-type-pattern elementor-widget-divider--view-line elementor-widget elementor-widget-divider\" data-id=\"57bc54a\" data-element_type=\"widget\" data-e-type=\"widget\" data-widget_type=\"divider.default\">\n\t\t\t\t<div class=\"elementor-widget-container\">\n\t\t\t\t\t\t\t<div class=\"elementor-divider\" style=\"--divider-pattern-url: url(&quot;data:image\/svg+xml,%3Csvg xmlns=&#039;http:\/\/www.w3.org\/2000\/svg&#039; preserveAspectRatio=&#039;none&#039; overflow=&#039;visible&#039; height=&#039;100%&#039; viewBox=&#039;0 0 24 24&#039; fill=&#039;black&#039; stroke=&#039;none&#039;%3E%3Cpolygon points=&#039;9.4,2 24,2 14.6,21.6 0,21.6&#039;\/%3E%3C\/svg%3E&quot;);\">\n\t\t\t<span class=\"elementor-divider-separator\">\n\t\t\t\t\t\t<\/span>\n\t\t<\/div>\n\t\t\t\t\t\t<\/div>\n\t\t\t\t<\/div>\n\t\t\t\t<div class=\"elementor-element elementor-element-967fd27 elementor-widget elementor-widget-heading\" data-id=\"967fd27\" data-element_type=\"widget\" data-e-type=\"widget\" data-widget_type=\"heading.default\">\n\t\t\t\t<div class=\"elementor-widget-container\">\n\t\t\t\t\t<h2 class=\"elementor-heading-title elementor-size-default\">usinage<\/h2>\t\t\t\t<\/div>\n\t\t\t\t<\/div>\n\t\t\t\t<div class=\"elementor-element elementor-element-fa0e226 elementor-widget elementor-widget-heading\" data-id=\"fa0e226\" data-element_type=\"widget\" data-e-type=\"widget\" data-widget_type=\"heading.default\">\n\t\t\t\t<div class=\"elementor-widget-container\">\n\t\t\t\t\t<h6 class=\"elementor-heading-title elementor-size-default\">Services d'Usinage | Fraisage CNC, Tournage et Solutions de Fabrication de Haute Pr\u00e9cision<\/h6>\t\t\t\t<\/div>\n\t\t\t\t<\/div>\n\t\t\t\t\t<\/div>\n\t\t\t\t<\/div>\n\t\t\t\t<section class=\"elementor-section elementor-top-section elementor-element elementor-element-abe2b49 elementor-section-content-top elementor-section-boxed elementor-section-height-default elementor-section-height-default wpr-particle-no wpr-jarallax-no wpr-parallax-no wpr-sticky-section-no\" data-id=\"abe2b49\" data-element_type=\"section\" data-e-type=\"section\" data-settings=\"{&quot;background_background&quot;:&quot;classic&quot;}\">\n\t\t\t\t\t\t\t<div class=\"elementor-background-overlay\"><\/div>\n\t\t\t\t\t\t\t<div class=\"elementor-container elementor-column-gap-no\">\n\t\t\t\t\t<div class=\"elementor-column elementor-col-100 elementor-top-column elementor-element elementor-element-0780e19\" data-id=\"0780e19\" data-element_type=\"column\" data-e-type=\"column\">\n\t\t\t<div class=\"elementor-widget-wrap elementor-element-populated\">\n\t\t\t\t\t\t<div class=\"elementor-element elementor-element-a750807 elementor-widget elementor-widget-text-editor\" data-id=\"a750807\" data-element_type=\"widget\" data-e-type=\"widget\" data-widget_type=\"text-editor.default\">\n\t\t\t\t<div class=\"elementor-widget-container\">\n\t\t\t\t\t\t\t\t\t<p>Chez FABALP Makine End\u00fcstrisi Sanayi ve Ticaret A.\u015e., nous avons une vaste exp\u00e9rience et une capacit\u00e9 de production de haute qualit\u00e9 dans le domaine de l&rsquo;usinage. Nous fournissons des solutions id\u00e9ales pour des pi\u00e8ces de haute pr\u00e9cision et des besoins de production personnalis\u00e9e dans des secteurs industriels tels que l&rsquo;automobile, les syst\u00e8mes ferroviaires et la fabrication de machines.<\/p><p>Dans nos processus d&rsquo;usinage, nous fabriquons des pi\u00e8ces de haute qualit\u00e9, durables et pr\u00e9cises en utilisant des techniques traditionnelles telles que le fraisage, le per\u00e7age, le tournage et la production bas\u00e9e sur la tarification. Avec nos fraiseuses et tours, nous effectuons des processus de d\u00e9coupe, de per\u00e7age et de formage pour garantir la plus haute qualit\u00e9 dans chaque projet.<\/p><p>Nous assurons le traitement de tous types de m\u00e9taux et alliages gr\u00e2ce \u00e0 une ing\u00e9nierie avanc\u00e9e et un savoir-faire de haute pr\u00e9cision. Nos services d&rsquo;usinage sont appliqu\u00e9s avec succ\u00e8s dans un large \u00e9ventail de domaines, notamment dans le secteur automobile et les syst\u00e8mes ferroviaires, incluant la production compl\u00e8te de pi\u00e8ces et la r\u00e9alisation de prototypes.<\/p><p>FABALP Makine met l&rsquo;accent sur la qualit\u00e9 et la satisfaction du client dans l&rsquo;usinage, offrant toujours des solutions plus efficaces et de haute qualit\u00e9.<\/p>\t\t\t\t\t\t\t\t<\/div>\n\t\t\t\t<\/div>\n\t\t\t\t\t<\/div>\n\t\t<\/div>\n\t\t\t\t\t<\/div>\n\t\t<\/section>\n\t\t\t\t<\/div>\n\t\t","protected":false},"excerpt":{"rendered":"<p>usinage Services d&rsquo;Usinage | Fraisage CNC, Tournage et Solutions de Fabrication de Haute Pr\u00e9cision Chez FABALP Makine End\u00fcstrisi Sanayi ve Ticaret A.\u015e., nous avons une vaste exp\u00e9rience et une capacit\u00e9 de production de haute qualit\u00e9 dans le domaine de l&rsquo;usinage. Nous fournissons des solutions id\u00e9ales pour des pi\u00e8ces de haute pr\u00e9cision et des besoins de production personnalis\u00e9e dans des secteurs industriels tels que l&rsquo;automobile, les syst\u00e8mes ferroviaires et la fabrication de machines. Dans nos processus d&rsquo;usinage, nous fabriquons des pi\u00e8ces de haute qualit\u00e9, durables et pr\u00e9cises en utilisant des techniques traditionnelles telles que le fraisage, le per\u00e7age, le tournage et la production bas\u00e9e sur la tarification. Avec nos fraiseuses et tours, nous effectuons des processus de d\u00e9coupe, de per\u00e7age et de formage pour garantir la plus haute qualit\u00e9 dans chaque projet. Nous assurons le traitement de tous types de m\u00e9taux et alliages gr\u00e2ce \u00e0 une ing\u00e9nierie avanc\u00e9e et un savoir-faire de haute pr\u00e9cision. Nos services d&rsquo;usinage sont appliqu\u00e9s avec succ\u00e8s dans un large \u00e9ventail de domaines, notamment dans le secteur automobile et les syst\u00e8mes ferroviaires, incluant la production compl\u00e8te de pi\u00e8ces et la r\u00e9alisation de prototypes. FABALP Makine met l&rsquo;accent sur la qualit\u00e9 et la satisfaction du client dans l&rsquo;usinage, offrant toujours des solutions plus efficaces et de haute qualit\u00e9.<\/p>\n","protected":false},"author":1,"featured_media":0,"parent":0,"menu_order":0,"comment_status":"closed","ping_status":"closed","template":"","meta":{"site-sidebar-layout":"no-sidebar","site-content-layout":"page-builder","ast-site-content-layout":"full-width-container","site-content-style":"unboxed","site-sidebar-style":"unboxed","ast-global-header-display":"","ast-banner-title-visibility":"","ast-main-header-display":"","ast-hfb-above-header-display":"","ast-hfb-below-header-display":"","ast-hfb-mobile-header-display":"","site-post-title":"disabled","ast-breadcrumbs-content":"disabled","ast-featured-img":"disabled","footer-sml-layout":"","ast-disable-related-posts":"","theme-transparent-header-meta":"enabled","adv-header-id-meta":"","stick-header-meta":"","header-above-stick-meta":"","header-main-stick-meta":"","header-below-stick-meta":"","astra-migrate-meta-layouts":"set","ast-page-background-enabled":"default","ast-page-background-meta":{"desktop":{"background-color":"","background-image":"","background-repeat":"repeat","background-position":"center center","background-size":"auto","background-attachment":"scroll","background-type":"","background-media":"","overlay-type":"","overlay-color":"","overlay-opacity":"","overlay-gradient":""},"tablet":{"background-color":"","background-image":"","background-repeat":"repeat","background-position":"center center","background-size":"auto","background-attachment":"scroll","background-type":"","background-media":"","overlay-type":"","overlay-color":"","overlay-opacity":"","overlay-gradient":""},"mobile":{"background-color":"","background-image":"","background-repeat":"repeat","background-position":"center center","background-size":"auto","background-attachment":"scroll","background-type":"","background-media":"","overlay-type":"","overlay-color":"","overlay-opacity":"","overlay-gradient":""}},"ast-content-background-meta":{"desktop":{"background-color":"var(--ast-global-color-5)","background-image":"","background-repeat":"repeat","background-position":"center center","background-size":"auto","background-attachment":"scroll","background-type":"","background-media":"","overlay-type":"","overlay-color":"","overlay-opacity":"","overlay-gradient":""},"tablet":{"background-color":"var(--ast-global-color-5)","background-image":"","background-repeat":"repeat","background-position":"center center","background-size":"auto","background-attachment":"scroll","background-type":"","background-media":"","overlay-type":"","overlay-color":"","overlay-opacity":"","overlay-gradient":""},"mobile":{"background-color":"var(--ast-global-color-5)","background-image":"","background-repeat":"repeat","background-position":"center center","background-size":"auto","background-attachment":"scroll","background-type":"","background-media":"","overlay-type":"","overlay-color":"","overlay-opacity":"","overlay-gradient":""}},"footnotes":""},"class_list":["post-2701","page","type-page","status-publish","hentry"],"aioseo_notices":[],"_links":{"self":[{"href":"https:\/\/www.fabalp.com\/fr\/wp-json\/wp\/v2\/pages\/2701","targetHints":{"allow":["GET"]}}],"collection":[{"href":"https:\/\/www.fabalp.com\/fr\/wp-json\/wp\/v2\/pages"}],"about":[{"href":"https:\/\/www.fabalp.com\/fr\/wp-json\/wp\/v2\/types\/page"}],"author":[{"embeddable":true,"href":"https:\/\/www.fabalp.com\/fr\/wp-json\/wp\/v2\/users\/1"}],"replies":[{"embeddable":true,"href":"https:\/\/www.fabalp.com\/fr\/wp-json\/wp\/v2\/comments?post=2701"}],"version-history":[{"count":19,"href":"https:\/\/www.fabalp.com\/fr\/wp-json\/wp\/v2\/pages\/2701\/revisions"}],"predecessor-version":[{"id":5704,"href":"https:\/\/www.fabalp.com\/fr\/wp-json\/wp\/v2\/pages\/2701\/revisions\/5704"}],"wp:attachment":[{"href":"https:\/\/www.fabalp.com\/fr\/wp-json\/wp\/v2\/media?parent=2701"}],"curies":[{"name":"wp","href":"https:\/\/api.w.org\/{rel}","templated":true}]}}