{"id":2683,"date":"2025-04-07T10:56:14","date_gmt":"2025-04-07T10:56:14","guid":{"rendered":"https:\/\/www.fabalp.com\/kaynak-fiksturleri-cozumleri\/"},"modified":"2025-05-20T11:44:53","modified_gmt":"2025-05-20T11:44:53","slug":"gabarits-de-soudage","status":"publish","type":"page","link":"https:\/\/www.fabalp.com\/fr\/gabarits-de-soudage\/","title":{"rendered":"Gabarits de Soudage"},"content":{"rendered":"\t\t<div data-elementor-type=\"wp-page\" data-elementor-id=\"2683\" class=\"elementor elementor-2683\">\n\t\t\t\t<div class=\"elementor-element elementor-element-f81d53b e-flex e-con-boxed wpr-particle-no wpr-jarallax-no wpr-parallax-no wpr-sticky-section-no e-con e-parent\" data-id=\"f81d53b\" data-element_type=\"container\" data-e-type=\"container\" data-settings=\"{&quot;background_background&quot;:&quot;classic&quot;}\">\n\t\t\t\t\t<div class=\"e-con-inner\">\n\t\t\t\t<div class=\"elementor-element elementor-element-57bc54a elementor-widget-divider--separator-type-pattern elementor-widget-divider--view-line elementor-widget elementor-widget-divider\" data-id=\"57bc54a\" data-element_type=\"widget\" data-e-type=\"widget\" data-widget_type=\"divider.default\">\n\t\t\t\t<div class=\"elementor-widget-container\">\n\t\t\t\t\t\t\t<div class=\"elementor-divider\" style=\"--divider-pattern-url: url(&quot;data:image\/svg+xml,%3Csvg xmlns=&#039;http:\/\/www.w3.org\/2000\/svg&#039; preserveAspectRatio=&#039;none&#039; overflow=&#039;visible&#039; height=&#039;100%&#039; viewBox=&#039;0 0 24 24&#039; fill=&#039;black&#039; stroke=&#039;none&#039;%3E%3Cpolygon points=&#039;9.4,2 24,2 14.6,21.6 0,21.6&#039;\/%3E%3C\/svg%3E&quot;);\">\n\t\t\t<span class=\"elementor-divider-separator\">\n\t\t\t\t\t\t<\/span>\n\t\t<\/div>\n\t\t\t\t\t\t<\/div>\n\t\t\t\t<\/div>\n\t\t\t\t<div class=\"elementor-element elementor-element-967fd27 elementor-widget elementor-widget-heading\" data-id=\"967fd27\" data-element_type=\"widget\" data-e-type=\"widget\" data-widget_type=\"heading.default\">\n\t\t\t\t<div class=\"elementor-widget-container\">\n\t\t\t\t\t<h2 class=\"elementor-heading-title elementor-size-default\">Gabarits de Soudage<\/h2>\t\t\t\t<\/div>\n\t\t\t\t<\/div>\n\t\t\t\t<div class=\"elementor-element elementor-element-99e2676 elementor-widget elementor-widget-heading\" data-id=\"99e2676\" data-element_type=\"widget\" data-e-type=\"widget\" data-widget_type=\"heading.default\">\n\t\t\t\t<div class=\"elementor-widget-container\">\n\t\t\t\t\t<h6 class=\"elementor-heading-title elementor-size-default\">Syst\u00e8mes de Soudage Industriels et Conceptions de Gabarits<\/h6>\t\t\t\t<\/div>\n\t\t\t\t<\/div>\n\t\t\t\t\t<\/div>\n\t\t\t\t<\/div>\n\t\t\t\t<section class=\"elementor-section elementor-top-section elementor-element elementor-element-abe2b49 elementor-section-content-top elementor-section-boxed elementor-section-height-default elementor-section-height-default wpr-particle-no wpr-jarallax-no wpr-parallax-no wpr-sticky-section-no\" data-id=\"abe2b49\" data-element_type=\"section\" data-e-type=\"section\" data-settings=\"{&quot;background_background&quot;:&quot;classic&quot;}\">\n\t\t\t\t\t\t\t<div class=\"elementor-background-overlay\"><\/div>\n\t\t\t\t\t\t\t<div class=\"elementor-container elementor-column-gap-no\">\n\t\t\t\t\t<div class=\"elementor-column elementor-col-100 elementor-top-column elementor-element elementor-element-0780e19\" data-id=\"0780e19\" data-element_type=\"column\" data-e-type=\"column\">\n\t\t\t<div class=\"elementor-widget-wrap elementor-element-populated\">\n\t\t\t\t\t\t<div class=\"elementor-element elementor-element-a750807 elementor-widget elementor-widget-text-editor\" data-id=\"a750807\" data-element_type=\"widget\" data-e-type=\"widget\" data-widget_type=\"text-editor.default\">\n\t\t\t\t<div class=\"elementor-widget-container\">\n\t\t\t\t\t\t\t\t\t<p>FABALP Makine End\u00fcstrisi Sanayi ve Ticaret A.\u015e. propose des processus de fabrication de haute qualit\u00e9 avec des solutions de gabarits de soudage dans les secteurs de l&rsquo;automobile et des syst\u00e8mes ferroviaires. Les gabarits de soudage, associ\u00e9s \u00e0 l&rsquo;automatisation industrielle, aux syst\u00e8mes de soudage robotis\u00e9s et aux conceptions personnalis\u00e9es, offrent une grande pr\u00e9cision et efficacit\u00e9 dans vos processus de fabrication.<br \/>Notre entreprise con\u00e7oit et fabrique des gabarits de soudage personnalis\u00e9s adapt\u00e9s aux diff\u00e9rents besoins industriels dans les processus de fabrication soud\u00e9e. Les gabarits de soudage jouent un r\u00f4le crucial pour garantir un alignement correct et une stabilit\u00e9 des pi\u00e8ces, en particulier dans les processus de fabrication complexes. En tant que FABALP Makine, nous nous int\u00e9grons avec des cellules de soudage robotiques pour garantir une efficacit\u00e9 maximale et une haute qualit\u00e9 dans le processus de soudage.<br \/>Nos solutions de gabarits de soudage minimisent les marges d&rsquo;erreur et augmentent l&rsquo;efficacit\u00e9 de la main-d&rsquo;\u0153uvre dans les op\u00e9rations de soudage gr\u00e2ce aux syst\u00e8mes de soudage automatis\u00e9s, aux conceptions de gabarits fixes et mobiles, et aux int\u00e9grations de soudage robotis\u00e9.<br \/>Dans chaque projet, nous fournissons les solutions les plus adapt\u00e9es pour augmenter la r\u00e9sistance, la pr\u00e9cision de transformation et la vitesse de production des gabarits de soudage. FABALP Makine propose les solutions les plus efficaces et de la plus haute qualit\u00e9 pour les processus de soudage manuels et robotis\u00e9s gr\u00e2ce aux gabarits de soudage.<br \/>En tant que FABALP Makine, nous renfor\u00e7ons votre position dans l&rsquo;industrie avec nos conceptions personnalis\u00e9es, l&rsquo;int\u00e9gration robotique, les syst\u00e8mes d&rsquo;automatisation et nos solutions d&rsquo;ing\u00e9nierie avanc\u00e9es dans les solutions de gabarits de soudage. Contactez-nous pour les solutions de gabarits de soudage les plus adapt\u00e9es \u00e0 vos besoins, et concr\u00e9tisons vos projets efficacement et rapidement.<\/p>\t\t\t\t\t\t\t\t<\/div>\n\t\t\t\t<\/div>\n\t\t\t\t\t<\/div>\n\t\t<\/div>\n\t\t\t\t\t<\/div>\n\t\t<\/section>\n\t\t\t\t<\/div>\n\t\t","protected":false},"excerpt":{"rendered":"<p>Gabarits de Soudage Syst\u00e8mes de Soudage Industriels et Conceptions de Gabarits FABALP Makine End\u00fcstrisi Sanayi ve Ticaret A.\u015e. propose des processus de fabrication de haute qualit\u00e9 avec des solutions de gabarits de soudage dans les secteurs de l&rsquo;automobile et des syst\u00e8mes ferroviaires. Les gabarits de soudage, associ\u00e9s \u00e0 l&rsquo;automatisation industrielle, aux syst\u00e8mes de soudage robotis\u00e9s et aux conceptions personnalis\u00e9es, offrent une grande pr\u00e9cision et efficacit\u00e9 dans vos processus de fabrication.Notre entreprise con\u00e7oit et fabrique des gabarits de soudage personnalis\u00e9s adapt\u00e9s aux diff\u00e9rents besoins industriels dans les processus de fabrication soud\u00e9e. Les gabarits de soudage jouent un r\u00f4le crucial pour garantir un alignement correct et une stabilit\u00e9 des pi\u00e8ces, en particulier dans les processus de fabrication complexes. En tant que FABALP Makine, nous nous int\u00e9grons avec des cellules de soudage robotiques pour garantir une efficacit\u00e9 maximale et une haute qualit\u00e9 dans le processus de soudage.Nos solutions de gabarits de soudage minimisent les marges d&rsquo;erreur et augmentent l&rsquo;efficacit\u00e9 de la main-d&rsquo;\u0153uvre dans les op\u00e9rations de soudage gr\u00e2ce aux syst\u00e8mes de soudage automatis\u00e9s, aux conceptions de gabarits fixes et mobiles, et aux int\u00e9grations de soudage robotis\u00e9.Dans chaque projet, nous fournissons les solutions les plus adapt\u00e9es pour augmenter la r\u00e9sistance, la pr\u00e9cision de transformation et la vitesse de production des gabarits de soudage. FABALP Makine propose les solutions les plus efficaces et de la plus haute qualit\u00e9 pour les processus de soudage manuels et robotis\u00e9s gr\u00e2ce aux gabarits de soudage.En tant que FABALP Makine, nous renfor\u00e7ons votre position dans l&rsquo;industrie avec nos conceptions personnalis\u00e9es, l&rsquo;int\u00e9gration robotique, les syst\u00e8mes d&rsquo;automatisation et nos solutions d&rsquo;ing\u00e9nierie avanc\u00e9es dans les solutions de gabarits de soudage. Contactez-nous pour les solutions de gabarits de soudage les plus adapt\u00e9es \u00e0 vos besoins, et concr\u00e9tisons vos projets efficacement et rapidement.<\/p>\n","protected":false},"author":1,"featured_media":0,"parent":0,"menu_order":0,"comment_status":"closed","ping_status":"closed","template":"","meta":{"site-sidebar-layout":"no-sidebar","site-content-layout":"page-builder","ast-site-content-layout":"full-width-container","site-content-style":"unboxed","site-sidebar-style":"unboxed","ast-global-header-display":"","ast-banner-title-visibility":"","ast-main-header-display":"","ast-hfb-above-header-display":"","ast-hfb-below-header-display":"","ast-hfb-mobile-header-display":"","site-post-title":"disabled","ast-breadcrumbs-content":"disabled","ast-featured-img":"disabled","footer-sml-layout":"","ast-disable-related-posts":"","theme-transparent-header-meta":"enabled","adv-header-id-meta":"","stick-header-meta":"","header-above-stick-meta":"","header-main-stick-meta":"","header-below-stick-meta":"","astra-migrate-meta-layouts":"set","ast-page-background-enabled":"default","ast-page-background-meta":{"desktop":{"background-color":"","background-image":"","background-repeat":"repeat","background-position":"center center","background-size":"auto","background-attachment":"scroll","background-type":"","background-media":"","overlay-type":"","overlay-color":"","overlay-opacity":"","overlay-gradient":""},"tablet":{"background-color":"","background-image":"","background-repeat":"repeat","background-position":"center center","background-size":"auto","background-attachment":"scroll","background-type":"","background-media":"","overlay-type":"","overlay-color":"","overlay-opacity":"","overlay-gradient":""},"mobile":{"background-color":"","background-image":"","background-repeat":"repeat","background-position":"center center","background-size":"auto","background-attachment":"scroll","background-type":"","background-media":"","overlay-type":"","overlay-color":"","overlay-opacity":"","overlay-gradient":""}},"ast-content-background-meta":{"desktop":{"background-color":"var(--ast-global-color-5)","background-image":"","background-repeat":"repeat","background-position":"center center","background-size":"auto","background-attachment":"scroll","background-type":"","background-media":"","overlay-type":"","overlay-color":"","overlay-opacity":"","overlay-gradient":""},"tablet":{"background-color":"var(--ast-global-color-5)","background-image":"","background-repeat":"repeat","background-position":"center center","background-size":"auto","background-attachment":"scroll","background-type":"","background-media":"","overlay-type":"","overlay-color":"","overlay-opacity":"","overlay-gradient":""},"mobile":{"background-color":"var(--ast-global-color-5)","background-image":"","background-repeat":"repeat","background-position":"center center","background-size":"auto","background-attachment":"scroll","background-type":"","background-media":"","overlay-type":"","overlay-color":"","overlay-opacity":"","overlay-gradient":""}},"footnotes":""},"class_list":["post-2683","page","type-page","status-publish","hentry"],"aioseo_notices":[],"_links":{"self":[{"href":"https:\/\/www.fabalp.com\/fr\/wp-json\/wp\/v2\/pages\/2683","targetHints":{"allow":["GET"]}}],"collection":[{"href":"https:\/\/www.fabalp.com\/fr\/wp-json\/wp\/v2\/pages"}],"about":[{"href":"https:\/\/www.fabalp.com\/fr\/wp-json\/wp\/v2\/types\/page"}],"author":[{"embeddable":true,"href":"https:\/\/www.fabalp.com\/fr\/wp-json\/wp\/v2\/users\/1"}],"replies":[{"embeddable":true,"href":"https:\/\/www.fabalp.com\/fr\/wp-json\/wp\/v2\/comments?post=2683"}],"version-history":[{"count":17,"href":"https:\/\/www.fabalp.com\/fr\/wp-json\/wp\/v2\/pages\/2683\/revisions"}],"predecessor-version":[{"id":5507,"href":"https:\/\/www.fabalp.com\/fr\/wp-json\/wp\/v2\/pages\/2683\/revisions\/5507"}],"wp:attachment":[{"href":"https:\/\/www.fabalp.com\/fr\/wp-json\/wp\/v2\/media?parent=2683"}],"curies":[{"name":"wp","href":"https:\/\/api.w.org\/{rel}","templated":true}]}}