{"id":2679,"date":"2025-04-07T10:57:06","date_gmt":"2025-04-07T10:57:06","guid":{"rendered":"https:\/\/www.fabalp.com\/montaj-hatlari-cozumleri\/"},"modified":"2025-05-16T12:59:09","modified_gmt":"2025-05-16T12:59:09","slug":"lignes-d-assemblage","status":"publish","type":"page","link":"https:\/\/www.fabalp.com\/fr\/lignes-d-assemblage\/","title":{"rendered":"Lignes d&rsquo; Assemblage"},"content":{"rendered":"\t\t<div data-elementor-type=\"wp-page\" data-elementor-id=\"2679\" class=\"elementor elementor-2679\">\n\t\t\t\t<div class=\"elementor-element elementor-element-f81d53b e-flex e-con-boxed wpr-particle-no wpr-jarallax-no wpr-parallax-no wpr-sticky-section-no e-con e-parent\" data-id=\"f81d53b\" data-element_type=\"container\" data-e-type=\"container\" data-settings=\"{&quot;background_background&quot;:&quot;classic&quot;}\">\n\t\t\t\t\t<div class=\"e-con-inner\">\n\t\t\t\t<div class=\"elementor-element elementor-element-57bc54a elementor-widget-divider--separator-type-pattern elementor-widget-divider--view-line elementor-widget elementor-widget-divider\" data-id=\"57bc54a\" data-element_type=\"widget\" data-e-type=\"widget\" data-widget_type=\"divider.default\">\n\t\t\t\t<div class=\"elementor-widget-container\">\n\t\t\t\t\t\t\t<div class=\"elementor-divider\" style=\"--divider-pattern-url: url(&quot;data:image\/svg+xml,%3Csvg xmlns=&#039;http:\/\/www.w3.org\/2000\/svg&#039; preserveAspectRatio=&#039;none&#039; overflow=&#039;visible&#039; height=&#039;100%&#039; viewBox=&#039;0 0 24 24&#039; fill=&#039;black&#039; stroke=&#039;none&#039;%3E%3Cpolygon points=&#039;9.4,2 24,2 14.6,21.6 0,21.6&#039;\/%3E%3C\/svg%3E&quot;);\">\n\t\t\t<span class=\"elementor-divider-separator\">\n\t\t\t\t\t\t<\/span>\n\t\t<\/div>\n\t\t\t\t\t\t<\/div>\n\t\t\t\t<\/div>\n\t\t\t\t<div class=\"elementor-element elementor-element-967fd27 elementor-widget elementor-widget-heading\" data-id=\"967fd27\" data-element_type=\"widget\" data-e-type=\"widget\" data-widget_type=\"heading.default\">\n\t\t\t\t<div class=\"elementor-widget-container\">\n\t\t\t\t\t<h2 class=\"elementor-heading-title elementor-size-default\">Lignes d' Assemblage<\/h2>\t\t\t\t<\/div>\n\t\t\t\t<\/div>\n\t\t\t\t<div class=\"elementor-element elementor-element-4ef01b2 elementor-widget elementor-widget-heading\" data-id=\"4ef01b2\" data-element_type=\"widget\" data-e-type=\"widget\" data-widget_type=\"heading.default\">\n\t\t\t\t<div class=\"elementor-widget-container\">\n\t\t\t\t\t<h6 class=\"elementor-heading-title elementor-size-default\">Solutions de lignes d'assemblage | Syst\u00e8mes de production personnalis\u00e9s et automatisation industrielle<\/h6>\t\t\t\t<\/div>\n\t\t\t\t<\/div>\n\t\t\t\t\t<\/div>\n\t\t\t\t<\/div>\n\t\t\t\t<section class=\"elementor-section elementor-top-section elementor-element elementor-element-abe2b49 elementor-section-content-top elementor-section-boxed elementor-section-height-default elementor-section-height-default wpr-particle-no wpr-jarallax-no wpr-parallax-no wpr-sticky-section-no\" data-id=\"abe2b49\" data-element_type=\"section\" data-e-type=\"section\" data-settings=\"{&quot;background_background&quot;:&quot;classic&quot;}\">\n\t\t\t\t\t\t\t<div class=\"elementor-background-overlay\"><\/div>\n\t\t\t\t\t\t\t<div class=\"elementor-container elementor-column-gap-no\">\n\t\t\t\t\t<div class=\"elementor-column elementor-col-100 elementor-top-column elementor-element elementor-element-0780e19\" data-id=\"0780e19\" data-element_type=\"column\" data-e-type=\"column\">\n\t\t\t<div class=\"elementor-widget-wrap elementor-element-populated\">\n\t\t\t\t\t\t<div class=\"elementor-element elementor-element-a750807 elementor-widget elementor-widget-text-editor\" data-id=\"a750807\" data-element_type=\"widget\" data-e-type=\"widget\" data-widget_type=\"text-editor.default\">\n\t\t\t\t<div class=\"elementor-widget-container\">\n\t\t\t\t\t\t\t\t\t<p>FABALP Makine End\u00fcstrisi Sanayi ve Ticaret A.\u015e. propose des processus de fabrication efficaces avec des solutions de lignes d&rsquo;assemblage pour les secteurs de l&rsquo;automobile et des syst\u00e8mes ferroviaires. De la conception de lignes d&rsquo;assemblage cl\u00e9s en main \u00e0 la fabrication soud\u00e9e, les syst\u00e8mes d&rsquo;automatisation, les syst\u00e8mes d&rsquo;assemblage pneumatiques, les syst\u00e8mes \u00e9lectriques et l&rsquo;int\u00e9gration de l&rsquo;automatisation robotique, nous mettons en \u0153uvre rapidement les processus de l&rsquo;Industrie 4.0 et de transformation num\u00e9rique avec une large gamme de services.<\/p><p>Nos solutions de lignes d&rsquo;assemblage augmentent la vitesse de production et r\u00e9duisent les co\u00fbts op\u00e9rationnels pour nos clients en fournissant l&rsquo;automatisation industrielle, des lignes de production efficaces, des syst\u00e8mes robotiques, l&rsquo;efficacit\u00e9 de l&rsquo;assemblage et des processus de fabrication de haute qualit\u00e9. Gr\u00e2ce \u00e0 notre approche ax\u00e9e sur le client, nous d\u00e9veloppons des solutions adapt\u00e9es \u00e0 chaque industrie avec des conceptions de lignes d&rsquo;assemblage personnalis\u00e9es.<\/p><p>Gr\u00e2ce \u00e0 des solutions d&rsquo;ing\u00e9nierie avanc\u00e9es, nous automatisons les processus de lignes d&rsquo;assemblage et assurons un assemblage de haute pr\u00e9cision avec des syst\u00e8mes robotiques. Avec les logiciels CATIA V5 et HyperMill, nous optimisons les processus d&rsquo;usinage, de fabrication soud\u00e9e, de mod\u00e9lisation num\u00e9rique et d&rsquo;usinage CNC \u00e0 chaque \u00e9tape de nos projets. Cela nous permet d&rsquo;offrir une efficacit\u00e9 maximale, une haute qualit\u00e9 et des solutions d&rsquo;ing\u00e9nierie avanc\u00e9es dans les processus de lignes d&rsquo;assemblage.<\/p><p>FABALP Makine s&rsquo;efforce d&rsquo;optimiser les processus de production et de mettre en \u0153uvre des projets durables pour ses clients gr\u00e2ce \u00e0 la flexibilit\u00e9 et aux conceptions personnalis\u00e9es des solutions de lignes d&rsquo;assemblage. En utilisant des infrastructures technologiques et des comp\u00e9tences d&rsquo;ing\u00e9nierie \u00e9lev\u00e9es \u00e0 chaque \u00e9tape, y compris la conception industrielle, l&rsquo;int\u00e9gration de l&rsquo;automatisation, les syst\u00e8mes d&rsquo;automatisation robotique et l&rsquo;assemblage \u00e9lectrique sur site, nous fournissons les solutions les plus efficaces pour les lignes d&rsquo;assemblage.<\/p><p>FABALP Makine propose des solutions enti\u00e8rement personnalis\u00e9es pour vos projets de lignes d&rsquo;assemblage avec des technologies de nouvelle g\u00e9n\u00e9ration, l&rsquo;automatisation robotique et des solutions de production efficaces. Contactez-nous pour tous vos besoins en lignes d&rsquo;assemblage, et laissons-nous donner vie \u00e0 vos projets avec une haute qualit\u00e9, une livraison rapide et l&rsquo;excellence.<\/p>\t\t\t\t\t\t\t\t<\/div>\n\t\t\t\t<\/div>\n\t\t\t\t\t<\/div>\n\t\t<\/div>\n\t\t\t\t\t<\/div>\n\t\t<\/section>\n\t\t\t\t<\/div>\n\t\t","protected":false},"excerpt":{"rendered":"<p>Lignes d&rsquo; Assemblage Solutions de lignes d&rsquo;assemblage | Syst\u00e8mes de production personnalis\u00e9s et automatisation industrielle FABALP Makine End\u00fcstrisi Sanayi ve Ticaret A.\u015e. propose des processus de fabrication efficaces avec des solutions de lignes d&rsquo;assemblage pour les secteurs de l&rsquo;automobile et des syst\u00e8mes ferroviaires. De la conception de lignes d&rsquo;assemblage cl\u00e9s en main \u00e0 la fabrication soud\u00e9e, les syst\u00e8mes d&rsquo;automatisation, les syst\u00e8mes d&rsquo;assemblage pneumatiques, les syst\u00e8mes \u00e9lectriques et l&rsquo;int\u00e9gration de l&rsquo;automatisation robotique, nous mettons en \u0153uvre rapidement les processus de l&rsquo;Industrie 4.0 et de transformation num\u00e9rique avec une large gamme de services. Nos solutions de lignes d&rsquo;assemblage augmentent la vitesse de production et r\u00e9duisent les co\u00fbts op\u00e9rationnels pour nos clients en fournissant l&rsquo;automatisation industrielle, des lignes de production efficaces, des syst\u00e8mes robotiques, l&rsquo;efficacit\u00e9 de l&rsquo;assemblage et des processus de fabrication de haute qualit\u00e9. Gr\u00e2ce \u00e0 notre approche ax\u00e9e sur le client, nous d\u00e9veloppons des solutions adapt\u00e9es \u00e0 chaque industrie avec des conceptions de lignes d&rsquo;assemblage personnalis\u00e9es. Gr\u00e2ce \u00e0 des solutions d&rsquo;ing\u00e9nierie avanc\u00e9es, nous automatisons les processus de lignes d&rsquo;assemblage et assurons un assemblage de haute pr\u00e9cision avec des syst\u00e8mes robotiques. Avec les logiciels CATIA V5 et HyperMill, nous optimisons les processus d&rsquo;usinage, de fabrication soud\u00e9e, de mod\u00e9lisation num\u00e9rique et d&rsquo;usinage CNC \u00e0 chaque \u00e9tape de nos projets. Cela nous permet d&rsquo;offrir une efficacit\u00e9 maximale, une haute qualit\u00e9 et des solutions d&rsquo;ing\u00e9nierie avanc\u00e9es dans les processus de lignes d&rsquo;assemblage. FABALP Makine s&rsquo;efforce d&rsquo;optimiser les processus de production et de mettre en \u0153uvre des projets durables pour ses clients gr\u00e2ce \u00e0 la flexibilit\u00e9 et aux conceptions personnalis\u00e9es des solutions de lignes d&rsquo;assemblage. En utilisant des infrastructures technologiques et des comp\u00e9tences d&rsquo;ing\u00e9nierie \u00e9lev\u00e9es \u00e0 chaque \u00e9tape, y compris la conception industrielle, l&rsquo;int\u00e9gration de l&rsquo;automatisation, les syst\u00e8mes d&rsquo;automatisation robotique et l&rsquo;assemblage \u00e9lectrique sur site, nous fournissons les solutions les plus efficaces pour les lignes d&rsquo;assemblage. FABALP Makine propose des solutions enti\u00e8rement personnalis\u00e9es pour vos projets de lignes d&rsquo;assemblage avec des technologies de nouvelle g\u00e9n\u00e9ration, l&rsquo;automatisation robotique et des solutions de production efficaces. Contactez-nous pour tous vos besoins en lignes d&rsquo;assemblage, et laissons-nous donner vie \u00e0 vos projets avec une haute qualit\u00e9, une livraison rapide et l&rsquo;excellence.<\/p>\n","protected":false},"author":1,"featured_media":0,"parent":0,"menu_order":0,"comment_status":"closed","ping_status":"closed","template":"","meta":{"site-sidebar-layout":"no-sidebar","site-content-layout":"page-builder","ast-site-content-layout":"full-width-container","site-content-style":"unboxed","site-sidebar-style":"unboxed","ast-global-header-display":"","ast-banner-title-visibility":"","ast-main-header-display":"","ast-hfb-above-header-display":"","ast-hfb-below-header-display":"","ast-hfb-mobile-header-display":"","site-post-title":"disabled","ast-breadcrumbs-content":"disabled","ast-featured-img":"disabled","footer-sml-layout":"","ast-disable-related-posts":"","theme-transparent-header-meta":"enabled","adv-header-id-meta":"","stick-header-meta":"","header-above-stick-meta":"","header-main-stick-meta":"","header-below-stick-meta":"","astra-migrate-meta-layouts":"set","ast-page-background-enabled":"default","ast-page-background-meta":{"desktop":{"background-color":"","background-image":"","background-repeat":"repeat","background-position":"center center","background-size":"auto","background-attachment":"scroll","background-type":"","background-media":"","overlay-type":"","overlay-color":"","overlay-opacity":"","overlay-gradient":""},"tablet":{"background-color":"","background-image":"","background-repeat":"repeat","background-position":"center center","background-size":"auto","background-attachment":"scroll","background-type":"","background-media":"","overlay-type":"","overlay-color":"","overlay-opacity":"","overlay-gradient":""},"mobile":{"background-color":"","background-image":"","background-repeat":"repeat","background-position":"center center","background-size":"auto","background-attachment":"scroll","background-type":"","background-media":"","overlay-type":"","overlay-color":"","overlay-opacity":"","overlay-gradient":""}},"ast-content-background-meta":{"desktop":{"background-color":"var(--ast-global-color-5)","background-image":"","background-repeat":"repeat","background-position":"center center","background-size":"auto","background-attachment":"scroll","background-type":"","background-media":"","overlay-type":"","overlay-color":"","overlay-opacity":"","overlay-gradient":""},"tablet":{"background-color":"var(--ast-global-color-5)","background-image":"","background-repeat":"repeat","background-position":"center center","background-size":"auto","background-attachment":"scroll","background-type":"","background-media":"","overlay-type":"","overlay-color":"","overlay-opacity":"","overlay-gradient":""},"mobile":{"background-color":"var(--ast-global-color-5)","background-image":"","background-repeat":"repeat","background-position":"center center","background-size":"auto","background-attachment":"scroll","background-type":"","background-media":"","overlay-type":"","overlay-color":"","overlay-opacity":"","overlay-gradient":""}},"footnotes":""},"class_list":["post-2679","page","type-page","status-publish","hentry"],"aioseo_notices":[],"_links":{"self":[{"href":"https:\/\/www.fabalp.com\/fr\/wp-json\/wp\/v2\/pages\/2679","targetHints":{"allow":["GET"]}}],"collection":[{"href":"https:\/\/www.fabalp.com\/fr\/wp-json\/wp\/v2\/pages"}],"about":[{"href":"https:\/\/www.fabalp.com\/fr\/wp-json\/wp\/v2\/types\/page"}],"author":[{"embeddable":true,"href":"https:\/\/www.fabalp.com\/fr\/wp-json\/wp\/v2\/users\/1"}],"replies":[{"embeddable":true,"href":"https:\/\/www.fabalp.com\/fr\/wp-json\/wp\/v2\/comments?post=2679"}],"version-history":[{"count":19,"href":"https:\/\/www.fabalp.com\/fr\/wp-json\/wp\/v2\/pages\/2679\/revisions"}],"predecessor-version":[{"id":4749,"href":"https:\/\/www.fabalp.com\/fr\/wp-json\/wp\/v2\/pages\/2679\/revisions\/4749"}],"wp:attachment":[{"href":"https:\/\/www.fabalp.com\/fr\/wp-json\/wp\/v2\/media?parent=2679"}],"curies":[{"name":"wp","href":"https:\/\/api.w.org\/{rel}","templated":true}]}}