{"id":2676,"date":"2025-04-07T10:57:48","date_gmt":"2025-04-07T10:57:48","guid":{"rendered":"https:\/\/www.fabalp.com\/ozel-makine-cozumleri\/"},"modified":"2025-05-20T07:47:42","modified_gmt":"2025-05-20T07:47:42","slug":"conceptions-de-machines-sur-mesure","status":"publish","type":"page","link":"https:\/\/www.fabalp.com\/fr\/conceptions-de-machines-sur-mesure\/","title":{"rendered":"Conceptions de Machines Sur-Mesure"},"content":{"rendered":"\t\t<div data-elementor-type=\"wp-page\" data-elementor-id=\"2676\" class=\"elementor elementor-2676\">\n\t\t\t\t<div class=\"elementor-element elementor-element-f81d53b e-flex e-con-boxed wpr-particle-no wpr-jarallax-no wpr-parallax-no wpr-sticky-section-no e-con e-parent\" data-id=\"f81d53b\" data-element_type=\"container\" data-e-type=\"container\" data-settings=\"{&quot;background_background&quot;:&quot;classic&quot;}\">\n\t\t\t\t\t<div class=\"e-con-inner\">\n\t\t\t\t<div class=\"elementor-element elementor-element-57bc54a elementor-widget-divider--separator-type-pattern elementor-widget-divider--view-line elementor-widget elementor-widget-divider\" data-id=\"57bc54a\" data-element_type=\"widget\" data-e-type=\"widget\" data-widget_type=\"divider.default\">\n\t\t\t\t<div class=\"elementor-widget-container\">\n\t\t\t\t\t\t\t<div class=\"elementor-divider\" style=\"--divider-pattern-url: url(&quot;data:image\/svg+xml,%3Csvg xmlns=&#039;http:\/\/www.w3.org\/2000\/svg&#039; preserveAspectRatio=&#039;none&#039; overflow=&#039;visible&#039; height=&#039;100%&#039; viewBox=&#039;0 0 24 24&#039; fill=&#039;black&#039; stroke=&#039;none&#039;%3E%3Cpolygon points=&#039;9.4,2 24,2 14.6,21.6 0,21.6&#039;\/%3E%3C\/svg%3E&quot;);\">\n\t\t\t<span class=\"elementor-divider-separator\">\n\t\t\t\t\t\t<\/span>\n\t\t<\/div>\n\t\t\t\t\t\t<\/div>\n\t\t\t\t<\/div>\n\t\t\t\t<div class=\"elementor-element elementor-element-967fd27 elementor-widget elementor-widget-heading\" data-id=\"967fd27\" data-element_type=\"widget\" data-e-type=\"widget\" data-widget_type=\"heading.default\">\n\t\t\t\t<div class=\"elementor-widget-container\">\n\t\t\t\t\t<h2 class=\"elementor-heading-title elementor-size-default\">Conceptions de Machines Sur-Mesure<\/h2>\t\t\t\t<\/div>\n\t\t\t\t<\/div>\n\t\t\t\t<div class=\"elementor-element elementor-element-6766efc elementor-widget elementor-widget-heading\" data-id=\"6766efc\" data-element_type=\"widget\" data-e-type=\"widget\" data-widget_type=\"heading.default\">\n\t\t\t\t<div class=\"elementor-widget-container\">\n\t\t\t\t\t<h6 class=\"elementor-heading-title elementor-size-default\">Conceptions de Machines Sur-Mesure | Solutions de Production et d'Automatisation Industrielle Personnalis\u00e9es\n\n<\/h6>\t\t\t\t<\/div>\n\t\t\t\t<\/div>\n\t\t\t\t\t<\/div>\n\t\t\t\t<\/div>\n\t\t\t\t<section class=\"elementor-section elementor-top-section elementor-element elementor-element-abe2b49 elementor-section-content-top elementor-section-boxed elementor-section-height-default elementor-section-height-default wpr-particle-no wpr-jarallax-no wpr-parallax-no wpr-sticky-section-no\" data-id=\"abe2b49\" data-element_type=\"section\" data-e-type=\"section\" data-settings=\"{&quot;background_background&quot;:&quot;classic&quot;}\">\n\t\t\t\t\t\t\t<div class=\"elementor-background-overlay\"><\/div>\n\t\t\t\t\t\t\t<div class=\"elementor-container elementor-column-gap-no\">\n\t\t\t\t\t<div class=\"elementor-column elementor-col-100 elementor-top-column elementor-element elementor-element-0780e19\" data-id=\"0780e19\" data-element_type=\"column\" data-e-type=\"column\">\n\t\t\t<div class=\"elementor-widget-wrap elementor-element-populated\">\n\t\t\t\t\t\t<div class=\"elementor-element elementor-element-a750807 elementor-widget elementor-widget-text-editor\" data-id=\"a750807\" data-element_type=\"widget\" data-e-type=\"widget\" data-widget_type=\"text-editor.default\">\n\t\t\t\t<div class=\"elementor-widget-container\">\n\t\t\t\t\t\t\t\t\t<p>FABALP Makine End\u00fcstrisi Sanayi ve Ticaret A.\u015e. est une entreprise sp\u00e9cialis\u00e9e dans la conception et la production de machines sur mesure adapt\u00e9es aux besoins des secteurs de l&rsquo;automobile et des syst\u00e8mes ferroviaires. En proposant des machines sur mesure pour tous types de besoins industriels, nous optimisons vos processus de production, augmentons l&rsquo;efficacit\u00e9 et r\u00e9duisons les co\u00fbts de main-d&rsquo;\u0153uvre.<\/p><p>En fonction des demandes de nos clients, nous offrons des solutions d&rsquo;ing\u00e9nierie innovantes pour les machines sur mesure, produisant des machines personnalis\u00e9es avec tous types de conceptions sp\u00e9ciales, d&rsquo;automatisation robotique et d&rsquo;int\u00e9gration de haute technologie. Ces machines garantissent une efficacit\u00e9 maximale et une haute qualit\u00e9 dans vos lignes de production.<\/p><p>FABALP Makine fournit des solutions pour la conception de machines sur mesure avec de fortes comp\u00e9tences en ing\u00e9nierie et une infrastructure technologique. Nous personnalisons vos machines en fournissant des machines modulaires, des syst\u00e8mes d&rsquo;automatisation, des int\u00e9grations robotiques et des flux de travail efficaces bas\u00e9s sur vos processus de production.<\/p><p>Dans chaque projet, l&rsquo;objectif est d&rsquo;assurer l&rsquo;efficacit\u00e9, la rapidit\u00e9 et un faible taux d&rsquo;erreur dans la conception des machines sur mesure. Les machines sur mesure, en particulier avec des lignes de production personnalis\u00e9es, des syst\u00e8mes robotiques, des machines autonomes et des machines haute performance, offrent des solutions pour divers besoins industriels.<\/p><p>FABALP Makine renforce votre avantage concurrentiel dans l&rsquo;industrie avec des machines sur mesure, rendant vos processus commerciaux plus rapides, plus efficaces et plus s\u00fbrs. Contactez-nous pour concevoir des machines sur mesure adapt\u00e9es \u00e0 vos processus de production, et donnons vie \u00e0 vos projets rapidement et avec une haute qualit\u00e9.<\/p>\t\t\t\t\t\t\t\t<\/div>\n\t\t\t\t<\/div>\n\t\t\t\t\t<\/div>\n\t\t<\/div>\n\t\t\t\t\t<\/div>\n\t\t<\/section>\n\t\t\t\t<\/div>\n\t\t","protected":false},"excerpt":{"rendered":"<p>Conceptions de Machines Sur-Mesure Conceptions de Machines Sur-Mesure | Solutions de Production et d&rsquo;Automatisation Industrielle Personnalis\u00e9es FABALP Makine End\u00fcstrisi Sanayi ve Ticaret A.\u015e. est une entreprise sp\u00e9cialis\u00e9e dans la conception et la production de machines sur mesure adapt\u00e9es aux besoins des secteurs de l&rsquo;automobile et des syst\u00e8mes ferroviaires. En proposant des machines sur mesure pour tous types de besoins industriels, nous optimisons vos processus de production, augmentons l&rsquo;efficacit\u00e9 et r\u00e9duisons les co\u00fbts de main-d&rsquo;\u0153uvre. En fonction des demandes de nos clients, nous offrons des solutions d&rsquo;ing\u00e9nierie innovantes pour les machines sur mesure, produisant des machines personnalis\u00e9es avec tous types de conceptions sp\u00e9ciales, d&rsquo;automatisation robotique et d&rsquo;int\u00e9gration de haute technologie. Ces machines garantissent une efficacit\u00e9 maximale et une haute qualit\u00e9 dans vos lignes de production. FABALP Makine fournit des solutions pour la conception de machines sur mesure avec de fortes comp\u00e9tences en ing\u00e9nierie et une infrastructure technologique. Nous personnalisons vos machines en fournissant des machines modulaires, des syst\u00e8mes d&rsquo;automatisation, des int\u00e9grations robotiques et des flux de travail efficaces bas\u00e9s sur vos processus de production. Dans chaque projet, l&rsquo;objectif est d&rsquo;assurer l&rsquo;efficacit\u00e9, la rapidit\u00e9 et un faible taux d&rsquo;erreur dans la conception des machines sur mesure. Les machines sur mesure, en particulier avec des lignes de production personnalis\u00e9es, des syst\u00e8mes robotiques, des machines autonomes et des machines haute performance, offrent des solutions pour divers besoins industriels. FABALP Makine renforce votre avantage concurrentiel dans l&rsquo;industrie avec des machines sur mesure, rendant vos processus commerciaux plus rapides, plus efficaces et plus s\u00fbrs. Contactez-nous pour concevoir des machines sur mesure adapt\u00e9es \u00e0 vos processus de production, et donnons vie \u00e0 vos projets rapidement et avec une haute qualit\u00e9.<\/p>\n","protected":false},"author":1,"featured_media":0,"parent":0,"menu_order":0,"comment_status":"closed","ping_status":"closed","template":"","meta":{"site-sidebar-layout":"no-sidebar","site-content-layout":"page-builder","ast-site-content-layout":"full-width-container","site-content-style":"unboxed","site-sidebar-style":"unboxed","ast-global-header-display":"","ast-banner-title-visibility":"","ast-main-header-display":"","ast-hfb-above-header-display":"","ast-hfb-below-header-display":"","ast-hfb-mobile-header-display":"","site-post-title":"disabled","ast-breadcrumbs-content":"disabled","ast-featured-img":"disabled","footer-sml-layout":"","ast-disable-related-posts":"","theme-transparent-header-meta":"enabled","adv-header-id-meta":"","stick-header-meta":"","header-above-stick-meta":"","header-main-stick-meta":"","header-below-stick-meta":"","astra-migrate-meta-layouts":"set","ast-page-background-enabled":"default","ast-page-background-meta":{"desktop":{"background-color":"","background-image":"","background-repeat":"repeat","background-position":"center center","background-size":"auto","background-attachment":"scroll","background-type":"","background-media":"","overlay-type":"","overlay-color":"","overlay-opacity":"","overlay-gradient":""},"tablet":{"background-color":"","background-image":"","background-repeat":"repeat","background-position":"center center","background-size":"auto","background-attachment":"scroll","background-type":"","background-media":"","overlay-type":"","overlay-color":"","overlay-opacity":"","overlay-gradient":""},"mobile":{"background-color":"","background-image":"","background-repeat":"repeat","background-position":"center center","background-size":"auto","background-attachment":"scroll","background-type":"","background-media":"","overlay-type":"","overlay-color":"","overlay-opacity":"","overlay-gradient":""}},"ast-content-background-meta":{"desktop":{"background-color":"var(--ast-global-color-5)","background-image":"","background-repeat":"repeat","background-position":"center center","background-size":"auto","background-attachment":"scroll","background-type":"","background-media":"","overlay-type":"","overlay-color":"","overlay-opacity":"","overlay-gradient":""},"tablet":{"background-color":"var(--ast-global-color-5)","background-image":"","background-repeat":"repeat","background-position":"center center","background-size":"auto","background-attachment":"scroll","background-type":"","background-media":"","overlay-type":"","overlay-color":"","overlay-opacity":"","overlay-gradient":""},"mobile":{"background-color":"var(--ast-global-color-5)","background-image":"","background-repeat":"repeat","background-position":"center center","background-size":"auto","background-attachment":"scroll","background-type":"","background-media":"","overlay-type":"","overlay-color":"","overlay-opacity":"","overlay-gradient":""}},"footnotes":""},"class_list":["post-2676","page","type-page","status-publish","hentry"],"aioseo_notices":[],"_links":{"self":[{"href":"https:\/\/www.fabalp.com\/fr\/wp-json\/wp\/v2\/pages\/2676","targetHints":{"allow":["GET"]}}],"collection":[{"href":"https:\/\/www.fabalp.com\/fr\/wp-json\/wp\/v2\/pages"}],"about":[{"href":"https:\/\/www.fabalp.com\/fr\/wp-json\/wp\/v2\/types\/page"}],"author":[{"embeddable":true,"href":"https:\/\/www.fabalp.com\/fr\/wp-json\/wp\/v2\/users\/1"}],"replies":[{"embeddable":true,"href":"https:\/\/www.fabalp.com\/fr\/wp-json\/wp\/v2\/comments?post=2676"}],"version-history":[{"count":18,"href":"https:\/\/www.fabalp.com\/fr\/wp-json\/wp\/v2\/pages\/2676\/revisions"}],"predecessor-version":[{"id":4944,"href":"https:\/\/www.fabalp.com\/fr\/wp-json\/wp\/v2\/pages\/2676\/revisions\/4944"}],"wp:attachment":[{"href":"https:\/\/www.fabalp.com\/fr\/wp-json\/wp\/v2\/media?parent=2676"}],"curies":[{"name":"wp","href":"https:\/\/api.w.org\/{rel}","templated":true}]}}