{"id":2669,"date":"2025-04-07T10:58:49","date_gmt":"2025-04-07T10:58:49","guid":{"rendered":"https:\/\/www.fabalp.com\/robot-kollari-cozumleri\/"},"modified":"2025-05-16T13:20:27","modified_gmt":"2025-05-16T13:20:27","slug":"systemes-robotiques","status":"publish","type":"page","link":"https:\/\/www.fabalp.com\/fr\/systemes-robotiques\/","title":{"rendered":"Syst\u00e8mes Robotiques"},"content":{"rendered":"\t\t<div data-elementor-type=\"wp-page\" data-elementor-id=\"2669\" class=\"elementor elementor-2669\">\n\t\t\t\t<div class=\"elementor-element elementor-element-f81d53b e-flex e-con-boxed wpr-particle-no wpr-jarallax-no wpr-parallax-no wpr-sticky-section-no e-con e-parent\" data-id=\"f81d53b\" data-element_type=\"container\" data-e-type=\"container\" data-settings=\"{&quot;background_background&quot;:&quot;classic&quot;}\">\n\t\t\t\t\t<div class=\"e-con-inner\">\n\t\t\t\t<div class=\"elementor-element elementor-element-57bc54a elementor-widget-divider--separator-type-pattern elementor-widget-divider--view-line elementor-widget elementor-widget-divider\" data-id=\"57bc54a\" data-element_type=\"widget\" data-e-type=\"widget\" data-widget_type=\"divider.default\">\n\t\t\t\t<div class=\"elementor-widget-container\">\n\t\t\t\t\t\t\t<div class=\"elementor-divider\" style=\"--divider-pattern-url: url(&quot;data:image\/svg+xml,%3Csvg xmlns=&#039;http:\/\/www.w3.org\/2000\/svg&#039; preserveAspectRatio=&#039;none&#039; overflow=&#039;visible&#039; height=&#039;100%&#039; viewBox=&#039;0 0 24 24&#039; fill=&#039;black&#039; stroke=&#039;none&#039;%3E%3Cpolygon points=&#039;9.4,2 24,2 14.6,21.6 0,21.6&#039;\/%3E%3C\/svg%3E&quot;);\">\n\t\t\t<span class=\"elementor-divider-separator\">\n\t\t\t\t\t\t<\/span>\n\t\t<\/div>\n\t\t\t\t\t\t<\/div>\n\t\t\t\t<\/div>\n\t\t\t\t<div class=\"elementor-element elementor-element-967fd27 elementor-widget elementor-widget-heading\" data-id=\"967fd27\" data-element_type=\"widget\" data-e-type=\"widget\" data-widget_type=\"heading.default\">\n\t\t\t\t<div class=\"elementor-widget-container\">\n\t\t\t\t\t<h2 class=\"elementor-heading-title elementor-size-default\">Syst\u00e8mes Robotiques<\/h2>\t\t\t\t<\/div>\n\t\t\t\t<\/div>\n\t\t\t\t<div class=\"elementor-element elementor-element-b18821e elementor-widget elementor-widget-heading\" data-id=\"b18821e\" data-element_type=\"widget\" data-e-type=\"widget\" data-widget_type=\"heading.default\">\n\t\t\t\t<div class=\"elementor-widget-container\">\n\t\t\t\t\t<h6 class=\"elementor-heading-title elementor-size-default\">Syst\u00e8mes D'automatisation Robotiques | Solutions Robotiques Industrielles et Int\u00e9gration<\/h6>\t\t\t\t<\/div>\n\t\t\t\t<\/div>\n\t\t\t\t\t<\/div>\n\t\t\t\t<\/div>\n\t\t\t\t<section class=\"elementor-section elementor-top-section elementor-element elementor-element-abe2b49 elementor-section-content-top elementor-section-boxed elementor-section-height-default elementor-section-height-default wpr-particle-no wpr-jarallax-no wpr-parallax-no wpr-sticky-section-no\" data-id=\"abe2b49\" data-element_type=\"section\" data-e-type=\"section\" data-settings=\"{&quot;background_background&quot;:&quot;classic&quot;}\">\n\t\t\t\t\t\t\t<div class=\"elementor-background-overlay\"><\/div>\n\t\t\t\t\t\t\t<div class=\"elementor-container elementor-column-gap-no\">\n\t\t\t\t\t<div class=\"elementor-column elementor-col-100 elementor-top-column elementor-element elementor-element-0780e19\" data-id=\"0780e19\" data-element_type=\"column\" data-e-type=\"column\">\n\t\t\t<div class=\"elementor-widget-wrap elementor-element-populated\">\n\t\t\t\t\t\t<div class=\"elementor-element elementor-element-a750807 elementor-widget elementor-widget-text-editor\" data-id=\"a750807\" data-element_type=\"widget\" data-e-type=\"widget\" data-widget_type=\"text-editor.default\">\n\t\t\t\t<div class=\"elementor-widget-container\">\n\t\t\t\t\t\t\t\t\t<p>FABALP Makine End\u00fcstrisi Sanayi ve Ticaret A.\u015e. am\u00e9liore vos processus de production et augmente l&rsquo;efficacit\u00e9 gr\u00e2ce aux solutions de bras robotiques dans les secteurs de l&rsquo;automobile et des syst\u00e8mes ferroviaires. Les bras robotiques, combin\u00e9s \u00e0 l&rsquo;automatisation industrielle, aux syst\u00e8mes robotiques et aux lignes de production automatis\u00e9es, am\u00e9liorent la productivit\u00e9 de la main-d&rsquo;\u0153uvre, assurant une production rapide, de haute qualit\u00e9 et sans erreur.<\/p><p>FABALP Makine propose des solutions adapt\u00e9es \u00e0 tous les besoins industriels avec des bras robotiques. Les bras robotiques sont id\u00e9aux pour l&rsquo;assemblage automatique et les op\u00e9rations n\u00e9cessitant une grande pr\u00e9cision. Les bras robotiques avec une port\u00e9e \u00e9tendue am\u00e9liorent l&rsquo;efficacit\u00e9 et r\u00e9duisent les co\u00fbts de main-d&rsquo;\u0153uvre dans les op\u00e9rations de soudage robotique, de manutention, d&rsquo;assemblage et d&#8217;emballage.<\/p><p>Nos solutions de bras robotiques s&rsquo;int\u00e8grent \u00e0 l&rsquo;int\u00e9gration des syst\u00e8mes robotiques, aux lignes de production automatis\u00e9es et aux syst\u00e8mes d&rsquo;assemblage robotis\u00e9s pour garantir une efficacit\u00e9 maximale dans vos processus de production. FABALP Makine optimise vos processus commerciaux avec des syst\u00e8mes d&rsquo;automatisation, des processus de production rapides et une haute qualit\u00e9 fournie par les bras robotiques.<\/p><p>Dans chaque projet, l&rsquo;objectif est d&rsquo;atteindre une grande pr\u00e9cision et un faible taux d&rsquo;erreur avec les bras robotiques. En tant que FABALP Makine, nous offrons des solutions personnalis\u00e9es avec des bras robotiques et des solutions robotiques. Les syst\u00e8mes de bras robotiques assurent une automatisation compl\u00e8te pour la production industrielle, l&rsquo;assemblage, le soudage, la manutention, l&#8217;emballage et bien d&rsquo;autres processus.<\/p><p>FABALP Makine est toujours \u00e0 vos c\u00f4t\u00e9s, offrant des processus de production efficaces et s\u00fbrs avec des bras robotiques, augmentant la productivit\u00e9 de votre main-d&rsquo;\u0153uvre et acc\u00e9l\u00e9rant vos processus d&rsquo;automatisation industrielle. Optimisez vos processus de production avec une efficacit\u00e9 \u00e9lev\u00e9e et des co\u00fbts r\u00e9duits en utilisant des syst\u00e8mes robotiques, des lignes d&rsquo;assemblage automatis\u00e9es, des robots de manutention et des solutions robotiques.<\/p><p>Contactez-nous pour les solutions de bras robotiques les plus adapt\u00e9es \u00e0 vos besoins, et donnons vie \u00e0 vos projets avec une haute qualit\u00e9, une livraison rapide et une efficacit\u00e9 maximale.<\/p>\t\t\t\t\t\t\t\t<\/div>\n\t\t\t\t<\/div>\n\t\t\t\t\t<\/div>\n\t\t<\/div>\n\t\t\t\t\t<\/div>\n\t\t<\/section>\n\t\t\t\t<\/div>\n\t\t","protected":false},"excerpt":{"rendered":"<p>Syst\u00e8mes Robotiques Syst\u00e8mes D&rsquo;automatisation Robotiques | Solutions Robotiques Industrielles et Int\u00e9gration FABALP Makine End\u00fcstrisi Sanayi ve Ticaret A.\u015e. am\u00e9liore vos processus de production et augmente l&rsquo;efficacit\u00e9 gr\u00e2ce aux solutions de bras robotiques dans les secteurs de l&rsquo;automobile et des syst\u00e8mes ferroviaires. Les bras robotiques, combin\u00e9s \u00e0 l&rsquo;automatisation industrielle, aux syst\u00e8mes robotiques et aux lignes de production automatis\u00e9es, am\u00e9liorent la productivit\u00e9 de la main-d&rsquo;\u0153uvre, assurant une production rapide, de haute qualit\u00e9 et sans erreur. FABALP Makine propose des solutions adapt\u00e9es \u00e0 tous les besoins industriels avec des bras robotiques. Les bras robotiques sont id\u00e9aux pour l&rsquo;assemblage automatique et les op\u00e9rations n\u00e9cessitant une grande pr\u00e9cision. Les bras robotiques avec une port\u00e9e \u00e9tendue am\u00e9liorent l&rsquo;efficacit\u00e9 et r\u00e9duisent les co\u00fbts de main-d&rsquo;\u0153uvre dans les op\u00e9rations de soudage robotique, de manutention, d&rsquo;assemblage et d&#8217;emballage. Nos solutions de bras robotiques s&rsquo;int\u00e8grent \u00e0 l&rsquo;int\u00e9gration des syst\u00e8mes robotiques, aux lignes de production automatis\u00e9es et aux syst\u00e8mes d&rsquo;assemblage robotis\u00e9s pour garantir une efficacit\u00e9 maximale dans vos processus de production. FABALP Makine optimise vos processus commerciaux avec des syst\u00e8mes d&rsquo;automatisation, des processus de production rapides et une haute qualit\u00e9 fournie par les bras robotiques. Dans chaque projet, l&rsquo;objectif est d&rsquo;atteindre une grande pr\u00e9cision et un faible taux d&rsquo;erreur avec les bras robotiques. En tant que FABALP Makine, nous offrons des solutions personnalis\u00e9es avec des bras robotiques et des solutions robotiques. Les syst\u00e8mes de bras robotiques assurent une automatisation compl\u00e8te pour la production industrielle, l&rsquo;assemblage, le soudage, la manutention, l&#8217;emballage et bien d&rsquo;autres processus. FABALP Makine est toujours \u00e0 vos c\u00f4t\u00e9s, offrant des processus de production efficaces et s\u00fbrs avec des bras robotiques, augmentant la productivit\u00e9 de votre main-d&rsquo;\u0153uvre et acc\u00e9l\u00e9rant vos processus d&rsquo;automatisation industrielle. Optimisez vos processus de production avec une efficacit\u00e9 \u00e9lev\u00e9e et des co\u00fbts r\u00e9duits en utilisant des syst\u00e8mes robotiques, des lignes d&rsquo;assemblage automatis\u00e9es, des robots de manutention et des solutions robotiques. Contactez-nous pour les solutions de bras robotiques les plus adapt\u00e9es \u00e0 vos besoins, et donnons vie \u00e0 vos projets avec une haute qualit\u00e9, une livraison rapide et une efficacit\u00e9 maximale.<\/p>\n","protected":false},"author":1,"featured_media":0,"parent":0,"menu_order":0,"comment_status":"closed","ping_status":"closed","template":"","meta":{"site-sidebar-layout":"no-sidebar","site-content-layout":"page-builder","ast-site-content-layout":"full-width-container","site-content-style":"unboxed","site-sidebar-style":"unboxed","ast-global-header-display":"","ast-banner-title-visibility":"","ast-main-header-display":"","ast-hfb-above-header-display":"","ast-hfb-below-header-display":"","ast-hfb-mobile-header-display":"","site-post-title":"disabled","ast-breadcrumbs-content":"disabled","ast-featured-img":"disabled","footer-sml-layout":"","ast-disable-related-posts":"","theme-transparent-header-meta":"enabled","adv-header-id-meta":"","stick-header-meta":"","header-above-stick-meta":"","header-main-stick-meta":"","header-below-stick-meta":"","astra-migrate-meta-layouts":"set","ast-page-background-enabled":"default","ast-page-background-meta":{"desktop":{"background-color":"","background-image":"","background-repeat":"repeat","background-position":"center center","background-size":"auto","background-attachment":"scroll","background-type":"","background-media":"","overlay-type":"","overlay-color":"","overlay-opacity":"","overlay-gradient":""},"tablet":{"background-color":"","background-image":"","background-repeat":"repeat","background-position":"center center","background-size":"auto","background-attachment":"scroll","background-type":"","background-media":"","overlay-type":"","overlay-color":"","overlay-opacity":"","overlay-gradient":""},"mobile":{"background-color":"","background-image":"","background-repeat":"repeat","background-position":"center center","background-size":"auto","background-attachment":"scroll","background-type":"","background-media":"","overlay-type":"","overlay-color":"","overlay-opacity":"","overlay-gradient":""}},"ast-content-background-meta":{"desktop":{"background-color":"var(--ast-global-color-5)","background-image":"","background-repeat":"repeat","background-position":"center center","background-size":"auto","background-attachment":"scroll","background-type":"","background-media":"","overlay-type":"","overlay-color":"","overlay-opacity":"","overlay-gradient":""},"tablet":{"background-color":"var(--ast-global-color-5)","background-image":"","background-repeat":"repeat","background-position":"center center","background-size":"auto","background-attachment":"scroll","background-type":"","background-media":"","overlay-type":"","overlay-color":"","overlay-opacity":"","overlay-gradient":""},"mobile":{"background-color":"var(--ast-global-color-5)","background-image":"","background-repeat":"repeat","background-position":"center center","background-size":"auto","background-attachment":"scroll","background-type":"","background-media":"","overlay-type":"","overlay-color":"","overlay-opacity":"","overlay-gradient":""}},"footnotes":""},"class_list":["post-2669","page","type-page","status-publish","hentry"],"aioseo_notices":[],"_links":{"self":[{"href":"https:\/\/www.fabalp.com\/fr\/wp-json\/wp\/v2\/pages\/2669","targetHints":{"allow":["GET"]}}],"collection":[{"href":"https:\/\/www.fabalp.com\/fr\/wp-json\/wp\/v2\/pages"}],"about":[{"href":"https:\/\/www.fabalp.com\/fr\/wp-json\/wp\/v2\/types\/page"}],"author":[{"embeddable":true,"href":"https:\/\/www.fabalp.com\/fr\/wp-json\/wp\/v2\/users\/1"}],"replies":[{"embeddable":true,"href":"https:\/\/www.fabalp.com\/fr\/wp-json\/wp\/v2\/comments?post=2669"}],"version-history":[{"count":19,"href":"https:\/\/www.fabalp.com\/fr\/wp-json\/wp\/v2\/pages\/2669\/revisions"}],"predecessor-version":[{"id":4805,"href":"https:\/\/www.fabalp.com\/fr\/wp-json\/wp\/v2\/pages\/2669\/revisions\/4805"}],"wp:attachment":[{"href":"https:\/\/www.fabalp.com\/fr\/wp-json\/wp\/v2\/media?parent=2669"}],"curies":[{"name":"wp","href":"https:\/\/api.w.org\/{rel}","templated":true}]}}