{"id":2651,"date":"2025-04-07T11:00:25","date_gmt":"2025-04-07T11:00:25","guid":{"rendered":"https:\/\/www.fabalp.com\/robotlu-otomasyon-cozumleri\/"},"modified":"2025-05-20T11:13:11","modified_gmt":"2025-05-20T11:13:11","slug":"automatisation-robotiques","status":"publish","type":"page","link":"https:\/\/www.fabalp.com\/fr\/automatisation-robotiques\/","title":{"rendered":"Automatisation Robotiques"},"content":{"rendered":"\t\t<div data-elementor-type=\"wp-page\" data-elementor-id=\"2651\" class=\"elementor elementor-2651\">\n\t\t\t\t<div class=\"elementor-element elementor-element-f81d53b e-flex e-con-boxed wpr-particle-no wpr-jarallax-no wpr-parallax-no wpr-sticky-section-no e-con e-parent\" data-id=\"f81d53b\" data-element_type=\"container\" data-e-type=\"container\" data-settings=\"{&quot;background_background&quot;:&quot;classic&quot;}\">\n\t\t\t\t\t<div class=\"e-con-inner\">\n\t\t\t\t<div class=\"elementor-element elementor-element-57bc54a elementor-widget-divider--separator-type-pattern elementor-widget-divider--view-line elementor-widget elementor-widget-divider\" data-id=\"57bc54a\" data-element_type=\"widget\" data-e-type=\"widget\" data-widget_type=\"divider.default\">\n\t\t\t\t<div class=\"elementor-widget-container\">\n\t\t\t\t\t\t\t<div class=\"elementor-divider\" style=\"--divider-pattern-url: url(&quot;data:image\/svg+xml,%3Csvg xmlns=&#039;http:\/\/www.w3.org\/2000\/svg&#039; preserveAspectRatio=&#039;none&#039; overflow=&#039;visible&#039; height=&#039;100%&#039; viewBox=&#039;0 0 24 24&#039; fill=&#039;black&#039; stroke=&#039;none&#039;%3E%3Cpolygon points=&#039;9.4,2 24,2 14.6,21.6 0,21.6&#039;\/%3E%3C\/svg%3E&quot;);\">\n\t\t\t<span class=\"elementor-divider-separator\">\n\t\t\t\t\t\t<\/span>\n\t\t<\/div>\n\t\t\t\t\t\t<\/div>\n\t\t\t\t<\/div>\n\t\t\t\t<div class=\"elementor-element elementor-element-967fd27 elementor-widget elementor-widget-heading\" data-id=\"967fd27\" data-element_type=\"widget\" data-e-type=\"widget\" data-widget_type=\"heading.default\">\n\t\t\t\t<div class=\"elementor-widget-container\">\n\t\t\t\t\t<h2 class=\"elementor-heading-title elementor-size-default\">Automatisation Robotiques<\/h2>\t\t\t\t<\/div>\n\t\t\t\t<\/div>\n\t\t\t\t<div class=\"elementor-element elementor-element-2e08617 elementor-widget elementor-widget-heading\" data-id=\"2e08617\" data-element_type=\"widget\" data-e-type=\"widget\" data-widget_type=\"heading.default\">\n\t\t\t\t<div class=\"elementor-widget-container\">\n\t\t\t\t\t<h6 class=\"elementor-heading-title elementor-size-default\">Solutions d'Automatisation Robotiques | Augmenter l'Efficacit\u00e9avecdes Syst\u00e8mes Robotiques Industriels<\/h6>\t\t\t\t<\/div>\n\t\t\t\t<\/div>\n\t\t\t\t\t<\/div>\n\t\t\t\t<\/div>\n\t\t\t\t<section class=\"elementor-section elementor-top-section elementor-element elementor-element-abe2b49 elementor-section-content-top elementor-section-boxed elementor-section-height-default elementor-section-height-default wpr-particle-no wpr-jarallax-no wpr-parallax-no wpr-sticky-section-no\" data-id=\"abe2b49\" data-element_type=\"section\" data-e-type=\"section\" data-settings=\"{&quot;background_background&quot;:&quot;classic&quot;}\">\n\t\t\t\t\t\t\t<div class=\"elementor-background-overlay\"><\/div>\n\t\t\t\t\t\t\t<div class=\"elementor-container elementor-column-gap-no\">\n\t\t\t\t\t<div class=\"elementor-column elementor-col-100 elementor-top-column elementor-element elementor-element-0780e19\" data-id=\"0780e19\" data-element_type=\"column\" data-e-type=\"column\">\n\t\t\t<div class=\"elementor-widget-wrap elementor-element-populated\">\n\t\t\t\t\t\t<div class=\"elementor-element elementor-element-a750807 elementor-widget elementor-widget-text-editor\" data-id=\"a750807\" data-element_type=\"widget\" data-e-type=\"widget\" data-widget_type=\"text-editor.default\">\n\t\t\t\t<div class=\"elementor-widget-container\">\n\t\t\t\t\t\t\t\t\t<p>FABALP Makine End\u00fcstrisi Sanayi ve Ticaret A.\u015e. am\u00e9liore la vitesse et l&rsquo;efficacit\u00e9 de vos processus de production industrielle avec des solutions d&rsquo;automatisation robotique pour les secteurs de l&rsquo;automobile et des syst\u00e8mes ferroviaires. Les syst\u00e8mes d&rsquo;automatisation robotique, les technologies d&rsquo;automatisation et les solutions robotiques industrielles optimisent vos lignes de production et vos processus d&rsquo;assemblage, augmentant ainsi l&rsquo;efficacit\u00e9 op\u00e9rationnelle.<\/p><p>FABALP Makine contr\u00f4le minutieusement l&rsquo;acc\u00e8s des robots en utilisant les logiciels Kukasim, RobotStudio et Process Simulate. Cela nous permet de simuler la pr\u00e9cision des mouvements des robots, de d\u00e9tecter les probl\u00e8mes potentiels sur vos lignes de production \u00e0 l&rsquo;avance et de garantir des op\u00e9rations fluides.<\/p><p>Avec les syst\u00e8mes d&rsquo;automatisation robotique, nous assurons une grande efficacit\u00e9, une production rapide et une r\u00e9duction des taux d&rsquo;erreur dans les processus de lignes d&rsquo;assemblage. Nous acc\u00e9l\u00e9rons vos processus de production avec des syst\u00e8mes de soudage robotique, des syst\u00e8mes de contr\u00f4le d&rsquo;automatisation et des solutions d&rsquo;assemblage robotique.<\/p><p>FABALP Makine propose des solutions robotiques personnalis\u00e9es qui r\u00e9pondent le mieux aux besoins des clients gr\u00e2ce aux syst\u00e8mes d&rsquo;automatisation robotique et aux solutions robotiques industrielles. Avec des services tels que l&rsquo;int\u00e9gration de l&rsquo;automatisation, l&rsquo;assemblage \u00e9lectrique sur site et les syst\u00e8mes d&rsquo;assemblage pneumatiques, nous offrons des processus de production automatis\u00e9s, garantissant une efficacit\u00e9 maximale sur vos lignes de production.<\/p>\t\t\t\t\t\t\t\t<\/div>\n\t\t\t\t<\/div>\n\t\t\t\t\t<\/div>\n\t\t<\/div>\n\t\t\t\t\t<\/div>\n\t\t<\/section>\n\t\t\t\t<\/div>\n\t\t","protected":false},"excerpt":{"rendered":"<p>Automatisation Robotiques Solutions d&rsquo;Automatisation Robotiques | Augmenter l&rsquo;Efficacit\u00e9avecdes Syst\u00e8mes Robotiques Industriels FABALP Makine End\u00fcstrisi Sanayi ve Ticaret A.\u015e. am\u00e9liore la vitesse et l&rsquo;efficacit\u00e9 de vos processus de production industrielle avec des solutions d&rsquo;automatisation robotique pour les secteurs de l&rsquo;automobile et des syst\u00e8mes ferroviaires. Les syst\u00e8mes d&rsquo;automatisation robotique, les technologies d&rsquo;automatisation et les solutions robotiques industrielles optimisent vos lignes de production et vos processus d&rsquo;assemblage, augmentant ainsi l&rsquo;efficacit\u00e9 op\u00e9rationnelle. FABALP Makine contr\u00f4le minutieusement l&rsquo;acc\u00e8s des robots en utilisant les logiciels Kukasim, RobotStudio et Process Simulate. Cela nous permet de simuler la pr\u00e9cision des mouvements des robots, de d\u00e9tecter les probl\u00e8mes potentiels sur vos lignes de production \u00e0 l&rsquo;avance et de garantir des op\u00e9rations fluides. Avec les syst\u00e8mes d&rsquo;automatisation robotique, nous assurons une grande efficacit\u00e9, une production rapide et une r\u00e9duction des taux d&rsquo;erreur dans les processus de lignes d&rsquo;assemblage. Nous acc\u00e9l\u00e9rons vos processus de production avec des syst\u00e8mes de soudage robotique, des syst\u00e8mes de contr\u00f4le d&rsquo;automatisation et des solutions d&rsquo;assemblage robotique. FABALP Makine propose des solutions robotiques personnalis\u00e9es qui r\u00e9pondent le mieux aux besoins des clients gr\u00e2ce aux syst\u00e8mes d&rsquo;automatisation robotique et aux solutions robotiques industrielles. Avec des services tels que l&rsquo;int\u00e9gration de l&rsquo;automatisation, l&rsquo;assemblage \u00e9lectrique sur site et les syst\u00e8mes d&rsquo;assemblage pneumatiques, nous offrons des processus de production automatis\u00e9s, garantissant une efficacit\u00e9 maximale sur vos lignes de production.<\/p>\n","protected":false},"author":1,"featured_media":0,"parent":0,"menu_order":0,"comment_status":"closed","ping_status":"closed","template":"","meta":{"site-sidebar-layout":"no-sidebar","site-content-layout":"page-builder","ast-site-content-layout":"full-width-container","site-content-style":"unboxed","site-sidebar-style":"unboxed","ast-global-header-display":"","ast-banner-title-visibility":"","ast-main-header-display":"","ast-hfb-above-header-display":"","ast-hfb-below-header-display":"","ast-hfb-mobile-header-display":"","site-post-title":"disabled","ast-breadcrumbs-content":"disabled","ast-featured-img":"disabled","footer-sml-layout":"","ast-disable-related-posts":"","theme-transparent-header-meta":"enabled","adv-header-id-meta":"","stick-header-meta":"","header-above-stick-meta":"","header-main-stick-meta":"","header-below-stick-meta":"","astra-migrate-meta-layouts":"set","ast-page-background-enabled":"default","ast-page-background-meta":{"desktop":{"background-color":"","background-image":"","background-repeat":"repeat","background-position":"center center","background-size":"auto","background-attachment":"scroll","background-type":"","background-media":"","overlay-type":"","overlay-color":"","overlay-opacity":"","overlay-gradient":""},"tablet":{"background-color":"","background-image":"","background-repeat":"repeat","background-position":"center center","background-size":"auto","background-attachment":"scroll","background-type":"","background-media":"","overlay-type":"","overlay-color":"","overlay-opacity":"","overlay-gradient":""},"mobile":{"background-color":"","background-image":"","background-repeat":"repeat","background-position":"center center","background-size":"auto","background-attachment":"scroll","background-type":"","background-media":"","overlay-type":"","overlay-color":"","overlay-opacity":"","overlay-gradient":""}},"ast-content-background-meta":{"desktop":{"background-color":"var(--ast-global-color-5)","background-image":"","background-repeat":"repeat","background-position":"center center","background-size":"auto","background-attachment":"scroll","background-type":"","background-media":"","overlay-type":"","overlay-color":"","overlay-opacity":"","overlay-gradient":""},"tablet":{"background-color":"var(--ast-global-color-5)","background-image":"","background-repeat":"repeat","background-position":"center center","background-size":"auto","background-attachment":"scroll","background-type":"","background-media":"","overlay-type":"","overlay-color":"","overlay-opacity":"","overlay-gradient":""},"mobile":{"background-color":"var(--ast-global-color-5)","background-image":"","background-repeat":"repeat","background-position":"center center","background-size":"auto","background-attachment":"scroll","background-type":"","background-media":"","overlay-type":"","overlay-color":"","overlay-opacity":"","overlay-gradient":""}},"footnotes":""},"class_list":["post-2651","page","type-page","status-publish","hentry"],"aioseo_notices":[],"_links":{"self":[{"href":"https:\/\/www.fabalp.com\/fr\/wp-json\/wp\/v2\/pages\/2651","targetHints":{"allow":["GET"]}}],"collection":[{"href":"https:\/\/www.fabalp.com\/fr\/wp-json\/wp\/v2\/pages"}],"about":[{"href":"https:\/\/www.fabalp.com\/fr\/wp-json\/wp\/v2\/types\/page"}],"author":[{"embeddable":true,"href":"https:\/\/www.fabalp.com\/fr\/wp-json\/wp\/v2\/users\/1"}],"replies":[{"embeddable":true,"href":"https:\/\/www.fabalp.com\/fr\/wp-json\/wp\/v2\/comments?post=2651"}],"version-history":[{"count":16,"href":"https:\/\/www.fabalp.com\/fr\/wp-json\/wp\/v2\/pages\/2651\/revisions"}],"predecessor-version":[{"id":5379,"href":"https:\/\/www.fabalp.com\/fr\/wp-json\/wp\/v2\/pages\/2651\/revisions\/5379"}],"wp:attachment":[{"href":"https:\/\/www.fabalp.com\/fr\/wp-json\/wp\/v2\/media?parent=2651"}],"curies":[{"name":"wp","href":"https:\/\/api.w.org\/{rel}","templated":true}]}}