{"id":2647,"date":"2025-04-07T11:01:06","date_gmt":"2025-04-07T11:01:06","guid":{"rendered":"https:\/\/www.fabalp.com\/transfer-press-hatlari-cozumleri\/"},"modified":"2025-05-20T11:22:08","modified_gmt":"2025-05-20T11:22:08","slug":"presse-de-transfert","status":"publish","type":"page","link":"https:\/\/www.fabalp.com\/fr\/presse-de-transfert\/","title":{"rendered":"Presse de Transfert"},"content":{"rendered":"\t\t<div data-elementor-type=\"wp-page\" data-elementor-id=\"2647\" class=\"elementor elementor-2647\">\n\t\t\t\t<div class=\"elementor-element elementor-element-f81d53b e-flex e-con-boxed wpr-particle-no wpr-jarallax-no wpr-parallax-no wpr-sticky-section-no e-con e-parent\" data-id=\"f81d53b\" data-element_type=\"container\" data-e-type=\"container\" data-settings=\"{&quot;background_background&quot;:&quot;classic&quot;}\">\n\t\t\t\t\t<div class=\"e-con-inner\">\n\t\t\t\t<div class=\"elementor-element elementor-element-57bc54a elementor-widget-divider--separator-type-pattern elementor-widget-divider--view-line elementor-widget elementor-widget-divider\" data-id=\"57bc54a\" data-element_type=\"widget\" data-e-type=\"widget\" data-widget_type=\"divider.default\">\n\t\t\t\t<div class=\"elementor-widget-container\">\n\t\t\t\t\t\t\t<div class=\"elementor-divider\" style=\"--divider-pattern-url: url(&quot;data:image\/svg+xml,%3Csvg xmlns=&#039;http:\/\/www.w3.org\/2000\/svg&#039; preserveAspectRatio=&#039;none&#039; overflow=&#039;visible&#039; height=&#039;100%&#039; viewBox=&#039;0 0 24 24&#039; fill=&#039;black&#039; stroke=&#039;none&#039;%3E%3Cpolygon points=&#039;9.4,2 24,2 14.6,21.6 0,21.6&#039;\/%3E%3C\/svg%3E&quot;);\">\n\t\t\t<span class=\"elementor-divider-separator\">\n\t\t\t\t\t\t<\/span>\n\t\t<\/div>\n\t\t\t\t\t\t<\/div>\n\t\t\t\t<\/div>\n\t\t\t\t<div class=\"elementor-element elementor-element-967fd27 elementor-widget elementor-widget-heading\" data-id=\"967fd27\" data-element_type=\"widget\" data-e-type=\"widget\" data-widget_type=\"heading.default\">\n\t\t\t\t<div class=\"elementor-widget-container\">\n\t\t\t\t\t<h2 class=\"elementor-heading-title elementor-size-default\">Presse de Transfert<\/h2>\t\t\t\t<\/div>\n\t\t\t\t<\/div>\n\t\t\t\t<div class=\"elementor-element elementor-element-0adc51c elementor-widget elementor-widget-heading\" data-id=\"0adc51c\" data-element_type=\"widget\" data-e-type=\"widget\" data-widget_type=\"heading.default\">\n\t\t\t\t<div class=\"elementor-widget-container\">\n\t\t\t\t\t<h6 class=\"elementor-heading-title elementor-size-default\">Syst\u00e8mes de Presse de Transfert | Solutions de Formag eM\u00e9tallique et de Production \u00e0 Haute Efficacit\u00e9<\/h6>\t\t\t\t<\/div>\n\t\t\t\t<\/div>\n\t\t\t\t\t<\/div>\n\t\t\t\t<\/div>\n\t\t\t\t<section class=\"elementor-section elementor-top-section elementor-element elementor-element-abe2b49 elementor-section-content-top elementor-section-boxed elementor-section-height-default elementor-section-height-default wpr-particle-no wpr-jarallax-no wpr-parallax-no wpr-sticky-section-no\" data-id=\"abe2b49\" data-element_type=\"section\" data-e-type=\"section\" data-settings=\"{&quot;background_background&quot;:&quot;classic&quot;}\">\n\t\t\t\t\t\t\t<div class=\"elementor-background-overlay\"><\/div>\n\t\t\t\t\t\t\t<div class=\"elementor-container elementor-column-gap-no\">\n\t\t\t\t\t<div class=\"elementor-column elementor-col-100 elementor-top-column elementor-element elementor-element-0780e19\" data-id=\"0780e19\" data-element_type=\"column\" data-e-type=\"column\">\n\t\t\t<div class=\"elementor-widget-wrap elementor-element-populated\">\n\t\t\t\t\t\t<div class=\"elementor-element elementor-element-a750807 elementor-widget elementor-widget-text-editor\" data-id=\"a750807\" data-element_type=\"widget\" data-e-type=\"widget\" data-widget_type=\"text-editor.default\">\n\t\t\t\t<div class=\"elementor-widget-container\">\n\t\t\t\t\t\t\t\t\t<p>FABALP Makine End\u00fcstrisi Sanayi ve Ticaret A.\u015e. propose des processus de production \u00e0 grande vitesse et \u00e0 haute efficacit\u00e9 avec des solutions de lignes de presse de transfert pour les secteurs de l&rsquo;automobile et des syst\u00e8mes ferroviaires. Les lignes de presse de transfert fournissent des solutions id\u00e9ales pour la mise en forme des m\u00e9taux, la manutention des pi\u00e8ces et les processus d&rsquo;assemblage automatis\u00e9s. FABALP Makine garantit une efficacit\u00e9 maximale et des taux d&rsquo;erreur faibles sur vos lignes de production avec les lignes de presse de transfert.<\/p><p>Les lignes de presse de transfert offrent des solutions personnalis\u00e9es adapt\u00e9es \u00e0 chaque type de processus de production, y compris les syst\u00e8mes de transport automatiques, les machines \u00e0 matrices de haute pr\u00e9cision et les solutions de pressage \u00e0 grande vitesse. FABALP Makine fournit des solutions ax\u00e9es sur des processus de production rapides, un contr\u00f4le de haute qualit\u00e9 et une productivit\u00e9 accrue de la main-d&rsquo;\u0153uvre avec les lignes de presse de transfert.<\/p><p>Dans la conception des lignes de presse de transfert, FABALP Makine int\u00e8gre fortement l&rsquo;automatisation industrielle avec des syst\u00e8mes num\u00e9riques, des lignes d&rsquo;assemblage automatiques et des int\u00e9grations robotiques. Cela am\u00e9liore l&rsquo;efficacit\u00e9 des processus de production \u00e0 fort volume, r\u00e9duisant les co\u00fbts et am\u00e9liorant la qualit\u00e9 avec les lignes de presse de transfert.<\/p><p>Dans chaque projet, nous garantissons l&rsquo;optimisation de vos processus de production avec une production rapide, une grande efficacit\u00e9 et des taux d&rsquo;erreur faibles fournis par les lignes de presse de transfert. FABALP Makine am\u00e9liore vos processus commerciaux en offrant des conceptions personnalis\u00e9es, des syst\u00e8mes d&rsquo;automatisation et des solutions robotiques avec les solutions de lignes de presse de transfert.<\/p><p>FABALP Makine vous aide \u00e0 atteindre vos objectifs d&rsquo;automatisation industrielle et de production durable tout en offrant une haute qualit\u00e9 et une efficacit\u00e9 maximale avec les solutions de lignes de presse de transfert. Optimisez vos processus de production avec des int\u00e9grations robotiques, des syst\u00e8mes de transport automatiques et des machines de pressage \u00e0 grande vitesse.<\/p><p>En tant que FABALP Makine, contactez-nous pour des projets qui fournissent une production rapide et s\u00fbre int\u00e9gr\u00e9e avec les processus de l&rsquo;Industrie 4.0 gr\u00e2ce aux solutions de lignes de presse de transfert.<\/p>\t\t\t\t\t\t\t\t<\/div>\n\t\t\t\t<\/div>\n\t\t\t\t\t<\/div>\n\t\t<\/div>\n\t\t\t\t\t<\/div>\n\t\t<\/section>\n\t\t\t\t<\/div>\n\t\t","protected":false},"excerpt":{"rendered":"<p>Presse de Transfert Syst\u00e8mes de Presse de Transfert | Solutions de Formag eM\u00e9tallique et de Production \u00e0 Haute Efficacit\u00e9 FABALP Makine End\u00fcstrisi Sanayi ve Ticaret A.\u015e. propose des processus de production \u00e0 grande vitesse et \u00e0 haute efficacit\u00e9 avec des solutions de lignes de presse de transfert pour les secteurs de l&rsquo;automobile et des syst\u00e8mes ferroviaires. Les lignes de presse de transfert fournissent des solutions id\u00e9ales pour la mise en forme des m\u00e9taux, la manutention des pi\u00e8ces et les processus d&rsquo;assemblage automatis\u00e9s. FABALP Makine garantit une efficacit\u00e9 maximale et des taux d&rsquo;erreur faibles sur vos lignes de production avec les lignes de presse de transfert. Les lignes de presse de transfert offrent des solutions personnalis\u00e9es adapt\u00e9es \u00e0 chaque type de processus de production, y compris les syst\u00e8mes de transport automatiques, les machines \u00e0 matrices de haute pr\u00e9cision et les solutions de pressage \u00e0 grande vitesse. FABALP Makine fournit des solutions ax\u00e9es sur des processus de production rapides, un contr\u00f4le de haute qualit\u00e9 et une productivit\u00e9 accrue de la main-d&rsquo;\u0153uvre avec les lignes de presse de transfert. Dans la conception des lignes de presse de transfert, FABALP Makine int\u00e8gre fortement l&rsquo;automatisation industrielle avec des syst\u00e8mes num\u00e9riques, des lignes d&rsquo;assemblage automatiques et des int\u00e9grations robotiques. Cela am\u00e9liore l&rsquo;efficacit\u00e9 des processus de production \u00e0 fort volume, r\u00e9duisant les co\u00fbts et am\u00e9liorant la qualit\u00e9 avec les lignes de presse de transfert. Dans chaque projet, nous garantissons l&rsquo;optimisation de vos processus de production avec une production rapide, une grande efficacit\u00e9 et des taux d&rsquo;erreur faibles fournis par les lignes de presse de transfert. FABALP Makine am\u00e9liore vos processus commerciaux en offrant des conceptions personnalis\u00e9es, des syst\u00e8mes d&rsquo;automatisation et des solutions robotiques avec les solutions de lignes de presse de transfert. FABALP Makine vous aide \u00e0 atteindre vos objectifs d&rsquo;automatisation industrielle et de production durable tout en offrant une haute qualit\u00e9 et une efficacit\u00e9 maximale avec les solutions de lignes de presse de transfert. Optimisez vos processus de production avec des int\u00e9grations robotiques, des syst\u00e8mes de transport automatiques et des machines de pressage \u00e0 grande vitesse. En tant que FABALP Makine, contactez-nous pour des projets qui fournissent une production rapide et s\u00fbre int\u00e9gr\u00e9e avec les processus de l&rsquo;Industrie 4.0 gr\u00e2ce aux solutions de lignes de presse de transfert.<\/p>\n","protected":false},"author":1,"featured_media":0,"parent":0,"menu_order":0,"comment_status":"closed","ping_status":"closed","template":"","meta":{"site-sidebar-layout":"no-sidebar","site-content-layout":"page-builder","ast-site-content-layout":"full-width-container","site-content-style":"unboxed","site-sidebar-style":"unboxed","ast-global-header-display":"","ast-banner-title-visibility":"","ast-main-header-display":"","ast-hfb-above-header-display":"","ast-hfb-below-header-display":"","ast-hfb-mobile-header-display":"","site-post-title":"disabled","ast-breadcrumbs-content":"disabled","ast-featured-img":"disabled","footer-sml-layout":"","ast-disable-related-posts":"","theme-transparent-header-meta":"enabled","adv-header-id-meta":"","stick-header-meta":"","header-above-stick-meta":"","header-main-stick-meta":"","header-below-stick-meta":"","astra-migrate-meta-layouts":"set","ast-page-background-enabled":"default","ast-page-background-meta":{"desktop":{"background-color":"","background-image":"","background-repeat":"repeat","background-position":"center center","background-size":"auto","background-attachment":"scroll","background-type":"","background-media":"","overlay-type":"","overlay-color":"","overlay-opacity":"","overlay-gradient":""},"tablet":{"background-color":"","background-image":"","background-repeat":"repeat","background-position":"center center","background-size":"auto","background-attachment":"scroll","background-type":"","background-media":"","overlay-type":"","overlay-color":"","overlay-opacity":"","overlay-gradient":""},"mobile":{"background-color":"","background-image":"","background-repeat":"repeat","background-position":"center center","background-size":"auto","background-attachment":"scroll","background-type":"","background-media":"","overlay-type":"","overlay-color":"","overlay-opacity":"","overlay-gradient":""}},"ast-content-background-meta":{"desktop":{"background-color":"var(--ast-global-color-5)","background-image":"","background-repeat":"repeat","background-position":"center center","background-size":"auto","background-attachment":"scroll","background-type":"","background-media":"","overlay-type":"","overlay-color":"","overlay-opacity":"","overlay-gradient":""},"tablet":{"background-color":"var(--ast-global-color-5)","background-image":"","background-repeat":"repeat","background-position":"center center","background-size":"auto","background-attachment":"scroll","background-type":"","background-media":"","overlay-type":"","overlay-color":"","overlay-opacity":"","overlay-gradient":""},"mobile":{"background-color":"var(--ast-global-color-5)","background-image":"","background-repeat":"repeat","background-position":"center center","background-size":"auto","background-attachment":"scroll","background-type":"","background-media":"","overlay-type":"","overlay-color":"","overlay-opacity":"","overlay-gradient":""}},"footnotes":""},"class_list":["post-2647","page","type-page","status-publish","hentry"],"aioseo_notices":[],"_links":{"self":[{"href":"https:\/\/www.fabalp.com\/fr\/wp-json\/wp\/v2\/pages\/2647","targetHints":{"allow":["GET"]}}],"collection":[{"href":"https:\/\/www.fabalp.com\/fr\/wp-json\/wp\/v2\/pages"}],"about":[{"href":"https:\/\/www.fabalp.com\/fr\/wp-json\/wp\/v2\/types\/page"}],"author":[{"embeddable":true,"href":"https:\/\/www.fabalp.com\/fr\/wp-json\/wp\/v2\/users\/1"}],"replies":[{"embeddable":true,"href":"https:\/\/www.fabalp.com\/fr\/wp-json\/wp\/v2\/comments?post=2647"}],"version-history":[{"count":15,"href":"https:\/\/www.fabalp.com\/fr\/wp-json\/wp\/v2\/pages\/2647\/revisions"}],"predecessor-version":[{"id":5431,"href":"https:\/\/www.fabalp.com\/fr\/wp-json\/wp\/v2\/pages\/2647\/revisions\/5431"}],"wp:attachment":[{"href":"https:\/\/www.fabalp.com\/fr\/wp-json\/wp\/v2\/media?parent=2647"}],"curies":[{"name":"wp","href":"https:\/\/api.w.org\/{rel}","templated":true}]}}