{"id":2731,"date":"2025-04-04T09:17:54","date_gmt":"2025-04-04T09:17:54","guid":{"rendered":"https:\/\/www.fabalp.com\/kalite-politikamiz\/"},"modified":"2025-05-13T14:05:18","modified_gmt":"2025-05-13T14:05:18","slug":"nuestra-politica-de-calidad","status":"publish","type":"page","link":"https:\/\/www.fabalp.com\/es\/nuestra-politica-de-calidad\/","title":{"rendered":"Nuestra Pol\u00edtica de Calidad"},"content":{"rendered":"\t\t<div data-elementor-type=\"wp-page\" data-elementor-id=\"2731\" class=\"elementor elementor-2731\">\n\t\t\t\t<div class=\"elementor-element elementor-element-b77077c e-flex e-con-boxed wpr-particle-no wpr-jarallax-no wpr-parallax-no wpr-sticky-section-no e-con e-parent\" data-id=\"b77077c\" data-element_type=\"container\" data-e-type=\"container\" data-settings=\"{&quot;background_background&quot;:&quot;classic&quot;}\">\n\t\t\t\t\t<div class=\"e-con-inner\">\n\t\t\t\t<div class=\"elementor-element elementor-element-b54d098 elementor-widget-divider--separator-type-pattern elementor-widget-divider--view-line elementor-widget elementor-widget-divider\" data-id=\"b54d098\" data-element_type=\"widget\" data-e-type=\"widget\" data-widget_type=\"divider.default\">\n\t\t\t\t<div class=\"elementor-widget-container\">\n\t\t\t\t\t\t\t<div class=\"elementor-divider\" style=\"--divider-pattern-url: url(&quot;data:image\/svg+xml,%3Csvg xmlns=&#039;http:\/\/www.w3.org\/2000\/svg&#039; preserveAspectRatio=&#039;none&#039; overflow=&#039;visible&#039; height=&#039;100%&#039; viewBox=&#039;0 0 24 24&#039; fill=&#039;black&#039; stroke=&#039;none&#039;%3E%3Cpolygon points=&#039;9.4,2 24,2 14.6,21.6 0,21.6&#039;\/%3E%3C\/svg%3E&quot;);\">\n\t\t\t<span class=\"elementor-divider-separator\">\n\t\t\t\t\t\t<\/span>\n\t\t<\/div>\n\t\t\t\t\t\t<\/div>\n\t\t\t\t<\/div>\n\t\t\t\t<div class=\"elementor-element elementor-element-b488096 elementor-widget elementor-widget-heading\" data-id=\"b488096\" data-element_type=\"widget\" data-e-type=\"widget\" data-widget_type=\"heading.default\">\n\t\t\t\t<div class=\"elementor-widget-container\">\n\t\t\t\t\t<h2 class=\"elementor-heading-title elementor-size-default\">Nuestra Pol\u00edtica de Calidad<\/h2>\t\t\t\t<\/div>\n\t\t\t\t<\/div>\n\t\t\t\t\t<\/div>\n\t\t\t\t<\/div>\n\t\t<div class=\"elementor-element elementor-element-c3d3f40 e-flex e-con-boxed wpr-particle-no wpr-jarallax-no wpr-parallax-no wpr-sticky-section-no e-con e-parent\" data-id=\"c3d3f40\" data-element_type=\"container\" data-e-type=\"container\" data-settings=\"{&quot;background_background&quot;:&quot;classic&quot;}\">\n\t\t\t\t\t<div class=\"e-con-inner\">\n\t\t\t\t<div class=\"elementor-element elementor-element-cbc6b19 elementor-widget elementor-widget-text-editor\" data-id=\"cbc6b19\" data-element_type=\"widget\" data-e-type=\"widget\" data-widget_type=\"text-editor.default\">\n\t\t\t\t<div class=\"elementor-widget-container\">\n\t\t\t\t\t\t\t\t\t<p>En FABALP Makine End\u00fcstrisi Sanayi ve Ticaret A.\u015e., nos enfocamos continuamente en el desarrollo y la mejora para alcanzar los m\u00e1s altos est\u00e1ndares de calidad, mantener nuestro liderazgo en la industria y satisfacer plenamente las expectativas de nuestros clientes. La calidad es la piedra angular de todos nuestros procesos de negocio.<\/p><p>Nuestra pol\u00edtica de calidad se basa en soluciones de ingenier\u00eda innovadoras, infraestructura tecnol\u00f3gica avanzada y principios de mejora continua. En todos nuestros procesos de producci\u00f3n, buscamos ofrecer los productos y servicios de m\u00e1s alta calidad mediante ingenier\u00eda precisa, enfoque en el cliente y alta eficiencia. Nos comprometemos a garantizar la excelencia en cada proyecto mediante soluciones personalizadas que satisfacen las necesidades de nuestros clientes.<\/p><p>FABALP Makine tiene como objetivo maximizar la calidad no solo en los productos, sino tambi\u00e9n en los procesos de servicio y en la forma en que operamos. Nuestro sistema de gesti\u00f3n de calidad se fortalece constantemente con formaci\u00f3n continua, innovaciones tecnol\u00f3gicas y medidas de seguridad laboral, y se construye sobre bases cada vez m\u00e1s s\u00f3lidas.<\/p><p>Nuestro objetivo es proporcionar alta calidad, fiabilidad y entregas puntuales en cada proyecto, y establecer relaciones fuertes y a largo plazo con todos nuestros socios en la industria.<\/p>\t\t\t\t\t\t\t\t<\/div>\n\t\t\t\t<\/div>\n\t\t\t\t\t<\/div>\n\t\t\t\t<\/div>\n\t\t<div class=\"elementor-element elementor-element-93f78dc e-flex e-con-boxed wpr-particle-no wpr-jarallax-no wpr-parallax-no wpr-sticky-section-no e-con e-parent\" data-id=\"93f78dc\" data-element_type=\"container\" data-e-type=\"container\" data-settings=\"{&quot;background_background&quot;:&quot;classic&quot;}\">\n\t\t\t\t\t<div class=\"e-con-inner\">\n\t\t\t\t<div class=\"elementor-element elementor-element-4ba63ba gallery-spacing-custom elementor-widget elementor-widget-image-gallery\" data-id=\"4ba63ba\" data-element_type=\"widget\" data-e-type=\"widget\" data-widget_type=\"image-gallery.default\">\n\t\t\t\t<div class=\"elementor-widget-container\">\n\t\t\t\t\t\t\t<div class=\"elementor-image-gallery\">\n\t\t\t<div id='gallery-1' class='gallery galleryid-2731 gallery-columns-4 gallery-size-full'><figure class='gallery-item'>\n\t\t\t<div class='gallery-icon landscape'>\n\t\t\t\t<a data-elementor-open-lightbox=\"yes\" data-elementor-lightbox-slideshow=\"4ba63ba\" data-e-action-hash=\"#elementor-action%3Aaction%3Dlightbox%26settings%3DeyJpZCI6MjUxNywidXJsIjoiaHR0cHM6XC9cL3d3dy5mYWJhbHAuY29tXC93cC1jb250ZW50XC91cGxvYWRzXC8yMDI1XC8wNFwvYW5hLXNheWZhLndlYnAiLCJzbGlkZXNob3ciOiI0YmE2M2JhIn0%3D\" href='https:\/\/www.fabalp.com\/wp-content\/uploads\/2025\/04\/ana-sayfa.webp'><img fetchpriority=\"high\" decoding=\"async\" width=\"1280\" height=\"853\" src=\"https:\/\/www.fabalp.com\/wp-content\/uploads\/2025\/04\/ana-sayfa.webp\" class=\"attachment-full size-full\" alt=\"\" srcset=\"https:\/\/www.fabalp.com\/wp-content\/uploads\/2025\/04\/ana-sayfa.webp 1280w, https:\/\/www.fabalp.com\/wp-content\/uploads\/2025\/04\/ana-sayfa-300x200.webp 300w, https:\/\/www.fabalp.com\/wp-content\/uploads\/2025\/04\/ana-sayfa-1024x682.webp 1024w, https:\/\/www.fabalp.com\/wp-content\/uploads\/2025\/04\/ana-sayfa-768x512.webp 768w\" sizes=\"(max-width: 1280px) 100vw, 1280px\" \/><\/a>\n\t\t\t<\/div><\/figure><figure class='gallery-item'>\n\t\t\t<div class='gallery-icon landscape'>\n\t\t\t\t<a data-elementor-open-lightbox=\"yes\" data-elementor-lightbox-slideshow=\"4ba63ba\" data-e-action-hash=\"#elementor-action%3Aaction%3Dlightbox%26settings%3DeyJpZCI6MjUxMywidXJsIjoiaHR0cHM6XC9cL3d3dy5mYWJhbHAuY29tXC93cC1jb250ZW50XC91cGxvYWRzXC8yMDI1XC8wNFwvRGV2cmV5ZS1hbG1hLndlYnAiLCJzbGlkZXNob3ciOiI0YmE2M2JhIn0%3D\" href='https:\/\/www.fabalp.com\/wp-content\/uploads\/2025\/04\/Devreye-alma.webp'><img decoding=\"async\" width=\"1280\" height=\"853\" src=\"https:\/\/www.fabalp.com\/wp-content\/uploads\/2025\/04\/Devreye-alma.webp\" class=\"attachment-full size-full\" alt=\"\" srcset=\"https:\/\/www.fabalp.com\/wp-content\/uploads\/2025\/04\/Devreye-alma.webp 1280w, https:\/\/www.fabalp.com\/wp-content\/uploads\/2025\/04\/Devreye-alma-300x200.webp 300w, https:\/\/www.fabalp.com\/wp-content\/uploads\/2025\/04\/Devreye-alma-1024x682.webp 1024w, https:\/\/www.fabalp.com\/wp-content\/uploads\/2025\/04\/Devreye-alma-768x512.webp 768w\" sizes=\"(max-width: 1280px) 100vw, 1280px\" \/><\/a>\n\t\t\t<\/div><\/figure><figure class='gallery-item'>\n\t\t\t<div class='gallery-icon landscape'>\n\t\t\t\t<a data-elementor-open-lightbox=\"yes\" data-elementor-lightbox-slideshow=\"4ba63ba\" data-e-action-hash=\"#elementor-action%3Aaction%3Dlightbox%26settings%3DeyJpZCI6MjUyMSwidXJsIjoiaHR0cHM6XC9cL3d3dy5mYWJhbHAuY29tXC93cC1jb250ZW50XC91cGxvYWRzXC8yMDI1XC8wNFwvUm9ib3RsdS11eWd1bGFtYWxhci53ZWJwIiwic2xpZGVzaG93IjoiNGJhNjNiYSJ9\" href='https:\/\/www.fabalp.com\/wp-content\/uploads\/2025\/04\/Robotlu-uygulamalar.webp'><img decoding=\"async\" width=\"1280\" height=\"853\" src=\"https:\/\/www.fabalp.com\/wp-content\/uploads\/2025\/04\/Robotlu-uygulamalar.webp\" class=\"attachment-full size-full\" alt=\"\" srcset=\"https:\/\/www.fabalp.com\/wp-content\/uploads\/2025\/04\/Robotlu-uygulamalar.webp 1280w, https:\/\/www.fabalp.com\/wp-content\/uploads\/2025\/04\/Robotlu-uygulamalar-300x200.webp 300w, https:\/\/www.fabalp.com\/wp-content\/uploads\/2025\/04\/Robotlu-uygulamalar-1024x682.webp 1024w, https:\/\/www.fabalp.com\/wp-content\/uploads\/2025\/04\/Robotlu-uygulamalar-768x512.webp 768w\" sizes=\"(max-width: 1280px) 100vw, 1280px\" \/><\/a>\n\t\t\t<\/div><\/figure><figure class='gallery-item'>\n\t\t\t<div class='gallery-icon landscape'>\n\t\t\t\t<a data-elementor-open-lightbox=\"yes\" data-elementor-lightbox-slideshow=\"4ba63ba\" data-e-action-hash=\"#elementor-action%3Aaction%3Dlightbox%26settings%3DeyJpZCI6MjU0MSwidXJsIjoiaHR0cHM6XC9cL3d3dy5mYWJhbHAuY29tXC93cC1jb250ZW50XC91cGxvYWRzXC8yMDI1XC8wNFwvVGFzYXJpbS12ZS1tdWhlbmRpc2xpay53ZWJwIiwic2xpZGVzaG93IjoiNGJhNjNiYSJ9\" href='https:\/\/www.fabalp.com\/wp-content\/uploads\/2025\/04\/Tasarim-ve-muhendislik.webp'><img loading=\"lazy\" decoding=\"async\" width=\"1280\" height=\"853\" src=\"https:\/\/www.fabalp.com\/wp-content\/uploads\/2025\/04\/Tasarim-ve-muhendislik.webp\" class=\"attachment-full size-full\" alt=\"\" srcset=\"https:\/\/www.fabalp.com\/wp-content\/uploads\/2025\/04\/Tasarim-ve-muhendislik.webp 1280w, https:\/\/www.fabalp.com\/wp-content\/uploads\/2025\/04\/Tasarim-ve-muhendislik-300x200.webp 300w, https:\/\/www.fabalp.com\/wp-content\/uploads\/2025\/04\/Tasarim-ve-muhendislik-1024x682.webp 1024w, https:\/\/www.fabalp.com\/wp-content\/uploads\/2025\/04\/Tasarim-ve-muhendislik-768x512.webp 768w\" sizes=\"(max-width: 1280px) 100vw, 1280px\" \/><\/a>\n\t\t\t<\/div><\/figure><figure class='gallery-item'>\n\t\t\t<div class='gallery-icon landscape'>\n\t\t\t\t<a data-elementor-open-lightbox=\"yes\" data-elementor-lightbox-slideshow=\"4ba63ba\" data-e-action-hash=\"#elementor-action%3Aaction%3Dlightbox%26settings%3DeyJpZCI6MjUzMywidXJsIjoiaHR0cHM6XC9cL3d3dy5mYWJhbHAuY29tXC93cC1jb250ZW50XC91cGxvYWRzXC8yMDI1XC8wNFwvT3RvbWFzeW9uLndlYnAiLCJzbGlkZXNob3ciOiI0YmE2M2JhIn0%3D\" href='https:\/\/www.fabalp.com\/wp-content\/uploads\/2025\/04\/Otomasyon.webp'><img loading=\"lazy\" decoding=\"async\" width=\"1280\" height=\"1280\" src=\"https:\/\/www.fabalp.com\/wp-content\/uploads\/2025\/04\/Otomasyon.webp\" class=\"attachment-full size-full\" alt=\"\" srcset=\"https:\/\/www.fabalp.com\/wp-content\/uploads\/2025\/04\/Otomasyon.webp 1280w, https:\/\/www.fabalp.com\/wp-content\/uploads\/2025\/04\/Otomasyon-300x300.webp 300w, https:\/\/www.fabalp.com\/wp-content\/uploads\/2025\/04\/Otomasyon-1024x1024.webp 1024w, https:\/\/www.fabalp.com\/wp-content\/uploads\/2025\/04\/Otomasyon-150x150.webp 150w, https:\/\/www.fabalp.com\/wp-content\/uploads\/2025\/04\/Otomasyon-768x768.webp 768w\" sizes=\"(max-width: 1280px) 100vw, 1280px\" \/><\/a>\n\t\t\t<\/div><\/figure><figure class='gallery-item'>\n\t\t\t<div class='gallery-icon landscape'>\n\t\t\t\t<a data-elementor-open-lightbox=\"yes\" data-elementor-lightbox-slideshow=\"4ba63ba\" data-e-action-hash=\"#elementor-action%3Aaction%3Dlightbox%26settings%3DeyJpZCI6MjUzNywidXJsIjoiaHR0cHM6XC9cL3d3dy5mYWJhbHAuY29tXC93cC1jb250ZW50XC91cGxvYWRzXC8yMDI1XC8wNFwvS2F5bmFrbGktaW1hbGF0LndlYnAiLCJzbGlkZXNob3ciOiI0YmE2M2JhIn0%3D\" href='https:\/\/www.fabalp.com\/wp-content\/uploads\/2025\/04\/Kaynakli-imalat.webp'><img loading=\"lazy\" decoding=\"async\" width=\"1280\" height=\"1280\" src=\"https:\/\/www.fabalp.com\/wp-content\/uploads\/2025\/04\/Kaynakli-imalat.webp\" class=\"attachment-full size-full\" alt=\"\" srcset=\"https:\/\/www.fabalp.com\/wp-content\/uploads\/2025\/04\/Kaynakli-imalat.webp 1280w, https:\/\/www.fabalp.com\/wp-content\/uploads\/2025\/04\/Kaynakli-imalat-300x300.webp 300w, https:\/\/www.fabalp.com\/wp-content\/uploads\/2025\/04\/Kaynakli-imalat-1024x1024.webp 1024w, https:\/\/www.fabalp.com\/wp-content\/uploads\/2025\/04\/Kaynakli-imalat-150x150.webp 150w, https:\/\/www.fabalp.com\/wp-content\/uploads\/2025\/04\/Kaynakli-imalat-768x768.webp 768w\" sizes=\"(max-width: 1280px) 100vw, 1280px\" \/><\/a>\n\t\t\t<\/div><\/figure><figure class='gallery-item'>\n\t\t\t<div class='gallery-icon landscape'>\n\t\t\t\t<a data-elementor-open-lightbox=\"yes\" data-elementor-lightbox-slideshow=\"4ba63ba\" data-e-action-hash=\"#elementor-action%3Aaction%3Dlightbox%26settings%3DeyJpZCI6MjUyOSwidXJsIjoiaHR0cHM6XC9cL3d3dy5mYWJhbHAuY29tXC93cC1jb250ZW50XC91cGxvYWRzXC8yMDI1XC8wNFwvVGFsYXNsaS1pbWFsYXQtZTE3NDM3NTg0NDk5Nzkud2VicCIsInNsaWRlc2hvdyI6IjRiYTYzYmEifQ%3D%3D\" href='https:\/\/www.fabalp.com\/wp-content\/uploads\/2025\/04\/Talasli-imalat-e1743758449979.webp'><img loading=\"lazy\" decoding=\"async\" width=\"1280\" height=\"1280\" src=\"https:\/\/www.fabalp.com\/wp-content\/uploads\/2025\/04\/Talasli-imalat-e1743758449979.webp\" class=\"attachment-full size-full\" alt=\"\" srcset=\"https:\/\/www.fabalp.com\/wp-content\/uploads\/2025\/04\/Talasli-imalat-e1743758449979.webp 1280w, https:\/\/www.fabalp.com\/wp-content\/uploads\/2025\/04\/Talasli-imalat-e1743758449979-300x300.webp 300w, https:\/\/www.fabalp.com\/wp-content\/uploads\/2025\/04\/Talasli-imalat-e1743758449979-1024x1024.webp 1024w, https:\/\/www.fabalp.com\/wp-content\/uploads\/2025\/04\/Talasli-imalat-e1743758449979-150x150.webp 150w, https:\/\/www.fabalp.com\/wp-content\/uploads\/2025\/04\/Talasli-imalat-e1743758449979-768x768.webp 768w\" sizes=\"(max-width: 1280px) 100vw, 1280px\" \/><\/a>\n\t\t\t<\/div><\/figure>\n\t\t<\/div>\n\t\t<\/div>\n\t\t\t\t\t\t<\/div>\n\t\t\t\t<\/div>\n\t\t\t\t\t<\/div>\n\t\t\t\t<\/div>\n\t\t\t\t<\/div>\n\t\t","protected":false},"excerpt":{"rendered":"<p>Nuestra Pol\u00edtica de Calidad En FABALP Makine End\u00fcstrisi Sanayi ve Ticaret A.\u015e., nos enfocamos continuamente en el desarrollo y la mejora para alcanzar los m\u00e1s altos est\u00e1ndares de calidad, mantener nuestro liderazgo en la industria y satisfacer plenamente las expectativas de nuestros clientes. La calidad es la piedra angular de todos nuestros procesos de negocio. Nuestra pol\u00edtica de calidad se basa en soluciones de ingenier\u00eda innovadoras, infraestructura tecnol\u00f3gica avanzada y principios de mejora continua. En todos nuestros procesos de producci\u00f3n, buscamos ofrecer los productos y servicios de m\u00e1s alta calidad mediante ingenier\u00eda precisa, enfoque en el cliente y alta eficiencia. Nos comprometemos a garantizar la excelencia en cada proyecto mediante soluciones personalizadas que satisfacen las necesidades de nuestros clientes. FABALP Makine tiene como objetivo maximizar la calidad no solo en los productos, sino tambi\u00e9n en los procesos de servicio y en la forma en que operamos. Nuestro sistema de gesti\u00f3n de calidad se fortalece constantemente con formaci\u00f3n continua, innovaciones tecnol\u00f3gicas y medidas de seguridad laboral, y se construye sobre bases cada vez m\u00e1s s\u00f3lidas. Nuestro objetivo es proporcionar alta calidad, fiabilidad y entregas puntuales en cada proyecto, y establecer relaciones fuertes y a largo plazo con todos nuestros socios en la industria.<\/p>\n","protected":false},"author":1,"featured_media":0,"parent":0,"menu_order":0,"comment_status":"closed","ping_status":"closed","template":"","meta":{"site-sidebar-layout":"no-sidebar","site-content-layout":"page-builder","ast-site-content-layout":"full-width-container","site-content-style":"unboxed","site-sidebar-style":"unboxed","ast-global-header-display":"","ast-banner-title-visibility":"","ast-main-header-display":"","ast-hfb-above-header-display":"","ast-hfb-below-header-display":"","ast-hfb-mobile-header-display":"","site-post-title":"disabled","ast-breadcrumbs-content":"disabled","ast-featured-img":"disabled","footer-sml-layout":"","ast-disable-related-posts":"","theme-transparent-header-meta":"enabled","adv-header-id-meta":"","stick-header-meta":"","header-above-stick-meta":"","header-main-stick-meta":"","header-below-stick-meta":"","astra-migrate-meta-layouts":"set","ast-page-background-enabled":"default","ast-page-background-meta":{"desktop":{"background-color":"","background-image":"","background-repeat":"repeat","background-position":"center center","background-size":"auto","background-attachment":"scroll","background-type":"","background-media":"","overlay-type":"","overlay-color":"","overlay-opacity":"","overlay-gradient":""},"tablet":{"background-color":"","background-image":"","background-repeat":"repeat","background-position":"center center","background-size":"auto","background-attachment":"scroll","background-type":"","background-media":"","overlay-type":"","overlay-color":"","overlay-opacity":"","overlay-gradient":""},"mobile":{"background-color":"","background-image":"","background-repeat":"repeat","background-position":"center center","background-size":"auto","background-attachment":"scroll","background-type":"","background-media":"","overlay-type":"","overlay-color":"","overlay-opacity":"","overlay-gradient":""}},"ast-content-background-meta":{"desktop":{"background-color":"var(--ast-global-color-5)","background-image":"","background-repeat":"repeat","background-position":"center center","background-size":"auto","background-attachment":"scroll","background-type":"","background-media":"","overlay-type":"","overlay-color":"","overlay-opacity":"","overlay-gradient":""},"tablet":{"background-color":"var(--ast-global-color-5)","background-image":"","background-repeat":"repeat","background-position":"center center","background-size":"auto","background-attachment":"scroll","background-type":"","background-media":"","overlay-type":"","overlay-color":"","overlay-opacity":"","overlay-gradient":""},"mobile":{"background-color":"var(--ast-global-color-5)","background-image":"","background-repeat":"repeat","background-position":"center center","background-size":"auto","background-attachment":"scroll","background-type":"","background-media":"","overlay-type":"","overlay-color":"","overlay-opacity":"","overlay-gradient":""}},"footnotes":""},"class_list":["post-2731","page","type-page","status-publish","hentry"],"aioseo_notices":[],"_links":{"self":[{"href":"https:\/\/www.fabalp.com\/es\/wp-json\/wp\/v2\/pages\/2731","targetHints":{"allow":["GET"]}}],"collection":[{"href":"https:\/\/www.fabalp.com\/es\/wp-json\/wp\/v2\/pages"}],"about":[{"href":"https:\/\/www.fabalp.com\/es\/wp-json\/wp\/v2\/types\/page"}],"author":[{"embeddable":true,"href":"https:\/\/www.fabalp.com\/es\/wp-json\/wp\/v2\/users\/1"}],"replies":[{"embeddable":true,"href":"https:\/\/www.fabalp.com\/es\/wp-json\/wp\/v2\/comments?post=2731"}],"version-history":[{"count":5,"href":"https:\/\/www.fabalp.com\/es\/wp-json\/wp\/v2\/pages\/2731\/revisions"}],"predecessor-version":[{"id":3570,"href":"https:\/\/www.fabalp.com\/es\/wp-json\/wp\/v2\/pages\/2731\/revisions\/3570"}],"wp:attachment":[{"href":"https:\/\/www.fabalp.com\/es\/wp-json\/wp\/v2\/media?parent=2731"}],"curies":[{"name":"wp","href":"https:\/\/api.w.org\/{rel}","templated":true}]}}