{"id":2713,"date":"2025-04-04T10:42:00","date_gmt":"2025-04-04T10:42:00","guid":{"rendered":"https:\/\/www.fabalp.com\/kaynakli-imalat-cozumleri\/"},"modified":"2025-05-20T08:26:18","modified_gmt":"2025-05-20T08:26:18","slug":"fabricacion-de-soldadura","status":"publish","type":"page","link":"https:\/\/www.fabalp.com\/es\/fabricacion-de-soldadura\/","title":{"rendered":"Fabricaci\u00f3n de Soldadura"},"content":{"rendered":"\t\t<div data-elementor-type=\"wp-page\" data-elementor-id=\"2713\" class=\"elementor elementor-2713\">\n\t\t\t\t<div class=\"elementor-element elementor-element-f81d53b e-flex e-con-boxed wpr-particle-no wpr-jarallax-no wpr-parallax-no wpr-sticky-section-no e-con e-parent\" data-id=\"f81d53b\" data-element_type=\"container\" data-e-type=\"container\" data-settings=\"{&quot;background_background&quot;:&quot;classic&quot;}\">\n\t\t\t\t\t<div class=\"e-con-inner\">\n\t\t\t\t<div class=\"elementor-element elementor-element-57bc54a elementor-widget-divider--separator-type-pattern elementor-widget-divider--view-line elementor-widget elementor-widget-divider\" data-id=\"57bc54a\" data-element_type=\"widget\" data-e-type=\"widget\" data-widget_type=\"divider.default\">\n\t\t\t\t<div class=\"elementor-widget-container\">\n\t\t\t\t\t\t\t<div class=\"elementor-divider\" style=\"--divider-pattern-url: url(&quot;data:image\/svg+xml,%3Csvg xmlns=&#039;http:\/\/www.w3.org\/2000\/svg&#039; preserveAspectRatio=&#039;none&#039; overflow=&#039;visible&#039; height=&#039;100%&#039; viewBox=&#039;0 0 24 24&#039; fill=&#039;black&#039; stroke=&#039;none&#039;%3E%3Cpolygon points=&#039;9.4,2 24,2 14.6,21.6 0,21.6&#039;\/%3E%3C\/svg%3E&quot;);\">\n\t\t\t<span class=\"elementor-divider-separator\">\n\t\t\t\t\t\t<\/span>\n\t\t<\/div>\n\t\t\t\t\t\t<\/div>\n\t\t\t\t<\/div>\n\t\t\t\t<div class=\"elementor-element elementor-element-967fd27 elementor-widget elementor-widget-heading\" data-id=\"967fd27\" data-element_type=\"widget\" data-e-type=\"widget\" data-widget_type=\"heading.default\">\n\t\t\t\t<div class=\"elementor-widget-container\">\n\t\t\t\t\t<h2 class=\"elementor-heading-title elementor-size-default\">Fabricaci\u00f3n de Soldadura<\/h2>\t\t\t\t<\/div>\n\t\t\t\t<\/div>\n\t\t\t\t<div class=\"elementor-element elementor-element-35f7aff elementor-widget elementor-widget-heading\" data-id=\"35f7aff\" data-element_type=\"widget\" data-e-type=\"widget\" data-widget_type=\"heading.default\">\n\t\t\t\t<div class=\"elementor-widget-container\">\n\t\t\t\t\t<h6 class=\"elementor-heading-title elementor-size-default\">Soluciones de Fabricaci\u00f3n de Soldadura | Sistemas de Soldadura Industriales y Producci\u00f3n de Alta Calidad<\/h6>\t\t\t\t<\/div>\n\t\t\t\t<\/div>\n\t\t\t\t\t<\/div>\n\t\t\t\t<\/div>\n\t\t\t\t<section class=\"elementor-section elementor-top-section elementor-element elementor-element-abe2b49 elementor-section-content-top elementor-section-boxed elementor-section-height-default elementor-section-height-default wpr-particle-no wpr-jarallax-no wpr-parallax-no wpr-sticky-section-no\" data-id=\"abe2b49\" data-element_type=\"section\" data-e-type=\"section\" data-settings=\"{&quot;background_background&quot;:&quot;classic&quot;}\">\n\t\t\t\t\t\t\t<div class=\"elementor-background-overlay\"><\/div>\n\t\t\t\t\t\t\t<div class=\"elementor-container elementor-column-gap-no\">\n\t\t\t\t\t<div class=\"elementor-column elementor-col-100 elementor-top-column elementor-element elementor-element-0780e19\" data-id=\"0780e19\" data-element_type=\"column\" data-e-type=\"column\">\n\t\t\t<div class=\"elementor-widget-wrap elementor-element-populated\">\n\t\t\t\t\t\t<div class=\"elementor-element elementor-element-a750807 elementor-widget elementor-widget-text-editor\" data-id=\"a750807\" data-element_type=\"widget\" data-e-type=\"widget\" data-widget_type=\"text-editor.default\">\n\t\t\t\t<div class=\"elementor-widget-container\">\n\t\t\t\t\t\t\t\t\t<p>En FABALP Makine End\u00fcstrisi Sanayi ve Ticaret A.\u015e., tenemos una amplia experiencia y conocimiento t\u00e9cnico en fabricaci\u00f3n soldada. Con tecnolog\u00edas avanzadas y nuestro equipo de ingenier\u00eda experto, ofrecemos soluciones de fabricaci\u00f3n soldada de alta calidad en el sector industrial. En campos como la automoci\u00f3n, los sistemas ferroviarios y la fabricaci\u00f3n de maquinaria, desarrollamos soluciones personalizadas para satisfacer todas sus necesidades de fabricaci\u00f3n soldada.<\/p><p>En nuestros procesos de fabricaci\u00f3n soldada, aseguramos alta eficiencia y calidad utilizando diversos m\u00e9todos, como fijaciones de soldadura, sistemas de soldadura rob\u00f3tica y operaciones de soldadura manual. En cada proyecto, logramos la m\u00e1xima seguridad y durabilidad con t\u00e9cnicas precisas y mano de obra experta. Adem\u00e1s, mejoramos sus procesos de producci\u00f3n proporcionando servicios adicionales, como ensamblaje soldado y tratamientos de superficies, para hacer los procesos m\u00e1s r\u00e1pidos y eficientes.<\/p><p>FABALP Makine optimiza los procesos de fabricaci\u00f3n en producci\u00f3n soldada con sistemas rob\u00f3ticos y soluciones de automatizaci\u00f3n. Con la alta velocidad y calidad que logramos en las l\u00edneas de soldadura, completamos sus proyectos en el menor tiempo y con el menor costo. Adem\u00e1s, mediante mano de obra calificada y t\u00e9cnicas avanzadas de soldadura, ofrecemos una calidad superior de soldadura para todo tipo de superficies met\u00e1licas.<\/p><p>En cada etapa de sus proyectos, ofrecemos soluciones personalizadas de fabricaci\u00f3n soldada para garantizar la excelencia y eficiencia. Con un alto rendimiento y flexibilidad en los procesos de soldadura, completamos con \u00e9xito sus proyectos industriales.<\/p>\t\t\t\t\t\t\t\t<\/div>\n\t\t\t\t<\/div>\n\t\t\t\t\t<\/div>\n\t\t<\/div>\n\t\t\t\t\t<\/div>\n\t\t<\/section>\n\t\t\t\t<\/div>\n\t\t","protected":false},"excerpt":{"rendered":"<p>Fabricaci\u00f3n de Soldadura Soluciones de Fabricaci\u00f3n de Soldadura | Sistemas de Soldadura Industriales y Producci\u00f3n de Alta Calidad En FABALP Makine End\u00fcstrisi Sanayi ve Ticaret A.\u015e., tenemos una amplia experiencia y conocimiento t\u00e9cnico en fabricaci\u00f3n soldada. Con tecnolog\u00edas avanzadas y nuestro equipo de ingenier\u00eda experto, ofrecemos soluciones de fabricaci\u00f3n soldada de alta calidad en el sector industrial. En campos como la automoci\u00f3n, los sistemas ferroviarios y la fabricaci\u00f3n de maquinaria, desarrollamos soluciones personalizadas para satisfacer todas sus necesidades de fabricaci\u00f3n soldada. En nuestros procesos de fabricaci\u00f3n soldada, aseguramos alta eficiencia y calidad utilizando diversos m\u00e9todos, como fijaciones de soldadura, sistemas de soldadura rob\u00f3tica y operaciones de soldadura manual. En cada proyecto, logramos la m\u00e1xima seguridad y durabilidad con t\u00e9cnicas precisas y mano de obra experta. Adem\u00e1s, mejoramos sus procesos de producci\u00f3n proporcionando servicios adicionales, como ensamblaje soldado y tratamientos de superficies, para hacer los procesos m\u00e1s r\u00e1pidos y eficientes. FABALP Makine optimiza los procesos de fabricaci\u00f3n en producci\u00f3n soldada con sistemas rob\u00f3ticos y soluciones de automatizaci\u00f3n. Con la alta velocidad y calidad que logramos en las l\u00edneas de soldadura, completamos sus proyectos en el menor tiempo y con el menor costo. Adem\u00e1s, mediante mano de obra calificada y t\u00e9cnicas avanzadas de soldadura, ofrecemos una calidad superior de soldadura para todo tipo de superficies met\u00e1licas. En cada etapa de sus proyectos, ofrecemos soluciones personalizadas de fabricaci\u00f3n soldada para garantizar la excelencia y eficiencia. Con un alto rendimiento y flexibilidad en los procesos de soldadura, completamos con \u00e9xito sus proyectos industriales.<\/p>\n","protected":false},"author":1,"featured_media":0,"parent":0,"menu_order":0,"comment_status":"closed","ping_status":"closed","template":"","meta":{"site-sidebar-layout":"no-sidebar","site-content-layout":"page-builder","ast-site-content-layout":"full-width-container","site-content-style":"unboxed","site-sidebar-style":"unboxed","ast-global-header-display":"","ast-banner-title-visibility":"","ast-main-header-display":"","ast-hfb-above-header-display":"","ast-hfb-below-header-display":"","ast-hfb-mobile-header-display":"","site-post-title":"disabled","ast-breadcrumbs-content":"disabled","ast-featured-img":"disabled","footer-sml-layout":"","ast-disable-related-posts":"","theme-transparent-header-meta":"enabled","adv-header-id-meta":"","stick-header-meta":"","header-above-stick-meta":"","header-main-stick-meta":"","header-below-stick-meta":"","astra-migrate-meta-layouts":"set","ast-page-background-enabled":"default","ast-page-background-meta":{"desktop":{"background-color":"","background-image":"","background-repeat":"repeat","background-position":"center center","background-size":"auto","background-attachment":"scroll","background-type":"","background-media":"","overlay-type":"","overlay-color":"","overlay-opacity":"","overlay-gradient":""},"tablet":{"background-color":"","background-image":"","background-repeat":"repeat","background-position":"center center","background-size":"auto","background-attachment":"scroll","background-type":"","background-media":"","overlay-type":"","overlay-color":"","overlay-opacity":"","overlay-gradient":""},"mobile":{"background-color":"","background-image":"","background-repeat":"repeat","background-position":"center center","background-size":"auto","background-attachment":"scroll","background-type":"","background-media":"","overlay-type":"","overlay-color":"","overlay-opacity":"","overlay-gradient":""}},"ast-content-background-meta":{"desktop":{"background-color":"var(--ast-global-color-5)","background-image":"","background-repeat":"repeat","background-position":"center center","background-size":"auto","background-attachment":"scroll","background-type":"","background-media":"","overlay-type":"","overlay-color":"","overlay-opacity":"","overlay-gradient":""},"tablet":{"background-color":"var(--ast-global-color-5)","background-image":"","background-repeat":"repeat","background-position":"center center","background-size":"auto","background-attachment":"scroll","background-type":"","background-media":"","overlay-type":"","overlay-color":"","overlay-opacity":"","overlay-gradient":""},"mobile":{"background-color":"var(--ast-global-color-5)","background-image":"","background-repeat":"repeat","background-position":"center center","background-size":"auto","background-attachment":"scroll","background-type":"","background-media":"","overlay-type":"","overlay-color":"","overlay-opacity":"","overlay-gradient":""}},"footnotes":""},"class_list":["post-2713","page","type-page","status-publish","hentry"],"aioseo_notices":[],"_links":{"self":[{"href":"https:\/\/www.fabalp.com\/es\/wp-json\/wp\/v2\/pages\/2713","targetHints":{"allow":["GET"]}}],"collection":[{"href":"https:\/\/www.fabalp.com\/es\/wp-json\/wp\/v2\/pages"}],"about":[{"href":"https:\/\/www.fabalp.com\/es\/wp-json\/wp\/v2\/types\/page"}],"author":[{"embeddable":true,"href":"https:\/\/www.fabalp.com\/es\/wp-json\/wp\/v2\/users\/1"}],"replies":[{"embeddable":true,"href":"https:\/\/www.fabalp.com\/es\/wp-json\/wp\/v2\/comments?post=2713"}],"version-history":[{"count":22,"href":"https:\/\/www.fabalp.com\/es\/wp-json\/wp\/v2\/pages\/2713\/revisions"}],"predecessor-version":[{"id":5020,"href":"https:\/\/www.fabalp.com\/es\/wp-json\/wp\/v2\/pages\/2713\/revisions\/5020"}],"wp:attachment":[{"href":"https:\/\/www.fabalp.com\/es\/wp-json\/wp\/v2\/media?parent=2713"}],"curies":[{"name":"wp","href":"https:\/\/api.w.org\/{rel}","templated":true}]}}