{"id":2699,"date":"2025-04-04T10:43:51","date_gmt":"2025-04-04T10:43:51","guid":{"rendered":"https:\/\/www.fabalp.com\/talasli-imalat-cozumleri\/"},"modified":"2025-05-20T08:35:28","modified_gmt":"2025-05-20T08:35:28","slug":"fabricacion-de-piezas","status":"publish","type":"page","link":"https:\/\/www.fabalp.com\/es\/fabricacion-de-piezas\/","title":{"rendered":"Fabricaci\u00f3n de Piezas"},"content":{"rendered":"\t\t<div data-elementor-type=\"wp-page\" data-elementor-id=\"2699\" class=\"elementor elementor-2699\">\n\t\t\t\t<div class=\"elementor-element elementor-element-f81d53b e-flex e-con-boxed wpr-particle-no wpr-jarallax-no wpr-parallax-no wpr-sticky-section-no wpr-column-slider-no wpr-equal-height-no e-con e-parent\" data-id=\"f81d53b\" data-element_type=\"container\" data-e-type=\"container\" data-settings=\"{&quot;background_background&quot;:&quot;classic&quot;}\">\n\t\t\t\t\t<div class=\"e-con-inner\">\n\t\t\t\t<div class=\"elementor-element elementor-element-57bc54a elementor-widget-divider--separator-type-pattern elementor-widget-divider--view-line elementor-widget elementor-widget-divider\" data-id=\"57bc54a\" data-element_type=\"widget\" data-e-type=\"widget\" data-widget_type=\"divider.default\">\n\t\t\t\t<div class=\"elementor-widget-container\">\n\t\t\t\t\t\t\t<div class=\"elementor-divider\" style=\"--divider-pattern-url: url(&quot;data:image\/svg+xml,%3Csvg xmlns=&#039;http:\/\/www.w3.org\/2000\/svg&#039; preserveAspectRatio=&#039;none&#039; overflow=&#039;visible&#039; height=&#039;100%&#039; viewBox=&#039;0 0 24 24&#039; fill=&#039;black&#039; stroke=&#039;none&#039;%3E%3Cpolygon points=&#039;9.4,2 24,2 14.6,21.6 0,21.6&#039;\/%3E%3C\/svg%3E&quot;);\">\n\t\t\t<span class=\"elementor-divider-separator\">\n\t\t\t\t\t\t<\/span>\n\t\t<\/div>\n\t\t\t\t\t\t<\/div>\n\t\t\t\t<\/div>\n\t\t\t\t<div class=\"elementor-element elementor-element-967fd27 elementor-widget elementor-widget-heading\" data-id=\"967fd27\" data-element_type=\"widget\" data-e-type=\"widget\" data-widget_type=\"heading.default\">\n\t\t\t\t<div class=\"elementor-widget-container\">\n\t\t\t\t\t<h2 class=\"elementor-heading-title elementor-size-default\">Fabricaci\u00f3n de Piezas<\/h2>\t\t\t\t<\/div>\n\t\t\t\t<\/div>\n\t\t\t\t<div class=\"elementor-element elementor-element-da83ec3 elementor-widget elementor-widget-heading\" data-id=\"da83ec3\" data-element_type=\"widget\" data-e-type=\"widget\" data-widget_type=\"heading.default\">\n\t\t\t\t<div class=\"elementor-widget-container\">\n\t\t\t\t\t<h6 class=\"elementor-heading-title elementor-size-default\">Servicios de Fabricaci\u00f3n de Piezas | Fresado CNC, Torneado y Soluciones de Producci\u00f3n de Alta Precisi\u00f3n<\/h6>\t\t\t\t<\/div>\n\t\t\t\t<\/div>\n\t\t\t\t\t<\/div>\n\t\t\t\t<\/div>\n\t\t\t\t<section class=\"elementor-section elementor-top-section elementor-element elementor-element-abe2b49 elementor-section-content-top elementor-section-boxed elementor-section-height-default elementor-section-height-default wpr-particle-no wpr-jarallax-no wpr-parallax-no wpr-sticky-section-no wpr-column-slider-no wpr-equal-height-no\" data-id=\"abe2b49\" data-element_type=\"section\" data-e-type=\"section\" data-settings=\"{&quot;background_background&quot;:&quot;classic&quot;}\">\n\t\t\t\t\t\t\t<div class=\"elementor-background-overlay\"><\/div>\n\t\t\t\t\t\t\t<div class=\"elementor-container elementor-column-gap-no\">\n\t\t\t\t\t<div class=\"elementor-column elementor-col-100 elementor-top-column elementor-element elementor-element-0780e19\" data-id=\"0780e19\" data-element_type=\"column\" data-e-type=\"column\">\n\t\t\t<div class=\"elementor-widget-wrap elementor-element-populated\">\n\t\t\t\t\t\t<div class=\"elementor-element elementor-element-a750807 elementor-widget elementor-widget-text-editor\" data-id=\"a750807\" data-element_type=\"widget\" data-e-type=\"widget\" data-widget_type=\"text-editor.default\">\n\t\t\t\t<div class=\"elementor-widget-container\">\n\t\t\t\t\t\t\t\t\t<p>En FABALP Makine End\u00fcstrisi Sanayi ve Ticaret A.\u015e., contamos con amplia experiencia y alta capacidad de producci\u00f3n en el campo del mecanizado. Proporcionamos soluciones ideales para piezas de alta precisi\u00f3n y requisitos de producci\u00f3n personalizada en sectores industriales como la automoci\u00f3n, los sistemas ferroviarios y la fabricaci\u00f3n de maquinaria.<\/p><p>En los procesos de mecanizado, fabricamos piezas de alta calidad, duraderas y precisas utilizando t\u00e9cnicas tradicionales como el fresado, taladrado, torneado y producci\u00f3n basada en precios. Con fresadoras y tornos, realizamos procesos de corte, taladrado y conformado para garantizar la m\u00e1s alta calidad en cada proyecto.<\/p><p>Garantizamos el procesamiento de todo tipo de metales y aleaciones con ingenier\u00eda avanzada y alta precisi\u00f3n artesanal. Nuestros servicios de mecanizado se aplican con \u00e9xito en una amplia gama de \u00e1reas, especialmente en el sector automotriz y sistemas ferroviarios, incluida la producci\u00f3n completa de piezas y trabajos de prototipos.<\/p><p>FABALP Makine prioriza la calidad y la satisfacci\u00f3n del cliente en el mecanizado, siempre ofreciendo soluciones m\u00e1s eficientes y de alta calidad.<\/p>\t\t\t\t\t\t\t\t<\/div>\n\t\t\t\t<\/div>\n\t\t\t\t\t<\/div>\n\t\t<\/div>\n\t\t\t\t\t<\/div>\n\t\t<\/section>\n\t\t\t\t<\/div>\n\t\t","protected":false},"excerpt":{"rendered":"<p>Fabricaci\u00f3n de Piezas Servicios de Fabricaci\u00f3n de Piezas | Fresado CNC, Torneado y Soluciones de Producci\u00f3n de Alta Precisi\u00f3n En FABALP Makine End\u00fcstrisi Sanayi ve Ticaret A.\u015e., contamos con amplia experiencia y alta capacidad de producci\u00f3n en el campo del mecanizado. Proporcionamos soluciones ideales para piezas de alta precisi\u00f3n y requisitos de producci\u00f3n personalizada en sectores industriales como la automoci\u00f3n, los sistemas ferroviarios y la fabricaci\u00f3n de maquinaria. En los procesos de mecanizado, fabricamos piezas de alta calidad, duraderas y precisas utilizando t\u00e9cnicas tradicionales como el fresado, taladrado, torneado y producci\u00f3n basada en precios. Con fresadoras y tornos, realizamos procesos de corte, taladrado y conformado para garantizar la m\u00e1s alta calidad en cada proyecto. Garantizamos el procesamiento de todo tipo de metales y aleaciones con ingenier\u00eda avanzada y alta precisi\u00f3n artesanal. Nuestros servicios de mecanizado se aplican con \u00e9xito en una amplia gama de \u00e1reas, especialmente en el sector automotriz y sistemas ferroviarios, incluida la producci\u00f3n completa de piezas y trabajos de prototipos. FABALP Makine prioriza la calidad y la satisfacci\u00f3n del cliente en el mecanizado, siempre ofreciendo soluciones m\u00e1s eficientes y de alta calidad.<\/p>\n","protected":false},"author":1,"featured_media":0,"parent":0,"menu_order":0,"comment_status":"closed","ping_status":"closed","template":"","meta":{"site-sidebar-layout":"no-sidebar","site-content-layout":"page-builder","ast-site-content-layout":"full-width-container","site-content-style":"unboxed","site-sidebar-style":"unboxed","ast-global-header-display":"","ast-banner-title-visibility":"","ast-main-header-display":"","ast-hfb-above-header-display":"","ast-hfb-below-header-display":"","ast-hfb-mobile-header-display":"","site-post-title":"disabled","ast-breadcrumbs-content":"disabled","ast-featured-img":"disabled","footer-sml-layout":"","ast-disable-related-posts":"","theme-transparent-header-meta":"enabled","adv-header-id-meta":"","stick-header-meta":"","header-above-stick-meta":"","header-main-stick-meta":"","header-below-stick-meta":"","astra-migrate-meta-layouts":"set","ast-page-background-enabled":"default","ast-page-background-meta":{"desktop":{"background-color":"","background-image":"","background-repeat":"repeat","background-position":"center center","background-size":"auto","background-attachment":"scroll","background-type":"","background-media":"","overlay-type":"","overlay-color":"","overlay-opacity":"","overlay-gradient":""},"tablet":{"background-color":"","background-image":"","background-repeat":"repeat","background-position":"center center","background-size":"auto","background-attachment":"scroll","background-type":"","background-media":"","overlay-type":"","overlay-color":"","overlay-opacity":"","overlay-gradient":""},"mobile":{"background-color":"","background-image":"","background-repeat":"repeat","background-position":"center center","background-size":"auto","background-attachment":"scroll","background-type":"","background-media":"","overlay-type":"","overlay-color":"","overlay-opacity":"","overlay-gradient":""}},"ast-content-background-meta":{"desktop":{"background-color":"var(--ast-global-color-5)","background-image":"","background-repeat":"repeat","background-position":"center center","background-size":"auto","background-attachment":"scroll","background-type":"","background-media":"","overlay-type":"","overlay-color":"","overlay-opacity":"","overlay-gradient":""},"tablet":{"background-color":"var(--ast-global-color-5)","background-image":"","background-repeat":"repeat","background-position":"center center","background-size":"auto","background-attachment":"scroll","background-type":"","background-media":"","overlay-type":"","overlay-color":"","overlay-opacity":"","overlay-gradient":""},"mobile":{"background-color":"var(--ast-global-color-5)","background-image":"","background-repeat":"repeat","background-position":"center center","background-size":"auto","background-attachment":"scroll","background-type":"","background-media":"","overlay-type":"","overlay-color":"","overlay-opacity":"","overlay-gradient":""}},"footnotes":""},"class_list":["post-2699","page","type-page","status-publish","hentry"],"aioseo_notices":[],"_links":{"self":[{"href":"https:\/\/www.fabalp.com\/es\/wp-json\/wp\/v2\/pages\/2699","targetHints":{"allow":["GET"]}}],"collection":[{"href":"https:\/\/www.fabalp.com\/es\/wp-json\/wp\/v2\/pages"}],"about":[{"href":"https:\/\/www.fabalp.com\/es\/wp-json\/wp\/v2\/types\/page"}],"author":[{"embeddable":true,"href":"https:\/\/www.fabalp.com\/es\/wp-json\/wp\/v2\/users\/1"}],"replies":[{"embeddable":true,"href":"https:\/\/www.fabalp.com\/es\/wp-json\/wp\/v2\/comments?post=2699"}],"version-history":[{"count":19,"href":"https:\/\/www.fabalp.com\/es\/wp-json\/wp\/v2\/pages\/2699\/revisions"}],"predecessor-version":[{"id":5069,"href":"https:\/\/www.fabalp.com\/es\/wp-json\/wp\/v2\/pages\/2699\/revisions\/5069"}],"wp:attachment":[{"href":"https:\/\/www.fabalp.com\/es\/wp-json\/wp\/v2\/media?parent=2699"}],"curies":[{"name":"wp","href":"https:\/\/api.w.org\/{rel}","templated":true}]}}