{"id":2674,"date":"2025-04-07T10:57:48","date_gmt":"2025-04-07T10:57:48","guid":{"rendered":"https:\/\/www.fabalp.com\/ozel-makine-cozumleri\/"},"modified":"2025-05-20T08:00:23","modified_gmt":"2025-05-20T08:00:23","slug":"disenos-de-maquinas-personalizadas","status":"publish","type":"page","link":"https:\/\/www.fabalp.com\/es\/disenos-de-maquinas-personalizadas\/","title":{"rendered":"Dise\u00f1os de M\u00e1quinas Personalizadas"},"content":{"rendered":"\t\t<div data-elementor-type=\"wp-page\" data-elementor-id=\"2674\" class=\"elementor elementor-2674\">\n\t\t\t\t<div class=\"elementor-element elementor-element-f81d53b e-flex e-con-boxed wpr-particle-no wpr-jarallax-no wpr-parallax-no wpr-sticky-section-no e-con e-parent\" data-id=\"f81d53b\" data-element_type=\"container\" data-e-type=\"container\" data-settings=\"{&quot;background_background&quot;:&quot;classic&quot;}\">\n\t\t\t\t\t<div class=\"e-con-inner\">\n\t\t\t\t<div class=\"elementor-element elementor-element-57bc54a elementor-widget-divider--separator-type-pattern elementor-widget-divider--view-line elementor-widget elementor-widget-divider\" data-id=\"57bc54a\" data-element_type=\"widget\" data-e-type=\"widget\" data-widget_type=\"divider.default\">\n\t\t\t\t<div class=\"elementor-widget-container\">\n\t\t\t\t\t\t\t<div class=\"elementor-divider\" style=\"--divider-pattern-url: url(&quot;data:image\/svg+xml,%3Csvg xmlns=&#039;http:\/\/www.w3.org\/2000\/svg&#039; preserveAspectRatio=&#039;none&#039; overflow=&#039;visible&#039; height=&#039;100%&#039; viewBox=&#039;0 0 24 24&#039; fill=&#039;black&#039; stroke=&#039;none&#039;%3E%3Cpolygon points=&#039;9.4,2 24,2 14.6,21.6 0,21.6&#039;\/%3E%3C\/svg%3E&quot;);\">\n\t\t\t<span class=\"elementor-divider-separator\">\n\t\t\t\t\t\t<\/span>\n\t\t<\/div>\n\t\t\t\t\t\t<\/div>\n\t\t\t\t<\/div>\n\t\t\t\t<div class=\"elementor-element elementor-element-967fd27 elementor-widget elementor-widget-heading\" data-id=\"967fd27\" data-element_type=\"widget\" data-e-type=\"widget\" data-widget_type=\"heading.default\">\n\t\t\t\t<div class=\"elementor-widget-container\">\n\t\t\t\t\t<h2 class=\"elementor-heading-title elementor-size-default\">Dise\u00f1os de M\u00e1quinas Personalizadas<\/h2>\t\t\t\t<\/div>\n\t\t\t\t<\/div>\n\t\t\t\t<div class=\"elementor-element elementor-element-3441a3b elementor-widget elementor-widget-heading\" data-id=\"3441a3b\" data-element_type=\"widget\" data-e-type=\"widget\" data-widget_type=\"heading.default\">\n\t\t\t\t<div class=\"elementor-widget-container\">\n\t\t\t\t\t<h6 class=\"elementor-heading-title elementor-size-default\">Dise\u00f1os de M\u00e1quinas Personalizadas | Soluciones de Producci\u00f3n Industrial y Automatizaci\u00f3n a Medida<\/h6>\t\t\t\t<\/div>\n\t\t\t\t<\/div>\n\t\t\t\t\t<\/div>\n\t\t\t\t<\/div>\n\t\t\t\t<section class=\"elementor-section elementor-top-section elementor-element elementor-element-abe2b49 elementor-section-content-top elementor-section-boxed elementor-section-height-default elementor-section-height-default wpr-particle-no wpr-jarallax-no wpr-parallax-no wpr-sticky-section-no\" data-id=\"abe2b49\" data-element_type=\"section\" data-e-type=\"section\" data-settings=\"{&quot;background_background&quot;:&quot;classic&quot;}\">\n\t\t\t\t\t\t\t<div class=\"elementor-background-overlay\"><\/div>\n\t\t\t\t\t\t\t<div class=\"elementor-container elementor-column-gap-no\">\n\t\t\t\t\t<div class=\"elementor-column elementor-col-100 elementor-top-column elementor-element elementor-element-0780e19\" data-id=\"0780e19\" data-element_type=\"column\" data-e-type=\"column\">\n\t\t\t<div class=\"elementor-widget-wrap elementor-element-populated\">\n\t\t\t\t\t\t<div class=\"elementor-element elementor-element-a750807 elementor-widget elementor-widget-text-editor\" data-id=\"a750807\" data-element_type=\"widget\" data-e-type=\"widget\" data-widget_type=\"text-editor.default\">\n\t\t\t\t<div class=\"elementor-widget-container\">\n\t\t\t\t\t\t\t\t\t<p>FABALP Makine End\u00fcstrisi Sanayi ve Ticaret A.\u015e. es una empresa especializada en el dise\u00f1o y la producci\u00f3n de m\u00e1quinas personalizadas adaptadas a las necesidades de los sectores automotriz y ferroviario. Al ofrecer m\u00e1quinas personalizadas para todo tipo de necesidades industriales, optimizamos sus procesos de producci\u00f3n, aumentamos la eficiencia y reducimos los costos laborales.<\/p><p>Seg\u00fan las demandas de nuestros clientes, ofrecemos soluciones de ingenier\u00eda innovadoras para m\u00e1quinas personalizadas, produciendo m\u00e1quinas personalizadas con todo tipo de dise\u00f1o especial, automatizaci\u00f3n rob\u00f3tica e integraci\u00f3n de alta tecnolog\u00eda. Estas m\u00e1quinas garantizan la m\u00e1xima eficiencia y alta calidad en sus l\u00edneas de producci\u00f3n.<\/p><p>FABALP Makine proporciona soluciones para el dise\u00f1o de m\u00e1quinas personalizadas con altas habilidades de ingenier\u00eda e infraestructura tecnol\u00f3gica. Personalizamos sus m\u00e1quinas proporcionando m\u00e1quinas modulares, sistemas de automatizaci\u00f3n, integraciones rob\u00f3ticas y flujos de trabajo eficientes basados en sus procesos de producci\u00f3n.<\/p><p>En cada proyecto, el objetivo es garantizar la eficiencia, velocidad y baja tasa de errores en el dise\u00f1o de m\u00e1quinas personalizadas. Las m\u00e1quinas personalizadas, especialmente con l\u00edneas de producci\u00f3n personalizadas, sistemas rob\u00f3ticos, m\u00e1quinas aut\u00f3nomas y m\u00e1quinas de alto rendimiento, ofrecen soluciones para diversas necesidades industriales.<\/p><p>FABALP Makine mejora su ventaja competitiva en la industria con m\u00e1quinas personalizadas, haciendo que sus procesos empresariales sean m\u00e1s r\u00e1pidos, eficientes y seguros. Cont\u00e1ctenos para dise\u00f1ar m\u00e1quinas personalizadas que se adapten a sus procesos de producci\u00f3n y hagamos realidad sus proyectos de manera r\u00e1pida y con alta calidad.<\/p>\t\t\t\t\t\t\t\t<\/div>\n\t\t\t\t<\/div>\n\t\t\t\t\t<\/div>\n\t\t<\/div>\n\t\t\t\t\t<\/div>\n\t\t<\/section>\n\t\t\t\t<\/div>\n\t\t","protected":false},"excerpt":{"rendered":"<p>Dise\u00f1os de M\u00e1quinas Personalizadas Dise\u00f1os de M\u00e1quinas Personalizadas | Soluciones de Producci\u00f3n Industrial y Automatizaci\u00f3n a Medida FABALP Makine End\u00fcstrisi Sanayi ve Ticaret A.\u015e. es una empresa especializada en el dise\u00f1o y la producci\u00f3n de m\u00e1quinas personalizadas adaptadas a las necesidades de los sectores automotriz y ferroviario. Al ofrecer m\u00e1quinas personalizadas para todo tipo de necesidades industriales, optimizamos sus procesos de producci\u00f3n, aumentamos la eficiencia y reducimos los costos laborales. Seg\u00fan las demandas de nuestros clientes, ofrecemos soluciones de ingenier\u00eda innovadoras para m\u00e1quinas personalizadas, produciendo m\u00e1quinas personalizadas con todo tipo de dise\u00f1o especial, automatizaci\u00f3n rob\u00f3tica e integraci\u00f3n de alta tecnolog\u00eda. Estas m\u00e1quinas garantizan la m\u00e1xima eficiencia y alta calidad en sus l\u00edneas de producci\u00f3n. FABALP Makine proporciona soluciones para el dise\u00f1o de m\u00e1quinas personalizadas con altas habilidades de ingenier\u00eda e infraestructura tecnol\u00f3gica. Personalizamos sus m\u00e1quinas proporcionando m\u00e1quinas modulares, sistemas de automatizaci\u00f3n, integraciones rob\u00f3ticas y flujos de trabajo eficientes basados en sus procesos de producci\u00f3n. En cada proyecto, el objetivo es garantizar la eficiencia, velocidad y baja tasa de errores en el dise\u00f1o de m\u00e1quinas personalizadas. Las m\u00e1quinas personalizadas, especialmente con l\u00edneas de producci\u00f3n personalizadas, sistemas rob\u00f3ticos, m\u00e1quinas aut\u00f3nomas y m\u00e1quinas de alto rendimiento, ofrecen soluciones para diversas necesidades industriales. FABALP Makine mejora su ventaja competitiva en la industria con m\u00e1quinas personalizadas, haciendo que sus procesos empresariales sean m\u00e1s r\u00e1pidos, eficientes y seguros. Cont\u00e1ctenos para dise\u00f1ar m\u00e1quinas personalizadas que se adapten a sus procesos de producci\u00f3n y hagamos realidad sus proyectos de manera r\u00e1pida y con alta calidad.<\/p>\n","protected":false},"author":1,"featured_media":0,"parent":0,"menu_order":0,"comment_status":"closed","ping_status":"closed","template":"","meta":{"site-sidebar-layout":"no-sidebar","site-content-layout":"page-builder","ast-site-content-layout":"full-width-container","site-content-style":"unboxed","site-sidebar-style":"unboxed","ast-global-header-display":"","ast-banner-title-visibility":"","ast-main-header-display":"","ast-hfb-above-header-display":"","ast-hfb-below-header-display":"","ast-hfb-mobile-header-display":"","site-post-title":"disabled","ast-breadcrumbs-content":"disabled","ast-featured-img":"disabled","footer-sml-layout":"","ast-disable-related-posts":"","theme-transparent-header-meta":"enabled","adv-header-id-meta":"","stick-header-meta":"","header-above-stick-meta":"","header-main-stick-meta":"","header-below-stick-meta":"","astra-migrate-meta-layouts":"set","ast-page-background-enabled":"default","ast-page-background-meta":{"desktop":{"background-color":"","background-image":"","background-repeat":"repeat","background-position":"center center","background-size":"auto","background-attachment":"scroll","background-type":"","background-media":"","overlay-type":"","overlay-color":"","overlay-opacity":"","overlay-gradient":""},"tablet":{"background-color":"","background-image":"","background-repeat":"repeat","background-position":"center center","background-size":"auto","background-attachment":"scroll","background-type":"","background-media":"","overlay-type":"","overlay-color":"","overlay-opacity":"","overlay-gradient":""},"mobile":{"background-color":"","background-image":"","background-repeat":"repeat","background-position":"center center","background-size":"auto","background-attachment":"scroll","background-type":"","background-media":"","overlay-type":"","overlay-color":"","overlay-opacity":"","overlay-gradient":""}},"ast-content-background-meta":{"desktop":{"background-color":"var(--ast-global-color-5)","background-image":"","background-repeat":"repeat","background-position":"center center","background-size":"auto","background-attachment":"scroll","background-type":"","background-media":"","overlay-type":"","overlay-color":"","overlay-opacity":"","overlay-gradient":""},"tablet":{"background-color":"var(--ast-global-color-5)","background-image":"","background-repeat":"repeat","background-position":"center center","background-size":"auto","background-attachment":"scroll","background-type":"","background-media":"","overlay-type":"","overlay-color":"","overlay-opacity":"","overlay-gradient":""},"mobile":{"background-color":"var(--ast-global-color-5)","background-image":"","background-repeat":"repeat","background-position":"center center","background-size":"auto","background-attachment":"scroll","background-type":"","background-media":"","overlay-type":"","overlay-color":"","overlay-opacity":"","overlay-gradient":""}},"footnotes":""},"class_list":["post-2674","page","type-page","status-publish","hentry"],"aioseo_notices":[],"_links":{"self":[{"href":"https:\/\/www.fabalp.com\/es\/wp-json\/wp\/v2\/pages\/2674","targetHints":{"allow":["GET"]}}],"collection":[{"href":"https:\/\/www.fabalp.com\/es\/wp-json\/wp\/v2\/pages"}],"about":[{"href":"https:\/\/www.fabalp.com\/es\/wp-json\/wp\/v2\/types\/page"}],"author":[{"embeddable":true,"href":"https:\/\/www.fabalp.com\/es\/wp-json\/wp\/v2\/users\/1"}],"replies":[{"embeddable":true,"href":"https:\/\/www.fabalp.com\/es\/wp-json\/wp\/v2\/comments?post=2674"}],"version-history":[{"count":15,"href":"https:\/\/www.fabalp.com\/es\/wp-json\/wp\/v2\/pages\/2674\/revisions"}],"predecessor-version":[{"id":4954,"href":"https:\/\/www.fabalp.com\/es\/wp-json\/wp\/v2\/pages\/2674\/revisions\/4954"}],"wp:attachment":[{"href":"https:\/\/www.fabalp.com\/es\/wp-json\/wp\/v2\/media?parent=2674"}],"curies":[{"name":"wp","href":"https:\/\/api.w.org\/{rel}","templated":true}]}}