{"id":2667,"date":"2025-04-07T10:58:49","date_gmt":"2025-04-07T10:58:49","guid":{"rendered":"https:\/\/www.fabalp.com\/robot-kollari-cozumleri\/"},"modified":"2025-05-16T13:21:40","modified_gmt":"2025-05-16T13:21:40","slug":"sistemas-roboticos","status":"publish","type":"page","link":"https:\/\/www.fabalp.com\/es\/sistemas-roboticos\/","title":{"rendered":"Sistemas Rob\u00f3ticos"},"content":{"rendered":"\t\t<div data-elementor-type=\"wp-page\" data-elementor-id=\"2667\" class=\"elementor elementor-2667\">\n\t\t\t\t<div class=\"elementor-element elementor-element-f81d53b e-flex e-con-boxed wpr-particle-no wpr-jarallax-no wpr-parallax-no wpr-sticky-section-no e-con e-parent\" data-id=\"f81d53b\" data-element_type=\"container\" data-e-type=\"container\" data-settings=\"{&quot;background_background&quot;:&quot;classic&quot;}\">\n\t\t\t\t\t<div class=\"e-con-inner\">\n\t\t\t\t<div class=\"elementor-element elementor-element-57bc54a elementor-widget-divider--separator-type-pattern elementor-widget-divider--view-line elementor-widget elementor-widget-divider\" data-id=\"57bc54a\" data-element_type=\"widget\" data-e-type=\"widget\" data-widget_type=\"divider.default\">\n\t\t\t\t<div class=\"elementor-widget-container\">\n\t\t\t\t\t\t\t<div class=\"elementor-divider\" style=\"--divider-pattern-url: url(&quot;data:image\/svg+xml,%3Csvg xmlns=&#039;http:\/\/www.w3.org\/2000\/svg&#039; preserveAspectRatio=&#039;none&#039; overflow=&#039;visible&#039; height=&#039;100%&#039; viewBox=&#039;0 0 24 24&#039; fill=&#039;black&#039; stroke=&#039;none&#039;%3E%3Cpolygon points=&#039;9.4,2 24,2 14.6,21.6 0,21.6&#039;\/%3E%3C\/svg%3E&quot;);\">\n\t\t\t<span class=\"elementor-divider-separator\">\n\t\t\t\t\t\t<\/span>\n\t\t<\/div>\n\t\t\t\t\t\t<\/div>\n\t\t\t\t<\/div>\n\t\t\t\t<div class=\"elementor-element elementor-element-967fd27 elementor-widget elementor-widget-heading\" data-id=\"967fd27\" data-element_type=\"widget\" data-e-type=\"widget\" data-widget_type=\"heading.default\">\n\t\t\t\t<div class=\"elementor-widget-container\">\n\t\t\t\t\t<h2 class=\"elementor-heading-title elementor-size-default\">Sistemas Rob\u00f3ticos<\/h2>\t\t\t\t<\/div>\n\t\t\t\t<\/div>\n\t\t\t\t<div class=\"elementor-element elementor-element-80796a8 elementor-widget elementor-widget-heading\" data-id=\"80796a8\" data-element_type=\"widget\" data-e-type=\"widget\" data-widget_type=\"heading.default\">\n\t\t\t\t<div class=\"elementor-widget-container\">\n\t\t\t\t\t<h6 class=\"elementor-heading-title elementor-size-default\">Sistemas de Automatizaci\u00f3n Rob\u00f3tica | Soluciones Rob\u00f3ticas Industriales e Integraci\u00f3n<\/h6>\t\t\t\t<\/div>\n\t\t\t\t<\/div>\n\t\t\t\t\t<\/div>\n\t\t\t\t<\/div>\n\t\t\t\t<section class=\"elementor-section elementor-top-section elementor-element elementor-element-abe2b49 elementor-section-content-top elementor-section-boxed elementor-section-height-default elementor-section-height-default wpr-particle-no wpr-jarallax-no wpr-parallax-no wpr-sticky-section-no\" data-id=\"abe2b49\" data-element_type=\"section\" data-e-type=\"section\" data-settings=\"{&quot;background_background&quot;:&quot;classic&quot;}\">\n\t\t\t\t\t\t\t<div class=\"elementor-background-overlay\"><\/div>\n\t\t\t\t\t\t\t<div class=\"elementor-container elementor-column-gap-no\">\n\t\t\t\t\t<div class=\"elementor-column elementor-col-100 elementor-top-column elementor-element elementor-element-0780e19\" data-id=\"0780e19\" data-element_type=\"column\" data-e-type=\"column\">\n\t\t\t<div class=\"elementor-widget-wrap elementor-element-populated\">\n\t\t\t\t\t\t<div class=\"elementor-element elementor-element-a750807 elementor-widget elementor-widget-text-editor\" data-id=\"a750807\" data-element_type=\"widget\" data-e-type=\"widget\" data-widget_type=\"text-editor.default\">\n\t\t\t\t<div class=\"elementor-widget-container\">\n\t\t\t\t\t\t\t\t\t<p>FABALP Makine End\u00fcstrisi Sanayi ve Ticaret A.\u015e. mejora sus procesos de producci\u00f3n y aumenta la eficiencia con soluciones de brazos rob\u00f3ticos en los sectores automotriz y ferroviario. Los brazos rob\u00f3ticos, combinados con automatizaci\u00f3n industrial, sistemas rob\u00f3ticos y l\u00edneas de producci\u00f3n automatizadas, mejoran la productividad de la mano de obra, asegurando una producci\u00f3n r\u00e1pida, de alta calidad y sin errores.<\/p><p>FABALP Makine ofrece soluciones adecuadas para todas las necesidades industriales con brazos rob\u00f3ticos. Los brazos rob\u00f3ticos son ideales para ensamblajes autom\u00e1ticos y operaciones que requieren alta precisi\u00f3n. Los brazos rob\u00f3ticos con mayor alcance mejoran la eficiencia y reducen los costos laborales en operaciones de soldadura rob\u00f3tica, manipulaci\u00f3n, ensamblaje y embalaje.<\/p><p>Nuestras soluciones de brazos rob\u00f3ticos se integran con la integraci\u00f3n de sistemas rob\u00f3ticos, l\u00edneas de producci\u00f3n automatizadas y sistemas de ensamblaje rob\u00f3ticos para garantizar la m\u00e1xima eficiencia en sus procesos de producci\u00f3n. FABALP Makine optimiza sus procesos empresariales con sistemas de automatizaci\u00f3n, procesos de producci\u00f3n r\u00e1pidos y alta calidad proporcionada por los brazos rob\u00f3ticos.<\/p><p>En cada proyecto, el objetivo es lograr alta precisi\u00f3n y bajas tasas de error con los brazos rob\u00f3ticos. Como FABALP Makine, ofrecemos soluciones personalizadas con brazos rob\u00f3ticos y soluciones rob\u00f3ticas. Los sistemas de brazos rob\u00f3ticos proporcionan automatizaci\u00f3n completa para la producci\u00f3n industrial, ensamblaje, soldadura, manipulaci\u00f3n, embalaje y muchos otros procesos.<\/p><p>FABALP Makine siempre est\u00e1 a su lado, ofreciendo procesos de producci\u00f3n eficientes y seguros con brazos rob\u00f3ticos, aumentando la productividad de su mano de obra y acelerando sus procesos de automatizaci\u00f3n industrial. Optimice sus procesos de producci\u00f3n con alta eficiencia y bajo costo utilizando sistemas rob\u00f3ticos, l\u00edneas de ensamblaje automatizadas, robots de manipulaci\u00f3n y soluciones rob\u00f3ticas.<\/p><p>Cont\u00e1ctenos para obtener las soluciones de brazos rob\u00f3ticos m\u00e1s adecuadas para sus necesidades y hagamos realidad sus proyectos con alta calidad, entrega r\u00e1pida y m\u00e1xima eficiencia.<\/p>\t\t\t\t\t\t\t\t<\/div>\n\t\t\t\t<\/div>\n\t\t\t\t\t<\/div>\n\t\t<\/div>\n\t\t\t\t\t<\/div>\n\t\t<\/section>\n\t\t\t\t<\/div>\n\t\t","protected":false},"excerpt":{"rendered":"<p>Sistemas Rob\u00f3ticos Sistemas de Automatizaci\u00f3n Rob\u00f3tica | Soluciones Rob\u00f3ticas Industriales e Integraci\u00f3n FABALP Makine End\u00fcstrisi Sanayi ve Ticaret A.\u015e. mejora sus procesos de producci\u00f3n y aumenta la eficiencia con soluciones de brazos rob\u00f3ticos en los sectores automotriz y ferroviario. Los brazos rob\u00f3ticos, combinados con automatizaci\u00f3n industrial, sistemas rob\u00f3ticos y l\u00edneas de producci\u00f3n automatizadas, mejoran la productividad de la mano de obra, asegurando una producci\u00f3n r\u00e1pida, de alta calidad y sin errores. FABALP Makine ofrece soluciones adecuadas para todas las necesidades industriales con brazos rob\u00f3ticos. Los brazos rob\u00f3ticos son ideales para ensamblajes autom\u00e1ticos y operaciones que requieren alta precisi\u00f3n. Los brazos rob\u00f3ticos con mayor alcance mejoran la eficiencia y reducen los costos laborales en operaciones de soldadura rob\u00f3tica, manipulaci\u00f3n, ensamblaje y embalaje. Nuestras soluciones de brazos rob\u00f3ticos se integran con la integraci\u00f3n de sistemas rob\u00f3ticos, l\u00edneas de producci\u00f3n automatizadas y sistemas de ensamblaje rob\u00f3ticos para garantizar la m\u00e1xima eficiencia en sus procesos de producci\u00f3n. FABALP Makine optimiza sus procesos empresariales con sistemas de automatizaci\u00f3n, procesos de producci\u00f3n r\u00e1pidos y alta calidad proporcionada por los brazos rob\u00f3ticos. En cada proyecto, el objetivo es lograr alta precisi\u00f3n y bajas tasas de error con los brazos rob\u00f3ticos. Como FABALP Makine, ofrecemos soluciones personalizadas con brazos rob\u00f3ticos y soluciones rob\u00f3ticas. Los sistemas de brazos rob\u00f3ticos proporcionan automatizaci\u00f3n completa para la producci\u00f3n industrial, ensamblaje, soldadura, manipulaci\u00f3n, embalaje y muchos otros procesos. FABALP Makine siempre est\u00e1 a su lado, ofreciendo procesos de producci\u00f3n eficientes y seguros con brazos rob\u00f3ticos, aumentando la productividad de su mano de obra y acelerando sus procesos de automatizaci\u00f3n industrial. Optimice sus procesos de producci\u00f3n con alta eficiencia y bajo costo utilizando sistemas rob\u00f3ticos, l\u00edneas de ensamblaje automatizadas, robots de manipulaci\u00f3n y soluciones rob\u00f3ticas. Cont\u00e1ctenos para obtener las soluciones de brazos rob\u00f3ticos m\u00e1s adecuadas para sus necesidades y hagamos realidad sus proyectos con alta calidad, entrega r\u00e1pida y m\u00e1xima eficiencia.<\/p>\n","protected":false},"author":1,"featured_media":0,"parent":0,"menu_order":0,"comment_status":"closed","ping_status":"closed","template":"","meta":{"site-sidebar-layout":"no-sidebar","site-content-layout":"page-builder","ast-site-content-layout":"full-width-container","site-content-style":"unboxed","site-sidebar-style":"unboxed","ast-global-header-display":"","ast-banner-title-visibility":"","ast-main-header-display":"","ast-hfb-above-header-display":"","ast-hfb-below-header-display":"","ast-hfb-mobile-header-display":"","site-post-title":"disabled","ast-breadcrumbs-content":"disabled","ast-featured-img":"disabled","footer-sml-layout":"","ast-disable-related-posts":"","theme-transparent-header-meta":"enabled","adv-header-id-meta":"","stick-header-meta":"","header-above-stick-meta":"","header-main-stick-meta":"","header-below-stick-meta":"","astra-migrate-meta-layouts":"set","ast-page-background-enabled":"default","ast-page-background-meta":{"desktop":{"background-color":"","background-image":"","background-repeat":"repeat","background-position":"center center","background-size":"auto","background-attachment":"scroll","background-type":"","background-media":"","overlay-type":"","overlay-color":"","overlay-opacity":"","overlay-gradient":""},"tablet":{"background-color":"","background-image":"","background-repeat":"repeat","background-position":"center center","background-size":"auto","background-attachment":"scroll","background-type":"","background-media":"","overlay-type":"","overlay-color":"","overlay-opacity":"","overlay-gradient":""},"mobile":{"background-color":"","background-image":"","background-repeat":"repeat","background-position":"center center","background-size":"auto","background-attachment":"scroll","background-type":"","background-media":"","overlay-type":"","overlay-color":"","overlay-opacity":"","overlay-gradient":""}},"ast-content-background-meta":{"desktop":{"background-color":"var(--ast-global-color-5)","background-image":"","background-repeat":"repeat","background-position":"center center","background-size":"auto","background-attachment":"scroll","background-type":"","background-media":"","overlay-type":"","overlay-color":"","overlay-opacity":"","overlay-gradient":""},"tablet":{"background-color":"var(--ast-global-color-5)","background-image":"","background-repeat":"repeat","background-position":"center center","background-size":"auto","background-attachment":"scroll","background-type":"","background-media":"","overlay-type":"","overlay-color":"","overlay-opacity":"","overlay-gradient":""},"mobile":{"background-color":"var(--ast-global-color-5)","background-image":"","background-repeat":"repeat","background-position":"center center","background-size":"auto","background-attachment":"scroll","background-type":"","background-media":"","overlay-type":"","overlay-color":"","overlay-opacity":"","overlay-gradient":""}},"footnotes":""},"class_list":["post-2667","page","type-page","status-publish","hentry"],"aioseo_notices":[],"_links":{"self":[{"href":"https:\/\/www.fabalp.com\/es\/wp-json\/wp\/v2\/pages\/2667","targetHints":{"allow":["GET"]}}],"collection":[{"href":"https:\/\/www.fabalp.com\/es\/wp-json\/wp\/v2\/pages"}],"about":[{"href":"https:\/\/www.fabalp.com\/es\/wp-json\/wp\/v2\/types\/page"}],"author":[{"embeddable":true,"href":"https:\/\/www.fabalp.com\/es\/wp-json\/wp\/v2\/users\/1"}],"replies":[{"embeddable":true,"href":"https:\/\/www.fabalp.com\/es\/wp-json\/wp\/v2\/comments?post=2667"}],"version-history":[{"count":16,"href":"https:\/\/www.fabalp.com\/es\/wp-json\/wp\/v2\/pages\/2667\/revisions"}],"predecessor-version":[{"id":4809,"href":"https:\/\/www.fabalp.com\/es\/wp-json\/wp\/v2\/pages\/2667\/revisions\/4809"}],"wp:attachment":[{"href":"https:\/\/www.fabalp.com\/es\/wp-json\/wp\/v2\/media?parent=2667"}],"curies":[{"name":"wp","href":"https:\/\/api.w.org\/{rel}","templated":true}]}}