{"id":2762,"date":"2025-03-26T12:28:12","date_gmt":"2025-03-26T12:28:12","guid":{"rendered":"https:\/\/www.fabalp.com\/montaj-ve-devreye-alma-cozumleri\/"},"modified":"2025-05-20T09:25:48","modified_gmt":"2025-05-20T09:25:48","slug":"montage-und-inbetriebnahme","status":"publish","type":"page","link":"https:\/\/www.fabalp.com\/de\/montage-und-inbetriebnahme\/","title":{"rendered":"Montage und Inbetriebnahme"},"content":{"rendered":"\t\t<div data-elementor-type=\"wp-page\" data-elementor-id=\"2762\" class=\"elementor elementor-2762\">\n\t\t\t\t<div class=\"elementor-element elementor-element-f81d53b e-flex e-con-boxed wpr-particle-no wpr-jarallax-no wpr-parallax-no wpr-sticky-section-no e-con e-parent\" data-id=\"f81d53b\" data-element_type=\"container\" data-e-type=\"container\" data-settings=\"{&quot;background_background&quot;:&quot;classic&quot;}\">\n\t\t\t\t\t<div class=\"e-con-inner\">\n\t\t\t\t<div class=\"elementor-element elementor-element-57bc54a elementor-widget-divider--separator-type-pattern elementor-widget-divider--view-line elementor-widget elementor-widget-divider\" data-id=\"57bc54a\" data-element_type=\"widget\" data-e-type=\"widget\" data-widget_type=\"divider.default\">\n\t\t\t\t<div class=\"elementor-widget-container\">\n\t\t\t\t\t\t\t<div class=\"elementor-divider\" style=\"--divider-pattern-url: url(&quot;data:image\/svg+xml,%3Csvg xmlns=&#039;http:\/\/www.w3.org\/2000\/svg&#039; preserveAspectRatio=&#039;none&#039; overflow=&#039;visible&#039; height=&#039;100%&#039; viewBox=&#039;0 0 24 24&#039; fill=&#039;black&#039; stroke=&#039;none&#039;%3E%3Cpolygon points=&#039;9.4,2 24,2 14.6,21.6 0,21.6&#039;\/%3E%3C\/svg%3E&quot;);\">\n\t\t\t<span class=\"elementor-divider-separator\">\n\t\t\t\t\t\t<\/span>\n\t\t<\/div>\n\t\t\t\t\t\t<\/div>\n\t\t\t\t<\/div>\n\t\t\t\t<div class=\"elementor-element elementor-element-967fd27 elementor-widget elementor-widget-heading\" data-id=\"967fd27\" data-element_type=\"widget\" data-e-type=\"widget\" data-widget_type=\"heading.default\">\n\t\t\t\t<div class=\"elementor-widget-container\">\n\t\t\t\t\t<h2 class=\"elementor-heading-title elementor-size-default\">Montage und Inbetriebnahme<\/h2>\t\t\t\t<\/div>\n\t\t\t\t<\/div>\n\t\t\t\t<div class=\"elementor-element elementor-element-4de93b3 elementor-widget elementor-widget-heading\" data-id=\"4de93b3\" data-element_type=\"widget\" data-e-type=\"widget\" data-widget_type=\"heading.default\">\n\t\t\t\t<div class=\"elementor-widget-container\">\n\t\t\t\t\t<h6 class=\"elementor-heading-title elementor-size-default\">Montage- und Inbetriebnahmedienstleistungen | Vollst\u00e4ndig Integrierte Industrielle Systeminstallationen und Inbetriebnahme<\/h6>\t\t\t\t<\/div>\n\t\t\t\t<\/div>\n\t\t\t\t\t<\/div>\n\t\t\t\t<\/div>\n\t\t\t\t<section class=\"elementor-section elementor-top-section elementor-element elementor-element-abe2b49 elementor-section-content-top elementor-section-boxed elementor-section-height-default elementor-section-height-default wpr-particle-no wpr-jarallax-no wpr-parallax-no wpr-sticky-section-no\" data-id=\"abe2b49\" data-element_type=\"section\" data-e-type=\"section\" data-settings=\"{&quot;background_background&quot;:&quot;classic&quot;}\">\n\t\t\t\t\t\t\t<div class=\"elementor-background-overlay\"><\/div>\n\t\t\t\t\t\t\t<div class=\"elementor-container elementor-column-gap-no\">\n\t\t\t\t\t<div class=\"elementor-column elementor-col-100 elementor-top-column elementor-element elementor-element-0780e19\" data-id=\"0780e19\" data-element_type=\"column\" data-e-type=\"column\">\n\t\t\t<div class=\"elementor-widget-wrap elementor-element-populated\">\n\t\t\t\t\t\t<div class=\"elementor-element elementor-element-a750807 elementor-widget elementor-widget-text-editor\" data-id=\"a750807\" data-element_type=\"widget\" data-e-type=\"widget\" data-widget_type=\"text-editor.default\">\n\t\t\t\t<div class=\"elementor-widget-container\">\n\t\t\t\t\t\t\t\t\t<p>Bei FABALP Makine End\u00fcstrisi Sanayi ve Ticaret A.\u015e. bieten wir qualitativ hochwertige und effiziente L\u00f6sungen f\u00fcr Montage- und Inbetriebnahmeprozesse. In Industriebranchen wie der Automobilindustrie, dem Schienenfahrzeugbau und der Maschinenbauindustrie bieten wir schnelle und hochstandardisierte Montageleistungen f\u00fcr alle Ihre Projekte mit Montagelinien und Automatisierungssystemen an. Als FABALP Makine setzen wir Ihre Projekte mit Zuversicht in jeder Phase um, indem wir unser Engineering-Know-how und unsere technologische Infrastruktur nutzen.<\/p><p>Im Montageprozess optimieren wir Produktionslinien mit robotergest\u00fctzten Systemen und Automatisierungsl\u00f6sungen und f\u00fchren alle Arten von Montageoperationen wie Teilemontage, elektrische Anschl\u00fcsse und mechanische Installationen fehlerfrei durch. Selbst bei Projekten, die hohe Pr\u00e4zision erfordern, sorgen wir f\u00fcr eine schnelle Montage und eine hochwertige Kontrolle, um in jeder Phase Exzellenz zu gew\u00e4hrleisten.<\/p><p>Der Inbetriebnahmeprozess ist ein kritischer Schritt, um die ordnungsgem\u00e4\u00dfe Funktion von Systemen nach der Montage sicherzustellen. Bei FABALP Makine gew\u00e4hrleisten wir die effiziente und sichere Inbetriebnahme von Systemen w\u00e4hrend der Integration von Automatisierungssystemen, robotergest\u00fctzten Anwendungen und elektrischen Systemen. W\u00e4hrend des Inbetriebnahmeprozesses f\u00fchren wir Systemkontrollen, Software-Integrationen, Leistungstests und Fehlerbehebungen sorgf\u00e4ltig durch. Dies gew\u00e4hrleistet einen reibungslosen Betrieb und eine ununterbrochene Produktionserfahrung f\u00fcr unsere Kunden.<\/p><p>In jeder Phase der Montage- und Inbetriebnahmeprozesse schlie\u00dfen wir jedes Projekt erfolgreich mit einem kundenorientierten Ansatz und innovativen Engineering-L\u00f6sungen ab. Dar\u00fcber hinaus stellen wir durch unsere Wartungs- und Supportdienste sicher, dass die in Betrieb genommenen Systeme langfristig und effizient betrieben werden.<\/p>\t\t\t\t\t\t\t\t<\/div>\n\t\t\t\t<\/div>\n\t\t\t\t\t<\/div>\n\t\t<\/div>\n\t\t\t\t\t<\/div>\n\t\t<\/section>\n\t\t\t\t<\/div>\n\t\t","protected":false},"excerpt":{"rendered":"<p>Montage und Inbetriebnahme Montage- und Inbetriebnahmedienstleistungen | Vollst\u00e4ndig Integrierte Industrielle Systeminstallationen und Inbetriebnahme Bei FABALP Makine End\u00fcstrisi Sanayi ve Ticaret A.\u015e. bieten wir qualitativ hochwertige und effiziente L\u00f6sungen f\u00fcr Montage- und Inbetriebnahmeprozesse. In Industriebranchen wie der Automobilindustrie, dem Schienenfahrzeugbau und der Maschinenbauindustrie bieten wir schnelle und hochstandardisierte Montageleistungen f\u00fcr alle Ihre Projekte mit Montagelinien und Automatisierungssystemen an. Als FABALP Makine setzen wir Ihre Projekte mit Zuversicht in jeder Phase um, indem wir unser Engineering-Know-how und unsere technologische Infrastruktur nutzen. Im Montageprozess optimieren wir Produktionslinien mit robotergest\u00fctzten Systemen und Automatisierungsl\u00f6sungen und f\u00fchren alle Arten von Montageoperationen wie Teilemontage, elektrische Anschl\u00fcsse und mechanische Installationen fehlerfrei durch. Selbst bei Projekten, die hohe Pr\u00e4zision erfordern, sorgen wir f\u00fcr eine schnelle Montage und eine hochwertige Kontrolle, um in jeder Phase Exzellenz zu gew\u00e4hrleisten. Der Inbetriebnahmeprozess ist ein kritischer Schritt, um die ordnungsgem\u00e4\u00dfe Funktion von Systemen nach der Montage sicherzustellen. Bei FABALP Makine gew\u00e4hrleisten wir die effiziente und sichere Inbetriebnahme von Systemen w\u00e4hrend der Integration von Automatisierungssystemen, robotergest\u00fctzten Anwendungen und elektrischen Systemen. W\u00e4hrend des Inbetriebnahmeprozesses f\u00fchren wir Systemkontrollen, Software-Integrationen, Leistungstests und Fehlerbehebungen sorgf\u00e4ltig durch. Dies gew\u00e4hrleistet einen reibungslosen Betrieb und eine ununterbrochene Produktionserfahrung f\u00fcr unsere Kunden. In jeder Phase der Montage- und Inbetriebnahmeprozesse schlie\u00dfen wir jedes Projekt erfolgreich mit einem kundenorientierten Ansatz und innovativen Engineering-L\u00f6sungen ab. Dar\u00fcber hinaus stellen wir durch unsere Wartungs- und Supportdienste sicher, dass die in Betrieb genommenen Systeme langfristig und effizient betrieben werden.<\/p>\n","protected":false},"author":1,"featured_media":0,"parent":0,"menu_order":0,"comment_status":"closed","ping_status":"closed","template":"","meta":{"site-sidebar-layout":"no-sidebar","site-content-layout":"page-builder","ast-site-content-layout":"full-width-container","site-content-style":"unboxed","site-sidebar-style":"unboxed","ast-global-header-display":"","ast-banner-title-visibility":"","ast-main-header-display":"","ast-hfb-above-header-display":"","ast-hfb-below-header-display":"","ast-hfb-mobile-header-display":"","site-post-title":"disabled","ast-breadcrumbs-content":"disabled","ast-featured-img":"disabled","footer-sml-layout":"","ast-disable-related-posts":"","theme-transparent-header-meta":"enabled","adv-header-id-meta":"","stick-header-meta":"","header-above-stick-meta":"","header-main-stick-meta":"","header-below-stick-meta":"","astra-migrate-meta-layouts":"set","ast-page-background-enabled":"default","ast-page-background-meta":{"desktop":{"background-color":"","background-image":"","background-repeat":"repeat","background-position":"center center","background-size":"auto","background-attachment":"scroll","background-type":"","background-media":"","overlay-type":"","overlay-color":"","overlay-opacity":"","overlay-gradient":""},"tablet":{"background-color":"","background-image":"","background-repeat":"repeat","background-position":"center center","background-size":"auto","background-attachment":"scroll","background-type":"","background-media":"","overlay-type":"","overlay-color":"","overlay-opacity":"","overlay-gradient":""},"mobile":{"background-color":"","background-image":"","background-repeat":"repeat","background-position":"center center","background-size":"auto","background-attachment":"scroll","background-type":"","background-media":"","overlay-type":"","overlay-color":"","overlay-opacity":"","overlay-gradient":""}},"ast-content-background-meta":{"desktop":{"background-color":"var(--ast-global-color-5)","background-image":"","background-repeat":"repeat","background-position":"center center","background-size":"auto","background-attachment":"scroll","background-type":"","background-media":"","overlay-type":"","overlay-color":"","overlay-opacity":"","overlay-gradient":""},"tablet":{"background-color":"var(--ast-global-color-5)","background-image":"","background-repeat":"repeat","background-position":"center center","background-size":"auto","background-attachment":"scroll","background-type":"","background-media":"","overlay-type":"","overlay-color":"","overlay-opacity":"","overlay-gradient":""},"mobile":{"background-color":"var(--ast-global-color-5)","background-image":"","background-repeat":"repeat","background-position":"center center","background-size":"auto","background-attachment":"scroll","background-type":"","background-media":"","overlay-type":"","overlay-color":"","overlay-opacity":"","overlay-gradient":""}},"footnotes":""},"class_list":["post-2762","page","type-page","status-publish","hentry"],"aioseo_notices":[],"_links":{"self":[{"href":"https:\/\/www.fabalp.com\/de\/wp-json\/wp\/v2\/pages\/2762","targetHints":{"allow":["GET"]}}],"collection":[{"href":"https:\/\/www.fabalp.com\/de\/wp-json\/wp\/v2\/pages"}],"about":[{"href":"https:\/\/www.fabalp.com\/de\/wp-json\/wp\/v2\/types\/page"}],"author":[{"embeddable":true,"href":"https:\/\/www.fabalp.com\/de\/wp-json\/wp\/v2\/users\/1"}],"replies":[{"embeddable":true,"href":"https:\/\/www.fabalp.com\/de\/wp-json\/wp\/v2\/comments?post=2762"}],"version-history":[{"count":16,"href":"https:\/\/www.fabalp.com\/de\/wp-json\/wp\/v2\/pages\/2762\/revisions"}],"predecessor-version":[{"id":5282,"href":"https:\/\/www.fabalp.com\/de\/wp-json\/wp\/v2\/pages\/2762\/revisions\/5282"}],"wp:attachment":[{"href":"https:\/\/www.fabalp.com\/de\/wp-json\/wp\/v2\/media?parent=2762"}],"curies":[{"name":"wp","href":"https:\/\/api.w.org\/{rel}","templated":true}]}}