{"id":2712,"date":"2025-04-04T10:42:00","date_gmt":"2025-04-04T10:42:00","guid":{"rendered":"https:\/\/www.fabalp.com\/kaynakli-imalat-cozumleri\/"},"modified":"2025-05-20T08:25:28","modified_gmt":"2025-05-20T08:25:28","slug":"schweissfertigung","status":"publish","type":"page","link":"https:\/\/www.fabalp.com\/de\/schweissfertigung\/","title":{"rendered":"Schwei\u00dffertigung"},"content":{"rendered":"\t\t<div data-elementor-type=\"wp-page\" data-elementor-id=\"2712\" class=\"elementor elementor-2712\">\n\t\t\t\t<div class=\"elementor-element elementor-element-f81d53b e-flex e-con-boxed wpr-particle-no wpr-jarallax-no wpr-parallax-no wpr-sticky-section-no e-con e-parent\" data-id=\"f81d53b\" data-element_type=\"container\" data-e-type=\"container\" data-settings=\"{&quot;background_background&quot;:&quot;classic&quot;}\">\n\t\t\t\t\t<div class=\"e-con-inner\">\n\t\t\t\t<div class=\"elementor-element elementor-element-57bc54a elementor-widget-divider--separator-type-pattern elementor-widget-divider--view-line elementor-widget elementor-widget-divider\" data-id=\"57bc54a\" data-element_type=\"widget\" data-e-type=\"widget\" data-widget_type=\"divider.default\">\n\t\t\t\t<div class=\"elementor-widget-container\">\n\t\t\t\t\t\t\t<div class=\"elementor-divider\" style=\"--divider-pattern-url: url(&quot;data:image\/svg+xml,%3Csvg xmlns=&#039;http:\/\/www.w3.org\/2000\/svg&#039; preserveAspectRatio=&#039;none&#039; overflow=&#039;visible&#039; height=&#039;100%&#039; viewBox=&#039;0 0 24 24&#039; fill=&#039;black&#039; stroke=&#039;none&#039;%3E%3Cpolygon points=&#039;9.4,2 24,2 14.6,21.6 0,21.6&#039;\/%3E%3C\/svg%3E&quot;);\">\n\t\t\t<span class=\"elementor-divider-separator\">\n\t\t\t\t\t\t<\/span>\n\t\t<\/div>\n\t\t\t\t\t\t<\/div>\n\t\t\t\t<\/div>\n\t\t\t\t<div class=\"elementor-element elementor-element-967fd27 elementor-widget elementor-widget-heading\" data-id=\"967fd27\" data-element_type=\"widget\" data-e-type=\"widget\" data-widget_type=\"heading.default\">\n\t\t\t\t<div class=\"elementor-widget-container\">\n\t\t\t\t\t<h2 class=\"elementor-heading-title elementor-size-default\">Schwei\u00dffertigung<\/h2>\t\t\t\t<\/div>\n\t\t\t\t<\/div>\n\t\t\t\t<div class=\"elementor-element elementor-element-d179a2d elementor-widget elementor-widget-heading\" data-id=\"d179a2d\" data-element_type=\"widget\" data-e-type=\"widget\" data-widget_type=\"heading.default\">\n\t\t\t\t<div class=\"elementor-widget-container\">\n\t\t\t\t\t<h6 class=\"elementor-heading-title elementor-size-default\">Schwei\u00dffertigungsl\u00f6sungen | Industrielle Schwei\u00dfsysteme und Hochwertige Fertigung<\/h6>\t\t\t\t<\/div>\n\t\t\t\t<\/div>\n\t\t\t\t\t<\/div>\n\t\t\t\t<\/div>\n\t\t\t\t<section class=\"elementor-section elementor-top-section elementor-element elementor-element-abe2b49 elementor-section-content-top elementor-section-boxed elementor-section-height-default elementor-section-height-default wpr-particle-no wpr-jarallax-no wpr-parallax-no wpr-sticky-section-no\" data-id=\"abe2b49\" data-element_type=\"section\" data-e-type=\"section\" data-settings=\"{&quot;background_background&quot;:&quot;classic&quot;}\">\n\t\t\t\t\t\t\t<div class=\"elementor-background-overlay\"><\/div>\n\t\t\t\t\t\t\t<div class=\"elementor-container elementor-column-gap-no\">\n\t\t\t\t\t<div class=\"elementor-column elementor-col-100 elementor-top-column elementor-element elementor-element-0780e19\" data-id=\"0780e19\" data-element_type=\"column\" data-e-type=\"column\">\n\t\t\t<div class=\"elementor-widget-wrap elementor-element-populated\">\n\t\t\t\t\t\t<div class=\"elementor-element elementor-element-a750807 elementor-widget elementor-widget-text-editor\" data-id=\"a750807\" data-element_type=\"widget\" data-e-type=\"widget\" data-widget_type=\"text-editor.default\">\n\t\t\t\t<div class=\"elementor-widget-container\">\n\t\t\t\t\t\t\t\t\t<p>Bei FABALP Makine End\u00fcstrisi Sanayi ve Ticaret A.\u015e. verf\u00fcgen wir \u00fcber umfangreiche Erfahrung und technisches Wissen im Bereich der Schwei\u00dffertigung. Mit fortschrittlicher Technologie und unserem Expertenteam bieten wir hochqualitative Schwei\u00dffertigungsl\u00f6sungen f\u00fcr die Industrie an. In Bereichen wie Automobilbau, Bahnsysteme und Maschinenbau entwickeln wir ma\u00dfgeschneiderte L\u00f6sungen, um all Ihre Bed\u00fcrfnisse im Bereich der Schwei\u00dffertigung zu erf\u00fcllen.<\/p><p>In unseren Schwei\u00dffertigungsprozessen stellen wir hohe Effizienz und Qualit\u00e4t sicher, indem wir verschiedene Methoden wie Schwei\u00dfvorrichtungen, robotergest\u00fctzte Schwei\u00dfsysteme und manuelle Schwei\u00dfverfahren verwenden. In jedem Projekt erreichen wir maximale Sicherheit und Haltbarkeit mit pr\u00e4zisen Techniken und Handwerkskunst. Dar\u00fcber hinaus verbessern wir Ihre Produktionsprozesse, indem wir zus\u00e4tzliche Dienstleistungen wie Schwei\u00dfmontage und Oberfl\u00e4chenbehandlungen anbieten, um die Prozesse schneller und effizienter zu gestalten.<\/p><p>FABALP Makine optimiert Fertigungsprozesse in der Schwei\u00dfproduktion mit robotergest\u00fctzten Systemen und Automatisierungsl\u00f6sungen. Mit der hohen Geschwindigkeit und Qualit\u00e4t, die wir an den Schwei\u00dflinien erreichen, schlie\u00dfen wir Ihre Projekte in k\u00fcrzester Zeit und zu den niedrigsten Kosten ab. Dar\u00fcber hinaus bieten wir durch qualifizierte Handwerkskunst und fortschrittliche Schwei\u00dftechniken eine \u00fcberlegene Schwei\u00dfqualit\u00e4t f\u00fcr alle Arten von Metalloberfl\u00e4chen.<\/p><p>In jeder Phase Ihrer Projekte bieten wir ma\u00dfgeschneiderte Schwei\u00dffertigungsl\u00f6sungen an, um Exzellenz und Effizienz sicherzustellen. Mit hoher Leistung und Flexibilit\u00e4t in den Schwei\u00dfprozessen schlie\u00dfen wir Ihre Industrieprojekte erfolgreich ab.<\/p>\t\t\t\t\t\t\t\t<\/div>\n\t\t\t\t<\/div>\n\t\t\t\t\t<\/div>\n\t\t<\/div>\n\t\t\t\t\t<\/div>\n\t\t<\/section>\n\t\t\t\t<\/div>\n\t\t","protected":false},"excerpt":{"rendered":"<p>Schwei\u00dffertigung Schwei\u00dffertigungsl\u00f6sungen | Industrielle Schwei\u00dfsysteme und Hochwertige Fertigung Bei FABALP Makine End\u00fcstrisi Sanayi ve Ticaret A.\u015e. verf\u00fcgen wir \u00fcber umfangreiche Erfahrung und technisches Wissen im Bereich der Schwei\u00dffertigung. Mit fortschrittlicher Technologie und unserem Expertenteam bieten wir hochqualitative Schwei\u00dffertigungsl\u00f6sungen f\u00fcr die Industrie an. In Bereichen wie Automobilbau, Bahnsysteme und Maschinenbau entwickeln wir ma\u00dfgeschneiderte L\u00f6sungen, um all Ihre Bed\u00fcrfnisse im Bereich der Schwei\u00dffertigung zu erf\u00fcllen. In unseren Schwei\u00dffertigungsprozessen stellen wir hohe Effizienz und Qualit\u00e4t sicher, indem wir verschiedene Methoden wie Schwei\u00dfvorrichtungen, robotergest\u00fctzte Schwei\u00dfsysteme und manuelle Schwei\u00dfverfahren verwenden. In jedem Projekt erreichen wir maximale Sicherheit und Haltbarkeit mit pr\u00e4zisen Techniken und Handwerkskunst. Dar\u00fcber hinaus verbessern wir Ihre Produktionsprozesse, indem wir zus\u00e4tzliche Dienstleistungen wie Schwei\u00dfmontage und Oberfl\u00e4chenbehandlungen anbieten, um die Prozesse schneller und effizienter zu gestalten. FABALP Makine optimiert Fertigungsprozesse in der Schwei\u00dfproduktion mit robotergest\u00fctzten Systemen und Automatisierungsl\u00f6sungen. Mit der hohen Geschwindigkeit und Qualit\u00e4t, die wir an den Schwei\u00dflinien erreichen, schlie\u00dfen wir Ihre Projekte in k\u00fcrzester Zeit und zu den niedrigsten Kosten ab. Dar\u00fcber hinaus bieten wir durch qualifizierte Handwerkskunst und fortschrittliche Schwei\u00dftechniken eine \u00fcberlegene Schwei\u00dfqualit\u00e4t f\u00fcr alle Arten von Metalloberfl\u00e4chen. In jeder Phase Ihrer Projekte bieten wir ma\u00dfgeschneiderte Schwei\u00dffertigungsl\u00f6sungen an, um Exzellenz und Effizienz sicherzustellen. Mit hoher Leistung und Flexibilit\u00e4t in den Schwei\u00dfprozessen schlie\u00dfen wir Ihre Industrieprojekte erfolgreich ab.<\/p>\n","protected":false},"author":1,"featured_media":0,"parent":0,"menu_order":0,"comment_status":"closed","ping_status":"closed","template":"","meta":{"site-sidebar-layout":"no-sidebar","site-content-layout":"page-builder","ast-site-content-layout":"full-width-container","site-content-style":"unboxed","site-sidebar-style":"unboxed","ast-global-header-display":"","ast-banner-title-visibility":"","ast-main-header-display":"","ast-hfb-above-header-display":"","ast-hfb-below-header-display":"","ast-hfb-mobile-header-display":"","site-post-title":"disabled","ast-breadcrumbs-content":"disabled","ast-featured-img":"disabled","footer-sml-layout":"","ast-disable-related-posts":"","theme-transparent-header-meta":"enabled","adv-header-id-meta":"","stick-header-meta":"","header-above-stick-meta":"","header-main-stick-meta":"","header-below-stick-meta":"","astra-migrate-meta-layouts":"set","ast-page-background-enabled":"default","ast-page-background-meta":{"desktop":{"background-color":"","background-image":"","background-repeat":"repeat","background-position":"center center","background-size":"auto","background-attachment":"scroll","background-type":"","background-media":"","overlay-type":"","overlay-color":"","overlay-opacity":"","overlay-gradient":""},"tablet":{"background-color":"","background-image":"","background-repeat":"repeat","background-position":"center center","background-size":"auto","background-attachment":"scroll","background-type":"","background-media":"","overlay-type":"","overlay-color":"","overlay-opacity":"","overlay-gradient":""},"mobile":{"background-color":"","background-image":"","background-repeat":"repeat","background-position":"center center","background-size":"auto","background-attachment":"scroll","background-type":"","background-media":"","overlay-type":"","overlay-color":"","overlay-opacity":"","overlay-gradient":""}},"ast-content-background-meta":{"desktop":{"background-color":"var(--ast-global-color-5)","background-image":"","background-repeat":"repeat","background-position":"center center","background-size":"auto","background-attachment":"scroll","background-type":"","background-media":"","overlay-type":"","overlay-color":"","overlay-opacity":"","overlay-gradient":""},"tablet":{"background-color":"var(--ast-global-color-5)","background-image":"","background-repeat":"repeat","background-position":"center center","background-size":"auto","background-attachment":"scroll","background-type":"","background-media":"","overlay-type":"","overlay-color":"","overlay-opacity":"","overlay-gradient":""},"mobile":{"background-color":"var(--ast-global-color-5)","background-image":"","background-repeat":"repeat","background-position":"center center","background-size":"auto","background-attachment":"scroll","background-type":"","background-media":"","overlay-type":"","overlay-color":"","overlay-opacity":"","overlay-gradient":""}},"footnotes":""},"class_list":["post-2712","page","type-page","status-publish","hentry"],"aioseo_notices":[],"_links":{"self":[{"href":"https:\/\/www.fabalp.com\/de\/wp-json\/wp\/v2\/pages\/2712","targetHints":{"allow":["GET"]}}],"collection":[{"href":"https:\/\/www.fabalp.com\/de\/wp-json\/wp\/v2\/pages"}],"about":[{"href":"https:\/\/www.fabalp.com\/de\/wp-json\/wp\/v2\/types\/page"}],"author":[{"embeddable":true,"href":"https:\/\/www.fabalp.com\/de\/wp-json\/wp\/v2\/users\/1"}],"replies":[{"embeddable":true,"href":"https:\/\/www.fabalp.com\/de\/wp-json\/wp\/v2\/comments?post=2712"}],"version-history":[{"count":19,"href":"https:\/\/www.fabalp.com\/de\/wp-json\/wp\/v2\/pages\/2712\/revisions"}],"predecessor-version":[{"id":5016,"href":"https:\/\/www.fabalp.com\/de\/wp-json\/wp\/v2\/pages\/2712\/revisions\/5016"}],"wp:attachment":[{"href":"https:\/\/www.fabalp.com\/de\/wp-json\/wp\/v2\/media?parent=2712"}],"curies":[{"name":"wp","href":"https:\/\/api.w.org\/{rel}","templated":true}]}}