{"id":2698,"date":"2025-04-04T10:43:51","date_gmt":"2025-04-04T10:43:51","guid":{"rendered":"https:\/\/www.fabalp.com\/talasli-imalat-cozumleri\/"},"modified":"2025-05-20T08:34:41","modified_gmt":"2025-05-20T08:34:41","slug":"zerspanung","status":"publish","type":"page","link":"https:\/\/www.fabalp.com\/de\/zerspanung\/","title":{"rendered":"Zerspanung"},"content":{"rendered":"\t\t<div data-elementor-type=\"wp-page\" data-elementor-id=\"2698\" class=\"elementor elementor-2698\">\n\t\t\t\t<div class=\"elementor-element elementor-element-f81d53b e-flex e-con-boxed wpr-particle-no wpr-jarallax-no wpr-parallax-no wpr-sticky-section-no e-con e-parent\" data-id=\"f81d53b\" data-element_type=\"container\" data-e-type=\"container\" data-settings=\"{&quot;background_background&quot;:&quot;classic&quot;}\">\n\t\t\t\t\t<div class=\"e-con-inner\">\n\t\t\t\t<div class=\"elementor-element elementor-element-57bc54a elementor-widget-divider--separator-type-pattern elementor-widget-divider--view-line elementor-widget elementor-widget-divider\" data-id=\"57bc54a\" data-element_type=\"widget\" data-e-type=\"widget\" data-widget_type=\"divider.default\">\n\t\t\t\t<div class=\"elementor-widget-container\">\n\t\t\t\t\t\t\t<div class=\"elementor-divider\" style=\"--divider-pattern-url: url(&quot;data:image\/svg+xml,%3Csvg xmlns=&#039;http:\/\/www.w3.org\/2000\/svg&#039; preserveAspectRatio=&#039;none&#039; overflow=&#039;visible&#039; height=&#039;100%&#039; viewBox=&#039;0 0 24 24&#039; fill=&#039;black&#039; stroke=&#039;none&#039;%3E%3Cpolygon points=&#039;9.4,2 24,2 14.6,21.6 0,21.6&#039;\/%3E%3C\/svg%3E&quot;);\">\n\t\t\t<span class=\"elementor-divider-separator\">\n\t\t\t\t\t\t<\/span>\n\t\t<\/div>\n\t\t\t\t\t\t<\/div>\n\t\t\t\t<\/div>\n\t\t\t\t<div class=\"elementor-element elementor-element-967fd27 elementor-widget elementor-widget-heading\" data-id=\"967fd27\" data-element_type=\"widget\" data-e-type=\"widget\" data-widget_type=\"heading.default\">\n\t\t\t\t<div class=\"elementor-widget-container\">\n\t\t\t\t\t<h2 class=\"elementor-heading-title elementor-size-default\">Zerspanung<\/h2>\t\t\t\t<\/div>\n\t\t\t\t<\/div>\n\t\t\t\t<div class=\"elementor-element elementor-element-5946137 elementor-widget elementor-widget-heading\" data-id=\"5946137\" data-element_type=\"widget\" data-e-type=\"widget\" data-widget_type=\"heading.default\">\n\t\t\t\t<div class=\"elementor-widget-container\">\n\t\t\t\t\t<h6 class=\"elementor-heading-title elementor-size-default\">Zerspanungsdienste | CNC-Fr\u00e4sen, Drehen und Hochpr\u00e4zise Fertigungsl\u00f6sungen<\/h6>\t\t\t\t<\/div>\n\t\t\t\t<\/div>\n\t\t\t\t\t<\/div>\n\t\t\t\t<\/div>\n\t\t\t\t<section class=\"elementor-section elementor-top-section elementor-element elementor-element-abe2b49 elementor-section-content-top elementor-section-boxed elementor-section-height-default elementor-section-height-default wpr-particle-no wpr-jarallax-no wpr-parallax-no wpr-sticky-section-no\" data-id=\"abe2b49\" data-element_type=\"section\" data-e-type=\"section\" data-settings=\"{&quot;background_background&quot;:&quot;classic&quot;}\">\n\t\t\t\t\t\t\t<div class=\"elementor-background-overlay\"><\/div>\n\t\t\t\t\t\t\t<div class=\"elementor-container elementor-column-gap-no\">\n\t\t\t\t\t<div class=\"elementor-column elementor-col-100 elementor-top-column elementor-element elementor-element-0780e19\" data-id=\"0780e19\" data-element_type=\"column\" data-e-type=\"column\">\n\t\t\t<div class=\"elementor-widget-wrap elementor-element-populated\">\n\t\t\t\t\t\t<div class=\"elementor-element elementor-element-a750807 elementor-widget elementor-widget-text-editor\" data-id=\"a750807\" data-element_type=\"widget\" data-e-type=\"widget\" data-widget_type=\"text-editor.default\">\n\t\t\t\t<div class=\"elementor-widget-container\">\n\t\t\t\t\t\t\t\t\t<p>Bei FABALP Makine End\u00fcstrisi Sanayi ve Ticaret A.\u015e. verf\u00fcgen wir \u00fcber umfangreiche Erfahrung und hohe Produktionskapazit\u00e4ten im Bereich der Bearbeitung. Wir bieten ideale L\u00f6sungen f\u00fcr hochpr\u00e4zise Teile und ma\u00dfgeschneiderte Produktionsanforderungen in industriellen Sektoren wie der Automobilindustrie, dem Schienensystem und der Maschinenproduktion.<\/p><p>In unseren Bearbeitungsprozessen stellen wir hochqualitative, langlebige und pr\u00e4zise Teile mit traditionellen Techniken wie Fr\u00e4sen, Bohren, Drehen und preisorientierter Fertigung her. Mit Fr\u00e4smaschinen und Drehmaschinen f\u00fchren wir Schneid-, Bohr- und Formgebungsprozesse durch, um in jedem Projekt h\u00f6chste Qualit\u00e4t zu gew\u00e4hrleisten.<\/p><p>Wir gew\u00e4hrleisten die Bearbeitung aller Metallarten und Legierungen mit fortschrittlicher Technik und hochpr\u00e4ziser Handwerkskunst. Unsere Bearbeitungsdienste werden erfolgreich in einer Vielzahl von Bereichen angewendet, insbesondere in der Automobilindustrie und im Schienensystem, einschlie\u00dflich der vollst\u00e4ndigen Teileproduktion und Prototypenarbeiten.<\/p><p>FABALP Makine setzt in der Bearbeitung h\u00f6chste Priorit\u00e4t auf Qualit\u00e4t und Kundenzufriedenheit und bietet stets effizientere und qualitativ hochwertigere L\u00f6sungen an.<\/p>\t\t\t\t\t\t\t\t<\/div>\n\t\t\t\t<\/div>\n\t\t\t\t\t<\/div>\n\t\t<\/div>\n\t\t\t\t\t<\/div>\n\t\t<\/section>\n\t\t\t\t<\/div>\n\t\t","protected":false},"excerpt":{"rendered":"<p>Zerspanung Zerspanungsdienste | CNC-Fr\u00e4sen, Drehen und Hochpr\u00e4zise Fertigungsl\u00f6sungen Bei FABALP Makine End\u00fcstrisi Sanayi ve Ticaret A.\u015e. verf\u00fcgen wir \u00fcber umfangreiche Erfahrung und hohe Produktionskapazit\u00e4ten im Bereich der Bearbeitung. Wir bieten ideale L\u00f6sungen f\u00fcr hochpr\u00e4zise Teile und ma\u00dfgeschneiderte Produktionsanforderungen in industriellen Sektoren wie der Automobilindustrie, dem Schienensystem und der Maschinenproduktion. In unseren Bearbeitungsprozessen stellen wir hochqualitative, langlebige und pr\u00e4zise Teile mit traditionellen Techniken wie Fr\u00e4sen, Bohren, Drehen und preisorientierter Fertigung her. Mit Fr\u00e4smaschinen und Drehmaschinen f\u00fchren wir Schneid-, Bohr- und Formgebungsprozesse durch, um in jedem Projekt h\u00f6chste Qualit\u00e4t zu gew\u00e4hrleisten. Wir gew\u00e4hrleisten die Bearbeitung aller Metallarten und Legierungen mit fortschrittlicher Technik und hochpr\u00e4ziser Handwerkskunst. Unsere Bearbeitungsdienste werden erfolgreich in einer Vielzahl von Bereichen angewendet, insbesondere in der Automobilindustrie und im Schienensystem, einschlie\u00dflich der vollst\u00e4ndigen Teileproduktion und Prototypenarbeiten. FABALP Makine setzt in der Bearbeitung h\u00f6chste Priorit\u00e4t auf Qualit\u00e4t und Kundenzufriedenheit und bietet stets effizientere und qualitativ hochwertigere L\u00f6sungen an.<\/p>\n","protected":false},"author":1,"featured_media":0,"parent":0,"menu_order":0,"comment_status":"closed","ping_status":"closed","template":"","meta":{"site-sidebar-layout":"no-sidebar","site-content-layout":"page-builder","ast-site-content-layout":"full-width-container","site-content-style":"unboxed","site-sidebar-style":"unboxed","ast-global-header-display":"","ast-banner-title-visibility":"","ast-main-header-display":"","ast-hfb-above-header-display":"","ast-hfb-below-header-display":"","ast-hfb-mobile-header-display":"","site-post-title":"disabled","ast-breadcrumbs-content":"disabled","ast-featured-img":"disabled","footer-sml-layout":"","ast-disable-related-posts":"","theme-transparent-header-meta":"enabled","adv-header-id-meta":"","stick-header-meta":"","header-above-stick-meta":"","header-main-stick-meta":"","header-below-stick-meta":"","astra-migrate-meta-layouts":"set","ast-page-background-enabled":"default","ast-page-background-meta":{"desktop":{"background-color":"","background-image":"","background-repeat":"repeat","background-position":"center center","background-size":"auto","background-attachment":"scroll","background-type":"","background-media":"","overlay-type":"","overlay-color":"","overlay-opacity":"","overlay-gradient":""},"tablet":{"background-color":"","background-image":"","background-repeat":"repeat","background-position":"center center","background-size":"auto","background-attachment":"scroll","background-type":"","background-media":"","overlay-type":"","overlay-color":"","overlay-opacity":"","overlay-gradient":""},"mobile":{"background-color":"","background-image":"","background-repeat":"repeat","background-position":"center center","background-size":"auto","background-attachment":"scroll","background-type":"","background-media":"","overlay-type":"","overlay-color":"","overlay-opacity":"","overlay-gradient":""}},"ast-content-background-meta":{"desktop":{"background-color":"var(--ast-global-color-5)","background-image":"","background-repeat":"repeat","background-position":"center center","background-size":"auto","background-attachment":"scroll","background-type":"","background-media":"","overlay-type":"","overlay-color":"","overlay-opacity":"","overlay-gradient":""},"tablet":{"background-color":"var(--ast-global-color-5)","background-image":"","background-repeat":"repeat","background-position":"center center","background-size":"auto","background-attachment":"scroll","background-type":"","background-media":"","overlay-type":"","overlay-color":"","overlay-opacity":"","overlay-gradient":""},"mobile":{"background-color":"var(--ast-global-color-5)","background-image":"","background-repeat":"repeat","background-position":"center center","background-size":"auto","background-attachment":"scroll","background-type":"","background-media":"","overlay-type":"","overlay-color":"","overlay-opacity":"","overlay-gradient":""}},"footnotes":""},"class_list":["post-2698","page","type-page","status-publish","hentry"],"aioseo_notices":[],"_links":{"self":[{"href":"https:\/\/www.fabalp.com\/de\/wp-json\/wp\/v2\/pages\/2698","targetHints":{"allow":["GET"]}}],"collection":[{"href":"https:\/\/www.fabalp.com\/de\/wp-json\/wp\/v2\/pages"}],"about":[{"href":"https:\/\/www.fabalp.com\/de\/wp-json\/wp\/v2\/types\/page"}],"author":[{"embeddable":true,"href":"https:\/\/www.fabalp.com\/de\/wp-json\/wp\/v2\/users\/1"}],"replies":[{"embeddable":true,"href":"https:\/\/www.fabalp.com\/de\/wp-json\/wp\/v2\/comments?post=2698"}],"version-history":[{"count":16,"href":"https:\/\/www.fabalp.com\/de\/wp-json\/wp\/v2\/pages\/2698\/revisions"}],"predecessor-version":[{"id":5065,"href":"https:\/\/www.fabalp.com\/de\/wp-json\/wp\/v2\/pages\/2698\/revisions\/5065"}],"wp:attachment":[{"href":"https:\/\/www.fabalp.com\/de\/wp-json\/wp\/v2\/media?parent=2698"}],"curies":[{"name":"wp","href":"https:\/\/api.w.org\/{rel}","templated":true}]}}