{"id":2680,"date":"2025-04-07T10:57:06","date_gmt":"2025-04-07T10:57:06","guid":{"rendered":"https:\/\/www.fabalp.com\/montaj-hatlari-cozumleri\/"},"modified":"2025-05-16T12:55:03","modified_gmt":"2025-05-16T12:55:03","slug":"montagelinien","status":"publish","type":"page","link":"https:\/\/www.fabalp.com\/de\/montagelinien\/","title":{"rendered":"Montagelinien"},"content":{"rendered":"\t\t<div data-elementor-type=\"wp-page\" data-elementor-id=\"2680\" class=\"elementor elementor-2680\">\n\t\t\t\t<div class=\"elementor-element elementor-element-f81d53b e-flex e-con-boxed wpr-particle-no wpr-jarallax-no wpr-parallax-no wpr-sticky-section-no e-con e-parent\" data-id=\"f81d53b\" data-element_type=\"container\" data-e-type=\"container\" data-settings=\"{&quot;background_background&quot;:&quot;classic&quot;}\">\n\t\t\t\t\t<div class=\"e-con-inner\">\n\t\t\t\t<div class=\"elementor-element elementor-element-57bc54a elementor-widget-divider--separator-type-pattern elementor-widget-divider--view-line elementor-widget elementor-widget-divider\" data-id=\"57bc54a\" data-element_type=\"widget\" data-e-type=\"widget\" data-widget_type=\"divider.default\">\n\t\t\t\t<div class=\"elementor-widget-container\">\n\t\t\t\t\t\t\t<div class=\"elementor-divider\" style=\"--divider-pattern-url: url(&quot;data:image\/svg+xml,%3Csvg xmlns=&#039;http:\/\/www.w3.org\/2000\/svg&#039; preserveAspectRatio=&#039;none&#039; overflow=&#039;visible&#039; height=&#039;100%&#039; viewBox=&#039;0 0 24 24&#039; fill=&#039;black&#039; stroke=&#039;none&#039;%3E%3Cpolygon points=&#039;9.4,2 24,2 14.6,21.6 0,21.6&#039;\/%3E%3C\/svg%3E&quot;);\">\n\t\t\t<span class=\"elementor-divider-separator\">\n\t\t\t\t\t\t<\/span>\n\t\t<\/div>\n\t\t\t\t\t\t<\/div>\n\t\t\t\t<\/div>\n\t\t\t\t<div class=\"elementor-element elementor-element-967fd27 elementor-widget elementor-widget-heading\" data-id=\"967fd27\" data-element_type=\"widget\" data-e-type=\"widget\" data-widget_type=\"heading.default\">\n\t\t\t\t<div class=\"elementor-widget-container\">\n\t\t\t\t\t<h2 class=\"elementor-heading-title elementor-size-default\">Montagelinien<\/h2>\t\t\t\t<\/div>\n\t\t\t\t<\/div>\n\t\t\t\t<div class=\"elementor-element elementor-element-4ba8beb elementor-widget elementor-widget-heading\" data-id=\"4ba8beb\" data-element_type=\"widget\" data-e-type=\"widget\" data-widget_type=\"heading.default\">\n\t\t\t\t<div class=\"elementor-widget-container\">\n\t\t\t\t\t<h6 class=\"elementor-heading-title elementor-size-default\">Montagelinien L\u00f6sungen | Anpassbare Produktionssysteme und industrielle Automatisierung<\/h6>\t\t\t\t<\/div>\n\t\t\t\t<\/div>\n\t\t\t\t\t<\/div>\n\t\t\t\t<\/div>\n\t\t\t\t<section class=\"elementor-section elementor-top-section elementor-element elementor-element-abe2b49 elementor-section-content-top elementor-section-boxed elementor-section-height-default elementor-section-height-default wpr-particle-no wpr-jarallax-no wpr-parallax-no wpr-sticky-section-no\" data-id=\"abe2b49\" data-element_type=\"section\" data-e-type=\"section\" data-settings=\"{&quot;background_background&quot;:&quot;classic&quot;}\">\n\t\t\t\t\t\t\t<div class=\"elementor-background-overlay\"><\/div>\n\t\t\t\t\t\t\t<div class=\"elementor-container elementor-column-gap-no\">\n\t\t\t\t\t<div class=\"elementor-column elementor-col-100 elementor-top-column elementor-element elementor-element-0780e19\" data-id=\"0780e19\" data-element_type=\"column\" data-e-type=\"column\">\n\t\t\t<div class=\"elementor-widget-wrap elementor-element-populated\">\n\t\t\t\t\t\t<div class=\"elementor-element elementor-element-a750807 elementor-widget elementor-widget-text-editor\" data-id=\"a750807\" data-element_type=\"widget\" data-e-type=\"widget\" data-widget_type=\"text-editor.default\">\n\t\t\t\t<div class=\"elementor-widget-container\">\n\t\t\t\t\t\t\t\t\t<p>FABALP Makine End\u00fcstrisi Sanayi ve Ticaret A.\u015e. bietet effiziente Fertigungsprozesse mit Montagelinienl\u00f6sungen f\u00fcr die Automobil- und Bahnsystemsektoren an. Vom schl\u00fcsselfertigen Montagelinien-Design bis hin zu geschwei\u00dfter Fertigung, Automatisierungssystemen, pneumatischen Montagesystemen, elektrischen Systemen und der Integration von Robotik-Automatisierung setzen wir schnell Industrie 4.0 und digitale Transformationsprozesse mit einer breiten Palette von Dienstleistungen um.<\/p><p>Unsere Montagelinienl\u00f6sungen erh\u00f6hen die Produktionsgeschwindigkeit und senken die Betriebskosten f\u00fcr unsere Kunden, indem wir industrielle Automatisierung, effiziente Produktionslinien, Roboterl\u00f6sungen, Montageeffizienz und hochqualitative Fertigungsprozesse bereitstellen. Mit unserem kundenorientierten Ansatz entwickeln wir L\u00f6sungen, die f\u00fcr jede Branche mit ma\u00dfgeschneiderten Montagelinien-Designs geeignet sind.<\/p><p>Durch fortschrittliche Ingenieurl\u00f6sungen automatisieren wir Montageprozesse und stellen eine hochpr\u00e4zise Montage mit Robotersystemen sicher. Mit der CATIA V5- und HyperMill-Software optimieren wir die Bearbeitung, geschwei\u00dfte Fertigung, digitale Modellierung und CNC-Bearbeitungsprozesse in jeder Phase unserer Projekte. Dies erm\u00f6glicht es uns, maximale Effizienz, hohe Qualit\u00e4t und fortschrittliche Ingenieurl\u00f6sungen in Montageprozessen anzubieten.<\/p><p>FABALP Makine arbeitet daran, Produktionsprozesse zu optimieren und nachhaltige Projekte f\u00fcr seine Kunden durch Flexibilit\u00e4t und ma\u00dfgeschneiderte Designs in den Montagelinienl\u00f6sungen umzusetzen. Durch die Nutzung technologischer Infrastruktur und hoher Ingenieurkompetenz in jeder Phase, einschlie\u00dflich Industriedesign, Automatisierungsintegration, Roboter-Automatisierungssystemen und elektrotechnischer Montage vor Ort, bieten wir die effizientesten Montagelinienl\u00f6sungen.<\/p><p>FABALP Makine bietet vollst\u00e4ndig ma\u00dfgeschneiderte L\u00f6sungen f\u00fcr Ihre Montagelinienprojekte mit Technologien der n\u00e4chsten Generation, Roboter-Automatisierung und effizienten Produktionsl\u00f6sungen. Kontaktieren Sie uns f\u00fcr alle Ihre Montagelinienbed\u00fcrfnisse, und lassen Sie uns Ihre Projekte mit hoher Qualit\u00e4t, schneller Lieferung und Exzellenz zum Leben erwecken.<\/p>\t\t\t\t\t\t\t\t<\/div>\n\t\t\t\t<\/div>\n\t\t\t\t\t<\/div>\n\t\t<\/div>\n\t\t\t\t\t<\/div>\n\t\t<\/section>\n\t\t\t\t<\/div>\n\t\t","protected":false},"excerpt":{"rendered":"<p>Montagelinien Montagelinien L\u00f6sungen | Anpassbare Produktionssysteme und industrielle Automatisierung FABALP Makine End\u00fcstrisi Sanayi ve Ticaret A.\u015e. bietet effiziente Fertigungsprozesse mit Montagelinienl\u00f6sungen f\u00fcr die Automobil- und Bahnsystemsektoren an. Vom schl\u00fcsselfertigen Montagelinien-Design bis hin zu geschwei\u00dfter Fertigung, Automatisierungssystemen, pneumatischen Montagesystemen, elektrischen Systemen und der Integration von Robotik-Automatisierung setzen wir schnell Industrie 4.0 und digitale Transformationsprozesse mit einer breiten Palette von Dienstleistungen um. Unsere Montagelinienl\u00f6sungen erh\u00f6hen die Produktionsgeschwindigkeit und senken die Betriebskosten f\u00fcr unsere Kunden, indem wir industrielle Automatisierung, effiziente Produktionslinien, Roboterl\u00f6sungen, Montageeffizienz und hochqualitative Fertigungsprozesse bereitstellen. Mit unserem kundenorientierten Ansatz entwickeln wir L\u00f6sungen, die f\u00fcr jede Branche mit ma\u00dfgeschneiderten Montagelinien-Designs geeignet sind. Durch fortschrittliche Ingenieurl\u00f6sungen automatisieren wir Montageprozesse und stellen eine hochpr\u00e4zise Montage mit Robotersystemen sicher. Mit der CATIA V5- und HyperMill-Software optimieren wir die Bearbeitung, geschwei\u00dfte Fertigung, digitale Modellierung und CNC-Bearbeitungsprozesse in jeder Phase unserer Projekte. Dies erm\u00f6glicht es uns, maximale Effizienz, hohe Qualit\u00e4t und fortschrittliche Ingenieurl\u00f6sungen in Montageprozessen anzubieten. FABALP Makine arbeitet daran, Produktionsprozesse zu optimieren und nachhaltige Projekte f\u00fcr seine Kunden durch Flexibilit\u00e4t und ma\u00dfgeschneiderte Designs in den Montagelinienl\u00f6sungen umzusetzen. Durch die Nutzung technologischer Infrastruktur und hoher Ingenieurkompetenz in jeder Phase, einschlie\u00dflich Industriedesign, Automatisierungsintegration, Roboter-Automatisierungssystemen und elektrotechnischer Montage vor Ort, bieten wir die effizientesten Montagelinienl\u00f6sungen. FABALP Makine bietet vollst\u00e4ndig ma\u00dfgeschneiderte L\u00f6sungen f\u00fcr Ihre Montagelinienprojekte mit Technologien der n\u00e4chsten Generation, Roboter-Automatisierung und effizienten Produktionsl\u00f6sungen. Kontaktieren Sie uns f\u00fcr alle Ihre Montagelinienbed\u00fcrfnisse, und lassen Sie uns Ihre Projekte mit hoher Qualit\u00e4t, schneller Lieferung und Exzellenz zum Leben erwecken.<\/p>\n","protected":false},"author":1,"featured_media":0,"parent":0,"menu_order":0,"comment_status":"closed","ping_status":"closed","template":"","meta":{"site-sidebar-layout":"no-sidebar","site-content-layout":"page-builder","ast-site-content-layout":"full-width-container","site-content-style":"unboxed","site-sidebar-style":"unboxed","ast-global-header-display":"","ast-banner-title-visibility":"","ast-main-header-display":"","ast-hfb-above-header-display":"","ast-hfb-below-header-display":"","ast-hfb-mobile-header-display":"","site-post-title":"disabled","ast-breadcrumbs-content":"disabled","ast-featured-img":"disabled","footer-sml-layout":"","ast-disable-related-posts":"","theme-transparent-header-meta":"enabled","adv-header-id-meta":"","stick-header-meta":"","header-above-stick-meta":"","header-main-stick-meta":"","header-below-stick-meta":"","astra-migrate-meta-layouts":"set","ast-page-background-enabled":"default","ast-page-background-meta":{"desktop":{"background-color":"","background-image":"","background-repeat":"repeat","background-position":"center center","background-size":"auto","background-attachment":"scroll","background-type":"","background-media":"","overlay-type":"","overlay-color":"","overlay-opacity":"","overlay-gradient":""},"tablet":{"background-color":"","background-image":"","background-repeat":"repeat","background-position":"center center","background-size":"auto","background-attachment":"scroll","background-type":"","background-media":"","overlay-type":"","overlay-color":"","overlay-opacity":"","overlay-gradient":""},"mobile":{"background-color":"","background-image":"","background-repeat":"repeat","background-position":"center center","background-size":"auto","background-attachment":"scroll","background-type":"","background-media":"","overlay-type":"","overlay-color":"","overlay-opacity":"","overlay-gradient":""}},"ast-content-background-meta":{"desktop":{"background-color":"var(--ast-global-color-5)","background-image":"","background-repeat":"repeat","background-position":"center center","background-size":"auto","background-attachment":"scroll","background-type":"","background-media":"","overlay-type":"","overlay-color":"","overlay-opacity":"","overlay-gradient":""},"tablet":{"background-color":"var(--ast-global-color-5)","background-image":"","background-repeat":"repeat","background-position":"center center","background-size":"auto","background-attachment":"scroll","background-type":"","background-media":"","overlay-type":"","overlay-color":"","overlay-opacity":"","overlay-gradient":""},"mobile":{"background-color":"var(--ast-global-color-5)","background-image":"","background-repeat":"repeat","background-position":"center center","background-size":"auto","background-attachment":"scroll","background-type":"","background-media":"","overlay-type":"","overlay-color":"","overlay-opacity":"","overlay-gradient":""}},"footnotes":""},"class_list":["post-2680","page","type-page","status-publish","hentry"],"aioseo_notices":[],"_links":{"self":[{"href":"https:\/\/www.fabalp.com\/de\/wp-json\/wp\/v2\/pages\/2680","targetHints":{"allow":["GET"]}}],"collection":[{"href":"https:\/\/www.fabalp.com\/de\/wp-json\/wp\/v2\/pages"}],"about":[{"href":"https:\/\/www.fabalp.com\/de\/wp-json\/wp\/v2\/types\/page"}],"author":[{"embeddable":true,"href":"https:\/\/www.fabalp.com\/de\/wp-json\/wp\/v2\/users\/1"}],"replies":[{"embeddable":true,"href":"https:\/\/www.fabalp.com\/de\/wp-json\/wp\/v2\/comments?post=2680"}],"version-history":[{"count":16,"href":"https:\/\/www.fabalp.com\/de\/wp-json\/wp\/v2\/pages\/2680\/revisions"}],"predecessor-version":[{"id":4742,"href":"https:\/\/www.fabalp.com\/de\/wp-json\/wp\/v2\/pages\/2680\/revisions\/4742"}],"wp:attachment":[{"href":"https:\/\/www.fabalp.com\/de\/wp-json\/wp\/v2\/media?parent=2680"}],"curies":[{"name":"wp","href":"https:\/\/api.w.org\/{rel}","templated":true}]}}