{"id":2677,"date":"2025-04-07T10:57:48","date_gmt":"2025-04-07T10:57:48","guid":{"rendered":"https:\/\/www.fabalp.com\/ozel-makine-cozumleri\/"},"modified":"2025-05-20T07:58:36","modified_gmt":"2025-05-20T07:58:36","slug":"massgeschneiderte-maschinenkonstruktionen","status":"publish","type":"page","link":"https:\/\/www.fabalp.com\/de\/massgeschneiderte-maschinenkonstruktionen\/","title":{"rendered":"Ma\u00dfgeschneiderte Maschinenkonstruktionen"},"content":{"rendered":"\t\t<div data-elementor-type=\"wp-page\" data-elementor-id=\"2677\" class=\"elementor elementor-2677\">\n\t\t\t\t<div class=\"elementor-element elementor-element-f81d53b e-flex e-con-boxed wpr-particle-no wpr-jarallax-no wpr-parallax-no wpr-sticky-section-no e-con e-parent\" data-id=\"f81d53b\" data-element_type=\"container\" data-e-type=\"container\" data-settings=\"{&quot;background_background&quot;:&quot;classic&quot;}\">\n\t\t\t\t\t<div class=\"e-con-inner\">\n\t\t\t\t<div class=\"elementor-element elementor-element-57bc54a elementor-widget-divider--separator-type-pattern elementor-widget-divider--view-line elementor-widget elementor-widget-divider\" data-id=\"57bc54a\" data-element_type=\"widget\" data-e-type=\"widget\" data-widget_type=\"divider.default\">\n\t\t\t\t<div class=\"elementor-widget-container\">\n\t\t\t\t\t\t\t<div class=\"elementor-divider\" style=\"--divider-pattern-url: url(&quot;data:image\/svg+xml,%3Csvg xmlns=&#039;http:\/\/www.w3.org\/2000\/svg&#039; preserveAspectRatio=&#039;none&#039; overflow=&#039;visible&#039; height=&#039;100%&#039; viewBox=&#039;0 0 24 24&#039; fill=&#039;black&#039; stroke=&#039;none&#039;%3E%3Cpolygon points=&#039;9.4,2 24,2 14.6,21.6 0,21.6&#039;\/%3E%3C\/svg%3E&quot;);\">\n\t\t\t<span class=\"elementor-divider-separator\">\n\t\t\t\t\t\t<\/span>\n\t\t<\/div>\n\t\t\t\t\t\t<\/div>\n\t\t\t\t<\/div>\n\t\t\t\t<div class=\"elementor-element elementor-element-967fd27 elementor-widget elementor-widget-heading\" data-id=\"967fd27\" data-element_type=\"widget\" data-e-type=\"widget\" data-widget_type=\"heading.default\">\n\t\t\t\t<div class=\"elementor-widget-container\">\n\t\t\t\t\t<h2 class=\"elementor-heading-title elementor-size-default\">Ma\u00dfgeschneiderte Maschinenkonstruktionen <\/h2>\t\t\t\t<\/div>\n\t\t\t\t<\/div>\n\t\t\t\t<div class=\"elementor-element elementor-element-79e3706 elementor-widget elementor-widget-heading\" data-id=\"79e3706\" data-element_type=\"widget\" data-e-type=\"widget\" data-widget_type=\"heading.default\">\n\t\t\t\t<div class=\"elementor-widget-container\">\n\t\t\t\t\t<h6 class=\"elementor-heading-title elementor-size-default\">Ma\u00dfgeschneiderte Maschinenkonstruktionen | Individuelle L\u00f6sungen f\u00fcr industrielle Produktion und Automatisierung<\/h6>\t\t\t\t<\/div>\n\t\t\t\t<\/div>\n\t\t\t\t\t<\/div>\n\t\t\t\t<\/div>\n\t\t\t\t<section class=\"elementor-section elementor-top-section elementor-element elementor-element-abe2b49 elementor-section-content-top elementor-section-boxed elementor-section-height-default elementor-section-height-default wpr-particle-no wpr-jarallax-no wpr-parallax-no wpr-sticky-section-no\" data-id=\"abe2b49\" data-element_type=\"section\" data-e-type=\"section\" data-settings=\"{&quot;background_background&quot;:&quot;classic&quot;}\">\n\t\t\t\t\t\t\t<div class=\"elementor-background-overlay\"><\/div>\n\t\t\t\t\t\t\t<div class=\"elementor-container elementor-column-gap-no\">\n\t\t\t\t\t<div class=\"elementor-column elementor-col-100 elementor-top-column elementor-element elementor-element-0780e19\" data-id=\"0780e19\" data-element_type=\"column\" data-e-type=\"column\">\n\t\t\t<div class=\"elementor-widget-wrap elementor-element-populated\">\n\t\t\t\t\t\t<div class=\"elementor-element elementor-element-a750807 elementor-widget elementor-widget-text-editor\" data-id=\"a750807\" data-element_type=\"widget\" data-e-type=\"widget\" data-widget_type=\"text-editor.default\">\n\t\t\t\t<div class=\"elementor-widget-container\">\n\t\t\t\t\t\t\t\t\t<p>FABALP Makine End\u00fcstrisi Sanayi ve Ticaret A.\u015e. ist ein Unternehmen, das sich auf die Konstruktion und Produktion von Sondermaschinen spezialisiert hat, die auf die Bed\u00fcrfnisse der Automobil- und Bahnsystemsektoren zugeschnitten sind. Durch das Angebot von Sondermaschinen f\u00fcr alle Arten von industriellen Bed\u00fcrfnissen optimieren wir Ihre Produktionsprozesse, steigern die Effizienz und senken die Arbeitskosten.<\/p><p>Basierend auf den Anforderungen unserer Kunden bieten wir innovative Ingenieurl\u00f6sungen f\u00fcr Sondermaschinen und produzieren ma\u00dfgeschneiderte Maschinen mit allen Arten von Spezialdesigns, Robotik-Automatisierung und Hochtechnologie-Integration. Diese Maschinen gew\u00e4hrleisten maximale Effizienz und hohe Qualit\u00e4t in Ihren Produktionslinien.<\/p><p>FABALP Makine bietet L\u00f6sungen f\u00fcr die Konstruktion von Sondermaschinen mit hohen Ingenieurf\u00e4higkeiten und technologischer Infrastruktur. Wir passen Ihre Maschinen an, indem wir modulare Maschinen, Automatisierungssysteme, Roboter-Integrationen und effiziente Arbeitsabl\u00e4ufe basierend auf Ihren Produktionsprozessen bereitstellen.<\/p><p>In jedem Projekt ist das Ziel, Effizienz, Geschwindigkeit und niedrige Fehlerquoten bei der Konstruktion von Sondermaschinen sicherzustellen. Sondermaschinen, insbesondere mit ma\u00dfgeschneiderten Produktionslinien, Roboter-Systemen, autonomen Maschinen und Hochleistungsmaschinen, bieten L\u00f6sungen f\u00fcr verschiedene industrielle Bed\u00fcrfnisse.<\/p><p>FABALP Makine st\u00e4rkt Ihren Wettbewerbsvorteil in der Branche mit Sondermaschinen und macht Ihre Gesch\u00e4ftsprozesse schneller, effizienter und sicherer. Kontaktieren Sie uns, um Sondermaschinen zu entwerfen, die zu Ihren Produktionsprozessen passen, und lassen Sie uns Ihre Projekte schnell und mit hoher Qualit\u00e4t zum Leben erwecken.<\/p>\t\t\t\t\t\t\t\t<\/div>\n\t\t\t\t<\/div>\n\t\t\t\t\t<\/div>\n\t\t<\/div>\n\t\t\t\t\t<\/div>\n\t\t<\/section>\n\t\t\t\t<\/div>\n\t\t","protected":false},"excerpt":{"rendered":"<p>\u00d6zel Makine Tasar\u0131mlar\u0131 \u00d6zel Makine Tasar\u0131mlar\u0131 | \u0130htiyaca \u00d6zel End\u00fcstriyel \u00dcretim ve Otomasyon \u00c7\u00f6z\u00fcmleri FABALP Makine End\u00fcstrisi Sanayi ve Ticaret A.\u015e., otomotiv ve rayl\u0131 sistemler sekt\u00f6rlerinde ihtiya\u00e7lar\u0131n\u0131za \u00f6zel \u00f6zel makineler tasar\u0131m\u0131 ve \u00fcretimi konusunda uzmanla\u015fm\u0131\u015f bir firmad\u0131r. Her t\u00fcrl\u00fc end\u00fcstriyel ihtiya\u00e7 i\u00e7in \u00f6zel makineler sunarak, \u00fcretim s\u00fcre\u00e7lerinizi optimize ediyor, verimlili\u011fi art\u0131r\u0131yor ve i\u015f g\u00fcc\u00fc maliyetlerini d\u00fc\u015f\u00fcr\u00fcyoruz. M\u00fc\u015fterilerimizin talepleri do\u011frultusunda, \u00f6zel makineler i\u00e7in yenilik\u00e7i m\u00fchendislik \u00e7\u00f6z\u00fcmleri sunuyor, her t\u00fcrl\u00fc \u00f6zel tasar\u0131m, robotik otomasyon ve y\u00fcksek teknoloji entegrasyonu ile \u00f6zelle\u015ftirilmi\u015f makineler \u00fcretiyoruz. Bu makineler, \u00fcretim hatlar\u0131n\u0131zda maksimum verimlilik ve y\u00fcksek kalite sa\u011flar. FABALP Makine, \u00f6zel makineler tasar\u0131m\u0131nda y\u00fcksek m\u00fchendislik becerisi ve teknolojik altyap\u0131 ile \u00e7\u00f6z\u00fcmler sunar. \u00dcretim s\u00fcre\u00e7lerinize g\u00f6re mod\u00fcler makineler, otomasyon sistemleri, robotik entegrasyonlar ve verimli i\u015f ak\u0131\u015flar\u0131 sa\u011flayarak, makinelerinizi \u00f6zelle\u015ftiririz. Her projede, \u00f6zel makineler tasar\u0131m\u0131nda verimlilik, h\u0131z ve d\u00fc\u015f\u00fck hata oran\u0131 hedeflenir. \u00d6zel makineler, \u00f6zellikle \u00f6zelle\u015ftirilmi\u015f \u00fcretim hatlar\u0131, robotlu sistemler, otonom makineler ve y\u00fcksek performansl\u0131 makineler ile farkl\u0131 end\u00fcstriyel ihtiya\u00e7lara uygun \u00e7\u00f6z\u00fcmler \u00fcretir. FABALP Makine, \u00f6zel makineler ile sekt\u00f6rdeki rekabet avantaj\u0131n\u0131z\u0131 art\u0131r\u0131r ve i\u015f s\u00fcre\u00e7lerinizi daha h\u0131zl\u0131, verimli ve g\u00fcvenli hale getirir. \u00dcretim s\u00fcre\u00e7lerinize uygun \u00f6zel makineler tasarlamak i\u00e7in bizimle ileti\u015fime ge\u00e7in, projelerinizi h\u0131zla ve y\u00fcksek kaliteyle hayata ge\u00e7irelim.<\/p>\n","protected":false},"author":1,"featured_media":0,"parent":0,"menu_order":0,"comment_status":"closed","ping_status":"closed","template":"","meta":{"site-sidebar-layout":"no-sidebar","site-content-layout":"page-builder","ast-site-content-layout":"full-width-container","site-content-style":"unboxed","site-sidebar-style":"unboxed","ast-global-header-display":"","ast-banner-title-visibility":"","ast-main-header-display":"","ast-hfb-above-header-display":"","ast-hfb-below-header-display":"","ast-hfb-mobile-header-display":"","site-post-title":"disabled","ast-breadcrumbs-content":"disabled","ast-featured-img":"disabled","footer-sml-layout":"","ast-disable-related-posts":"","theme-transparent-header-meta":"enabled","adv-header-id-meta":"","stick-header-meta":"","header-above-stick-meta":"","header-main-stick-meta":"","header-below-stick-meta":"","astra-migrate-meta-layouts":"set","ast-page-background-enabled":"default","ast-page-background-meta":{"desktop":{"background-color":"","background-image":"","background-repeat":"repeat","background-position":"center center","background-size":"auto","background-attachment":"scroll","background-type":"","background-media":"","overlay-type":"","overlay-color":"","overlay-opacity":"","overlay-gradient":""},"tablet":{"background-color":"","background-image":"","background-repeat":"repeat","background-position":"center center","background-size":"auto","background-attachment":"scroll","background-type":"","background-media":"","overlay-type":"","overlay-color":"","overlay-opacity":"","overlay-gradient":""},"mobile":{"background-color":"","background-image":"","background-repeat":"repeat","background-position":"center center","background-size":"auto","background-attachment":"scroll","background-type":"","background-media":"","overlay-type":"","overlay-color":"","overlay-opacity":"","overlay-gradient":""}},"ast-content-background-meta":{"desktop":{"background-color":"var(--ast-global-color-5)","background-image":"","background-repeat":"repeat","background-position":"center center","background-size":"auto","background-attachment":"scroll","background-type":"","background-media":"","overlay-type":"","overlay-color":"","overlay-opacity":"","overlay-gradient":""},"tablet":{"background-color":"var(--ast-global-color-5)","background-image":"","background-repeat":"repeat","background-position":"center center","background-size":"auto","background-attachment":"scroll","background-type":"","background-media":"","overlay-type":"","overlay-color":"","overlay-opacity":"","overlay-gradient":""},"mobile":{"background-color":"var(--ast-global-color-5)","background-image":"","background-repeat":"repeat","background-position":"center center","background-size":"auto","background-attachment":"scroll","background-type":"","background-media":"","overlay-type":"","overlay-color":"","overlay-opacity":"","overlay-gradient":""}},"footnotes":""},"class_list":["post-2677","page","type-page","status-publish","hentry"],"aioseo_notices":[],"_links":{"self":[{"href":"https:\/\/www.fabalp.com\/de\/wp-json\/wp\/v2\/pages\/2677","targetHints":{"allow":["GET"]}}],"collection":[{"href":"https:\/\/www.fabalp.com\/de\/wp-json\/wp\/v2\/pages"}],"about":[{"href":"https:\/\/www.fabalp.com\/de\/wp-json\/wp\/v2\/types\/page"}],"author":[{"embeddable":true,"href":"https:\/\/www.fabalp.com\/de\/wp-json\/wp\/v2\/users\/1"}],"replies":[{"embeddable":true,"href":"https:\/\/www.fabalp.com\/de\/wp-json\/wp\/v2\/comments?post=2677"}],"version-history":[{"count":17,"href":"https:\/\/www.fabalp.com\/de\/wp-json\/wp\/v2\/pages\/2677\/revisions"}],"predecessor-version":[{"id":4950,"href":"https:\/\/www.fabalp.com\/de\/wp-json\/wp\/v2\/pages\/2677\/revisions\/4950"}],"wp:attachment":[{"href":"https:\/\/www.fabalp.com\/de\/wp-json\/wp\/v2\/media?parent=2677"}],"curies":[{"name":"wp","href":"https:\/\/api.w.org\/{rel}","templated":true}]}}