{"id":2659,"date":"2025-04-07T10:59:34","date_gmt":"2025-04-07T10:59:34","guid":{"rendered":"https:\/\/www.fabalp.com\/robotlu-kaynak-hucreleri-cozumleri\/"},"modified":"2025-05-20T09:37:02","modified_gmt":"2025-05-20T09:37:02","slug":"roboter-schweisszellen","status":"publish","type":"page","link":"https:\/\/www.fabalp.com\/de\/roboter-schweisszellen\/","title":{"rendered":"Roboter-Schwei\u00dfzellen"},"content":{"rendered":"\t\t<div data-elementor-type=\"wp-page\" data-elementor-id=\"2659\" class=\"elementor elementor-2659\">\n\t\t\t\t<div class=\"elementor-element elementor-element-f81d53b e-flex e-con-boxed wpr-particle-no wpr-jarallax-no wpr-parallax-no wpr-sticky-section-no e-con e-parent\" data-id=\"f81d53b\" data-element_type=\"container\" data-e-type=\"container\" data-settings=\"{&quot;background_background&quot;:&quot;classic&quot;}\">\n\t\t\t\t\t<div class=\"e-con-inner\">\n\t\t\t\t<div class=\"elementor-element elementor-element-57bc54a elementor-widget-divider--separator-type-pattern elementor-widget-divider--view-line elementor-widget elementor-widget-divider\" data-id=\"57bc54a\" data-element_type=\"widget\" data-e-type=\"widget\" data-widget_type=\"divider.default\">\n\t\t\t\t<div class=\"elementor-widget-container\">\n\t\t\t\t\t\t\t<div class=\"elementor-divider\" style=\"--divider-pattern-url: url(&quot;data:image\/svg+xml,%3Csvg xmlns=&#039;http:\/\/www.w3.org\/2000\/svg&#039; preserveAspectRatio=&#039;none&#039; overflow=&#039;visible&#039; height=&#039;100%&#039; viewBox=&#039;0 0 24 24&#039; fill=&#039;black&#039; stroke=&#039;none&#039;%3E%3Cpolygon points=&#039;9.4,2 24,2 14.6,21.6 0,21.6&#039;\/%3E%3C\/svg%3E&quot;);\">\n\t\t\t<span class=\"elementor-divider-separator\">\n\t\t\t\t\t\t<\/span>\n\t\t<\/div>\n\t\t\t\t\t\t<\/div>\n\t\t\t\t<\/div>\n\t\t\t\t<div class=\"elementor-element elementor-element-967fd27 elementor-widget elementor-widget-heading\" data-id=\"967fd27\" data-element_type=\"widget\" data-e-type=\"widget\" data-widget_type=\"heading.default\">\n\t\t\t\t<div class=\"elementor-widget-container\">\n\t\t\t\t\t<h2 class=\"elementor-heading-title elementor-size-default\">Roboter-Schwei\u00dfzellen<\/h2>\t\t\t\t<\/div>\n\t\t\t\t<\/div>\n\t\t\t\t<div class=\"elementor-element elementor-element-6af8e41 elementor-widget elementor-widget-heading\" data-id=\"6af8e41\" data-element_type=\"widget\" data-e-type=\"widget\" data-widget_type=\"heading.default\">\n\t\t\t\t<div class=\"elementor-widget-container\">\n\t\t\t\t\t<h6 class=\"elementor-heading-title elementor-size-default\">Roboter-Schwei\u00dfzellen | Industrielle Schwei\u00dfl\u00f6sungen und Roboterintegration<\/h6>\t\t\t\t<\/div>\n\t\t\t\t<\/div>\n\t\t\t\t\t<\/div>\n\t\t\t\t<\/div>\n\t\t\t\t<section class=\"elementor-section elementor-top-section elementor-element elementor-element-abe2b49 elementor-section-content-top elementor-section-boxed elementor-section-height-default elementor-section-height-default wpr-particle-no wpr-jarallax-no wpr-parallax-no wpr-sticky-section-no\" data-id=\"abe2b49\" data-element_type=\"section\" data-e-type=\"section\" data-settings=\"{&quot;background_background&quot;:&quot;classic&quot;}\">\n\t\t\t\t\t\t\t<div class=\"elementor-background-overlay\"><\/div>\n\t\t\t\t\t\t\t<div class=\"elementor-container elementor-column-gap-no\">\n\t\t\t\t\t<div class=\"elementor-column elementor-col-100 elementor-top-column elementor-element elementor-element-0780e19\" data-id=\"0780e19\" data-element_type=\"column\" data-e-type=\"column\">\n\t\t\t<div class=\"elementor-widget-wrap elementor-element-populated\">\n\t\t\t\t\t\t<div class=\"elementor-element elementor-element-a750807 elementor-widget elementor-widget-text-editor\" data-id=\"a750807\" data-element_type=\"widget\" data-e-type=\"widget\" data-widget_type=\"text-editor.default\">\n\t\t\t\t<div class=\"elementor-widget-container\">\n\t\t\t\t\t\t\t\t\t<p>FABALP Makine End\u00fcstrisi Sanayi ve Ticaret A.\u015e. bietet hochwertige Schwei\u00dfprozesse und Automatisierungsl\u00f6sungen mit robotergest\u00fctzten Schwei\u00dfzellen f\u00fcr die Sektoren Automobil und Bahnsysteme an. Roboter-Schwei\u00dfzellen optimieren Ihre Schwei\u00dfprozesse mit industrieller Automatisierung und robotergest\u00fctzten Schwei\u00dfsystemen und gew\u00e4hrleisten eine schnelle Produktion, hohe Qualit\u00e4t und niedrige Fehlerquoten.<\/p><p>FABALP Makine steigert die Effizienz Ihrer geschwei\u00dften Fertigungsprozesse mit robotergest\u00fctzten Schwei\u00dfzellen. Roboter-Schwei\u00dfsysteme, automatisierte Schwei\u00dfzellen und Roboterintegration gew\u00e4hrleisten maximale Effizienz in Automatisierungsprozessen. Roboter-Schwei\u00dfzellen sind ideal f\u00fcr hochpr\u00e4zise Schwei\u00dfoperationen und verbessern die Produktivit\u00e4t der Arbeitskr\u00e4fte sowie die Produktionsgeschwindigkeit.<\/p><p>FABALP Makine entwickelt ma\u00dfgeschneiderte L\u00f6sungen f\u00fcr das Design von Roboter-Schwei\u00dfzellen und erstellt geeignete Roboter-Schwei\u00dfsysteme sowie Automatisierungsl\u00f6sungen f\u00fcr jede Art von Schwei\u00dfoperation. Roboter-Schwei\u00dfzellen bieten eine erweiterte Reichweite der Roboter, Hochgeschwindigkeits-Schwei\u00dff\u00e4higkeiten und Konsistenz selbst bei den anspruchsvollsten Aufgaben.<\/p><p>In jedem Projekt helfen wir Ihnen, die maximale Produktionskapazit\u00e4t in Ihren Produktionslinien mit der Flexibilit\u00e4t, hohen Effizienz und Prozessoptimierung, die durch robotergest\u00fctzte Schwei\u00dfzellen bereitgestellt wird, zu erreichen. FABALP Makine bietet die effizientesten und fortschrittlichsten Ingenieurl\u00f6sungen sowohl f\u00fcr manuelle als auch f\u00fcr robotergest\u00fctzte Schwei\u00dfprozesse mit robotergest\u00fctzten Schwei\u00dfzellen.<\/p><p>FABALP Makine bietet nachhaltige und hochwertige L\u00f6sungen mit robotergest\u00fctzten Schwei\u00dfzellen, die automatisierte Schwei\u00dfprozesse, schnelle Produktionszyklen und niedrige Fehlerquoten bieten. Kontaktieren Sie uns, um Ihre Produktionsprozesse mit robotergest\u00fctzten Schwei\u00dfsystemen und Automatisierungsl\u00f6sungen zu optimieren, und lassen Sie uns Ihre Projekte mit hoher Qualit\u00e4t und Geschwindigkeit zum Leben erwecken.<\/p>\t\t\t\t\t\t\t\t<\/div>\n\t\t\t\t<\/div>\n\t\t\t\t\t<\/div>\n\t\t<\/div>\n\t\t\t\t\t<\/div>\n\t\t<\/section>\n\t\t\t\t<\/div>\n\t\t","protected":false},"excerpt":{"rendered":"<p>Roboter-Schwei\u00dfzellen Roboter-Schwei\u00dfzellen | Industrielle Schwei\u00dfl\u00f6sungen und Roboterintegration FABALP Makine End\u00fcstrisi Sanayi ve Ticaret A.\u015e. bietet hochwertige Schwei\u00dfprozesse und Automatisierungsl\u00f6sungen mit robotergest\u00fctzten Schwei\u00dfzellen f\u00fcr die Sektoren Automobil und Bahnsysteme an. Roboter-Schwei\u00dfzellen optimieren Ihre Schwei\u00dfprozesse mit industrieller Automatisierung und robotergest\u00fctzten Schwei\u00dfsystemen und gew\u00e4hrleisten eine schnelle Produktion, hohe Qualit\u00e4t und niedrige Fehlerquoten. FABALP Makine steigert die Effizienz Ihrer geschwei\u00dften Fertigungsprozesse mit robotergest\u00fctzten Schwei\u00dfzellen. Roboter-Schwei\u00dfsysteme, automatisierte Schwei\u00dfzellen und Roboterintegration gew\u00e4hrleisten maximale Effizienz in Automatisierungsprozessen. Roboter-Schwei\u00dfzellen sind ideal f\u00fcr hochpr\u00e4zise Schwei\u00dfoperationen und verbessern die Produktivit\u00e4t der Arbeitskr\u00e4fte sowie die Produktionsgeschwindigkeit. FABALP Makine entwickelt ma\u00dfgeschneiderte L\u00f6sungen f\u00fcr das Design von Roboter-Schwei\u00dfzellen und erstellt geeignete Roboter-Schwei\u00dfsysteme sowie Automatisierungsl\u00f6sungen f\u00fcr jede Art von Schwei\u00dfoperation. Roboter-Schwei\u00dfzellen bieten eine erweiterte Reichweite der Roboter, Hochgeschwindigkeits-Schwei\u00dff\u00e4higkeiten und Konsistenz selbst bei den anspruchsvollsten Aufgaben. In jedem Projekt helfen wir Ihnen, die maximale Produktionskapazit\u00e4t in Ihren Produktionslinien mit der Flexibilit\u00e4t, hohen Effizienz und Prozessoptimierung, die durch robotergest\u00fctzte Schwei\u00dfzellen bereitgestellt wird, zu erreichen. FABALP Makine bietet die effizientesten und fortschrittlichsten Ingenieurl\u00f6sungen sowohl f\u00fcr manuelle als auch f\u00fcr robotergest\u00fctzte Schwei\u00dfprozesse mit robotergest\u00fctzten Schwei\u00dfzellen. FABALP Makine bietet nachhaltige und hochwertige L\u00f6sungen mit robotergest\u00fctzten Schwei\u00dfzellen, die automatisierte Schwei\u00dfprozesse, schnelle Produktionszyklen und niedrige Fehlerquoten bieten. Kontaktieren Sie uns, um Ihre Produktionsprozesse mit robotergest\u00fctzten Schwei\u00dfsystemen und Automatisierungsl\u00f6sungen zu optimieren, und lassen Sie uns Ihre Projekte mit hoher Qualit\u00e4t und Geschwindigkeit zum Leben erwecken.<\/p>\n","protected":false},"author":1,"featured_media":0,"parent":0,"menu_order":0,"comment_status":"closed","ping_status":"closed","template":"","meta":{"site-sidebar-layout":"no-sidebar","site-content-layout":"page-builder","ast-site-content-layout":"full-width-container","site-content-style":"unboxed","site-sidebar-style":"unboxed","ast-global-header-display":"","ast-banner-title-visibility":"","ast-main-header-display":"","ast-hfb-above-header-display":"","ast-hfb-below-header-display":"","ast-hfb-mobile-header-display":"","site-post-title":"disabled","ast-breadcrumbs-content":"disabled","ast-featured-img":"disabled","footer-sml-layout":"","ast-disable-related-posts":"","theme-transparent-header-meta":"enabled","adv-header-id-meta":"","stick-header-meta":"","header-above-stick-meta":"","header-main-stick-meta":"","header-below-stick-meta":"","astra-migrate-meta-layouts":"set","ast-page-background-enabled":"default","ast-page-background-meta":{"desktop":{"background-color":"","background-image":"","background-repeat":"repeat","background-position":"center center","background-size":"auto","background-attachment":"scroll","background-type":"","background-media":"","overlay-type":"","overlay-color":"","overlay-opacity":"","overlay-gradient":""},"tablet":{"background-color":"","background-image":"","background-repeat":"repeat","background-position":"center center","background-size":"auto","background-attachment":"scroll","background-type":"","background-media":"","overlay-type":"","overlay-color":"","overlay-opacity":"","overlay-gradient":""},"mobile":{"background-color":"","background-image":"","background-repeat":"repeat","background-position":"center center","background-size":"auto","background-attachment":"scroll","background-type":"","background-media":"","overlay-type":"","overlay-color":"","overlay-opacity":"","overlay-gradient":""}},"ast-content-background-meta":{"desktop":{"background-color":"var(--ast-global-color-5)","background-image":"","background-repeat":"repeat","background-position":"center center","background-size":"auto","background-attachment":"scroll","background-type":"","background-media":"","overlay-type":"","overlay-color":"","overlay-opacity":"","overlay-gradient":""},"tablet":{"background-color":"var(--ast-global-color-5)","background-image":"","background-repeat":"repeat","background-position":"center center","background-size":"auto","background-attachment":"scroll","background-type":"","background-media":"","overlay-type":"","overlay-color":"","overlay-opacity":"","overlay-gradient":""},"mobile":{"background-color":"var(--ast-global-color-5)","background-image":"","background-repeat":"repeat","background-position":"center center","background-size":"auto","background-attachment":"scroll","background-type":"","background-media":"","overlay-type":"","overlay-color":"","overlay-opacity":"","overlay-gradient":""}},"footnotes":""},"class_list":["post-2659","page","type-page","status-publish","hentry"],"aioseo_notices":[],"_links":{"self":[{"href":"https:\/\/www.fabalp.com\/de\/wp-json\/wp\/v2\/pages\/2659","targetHints":{"allow":["GET"]}}],"collection":[{"href":"https:\/\/www.fabalp.com\/de\/wp-json\/wp\/v2\/pages"}],"about":[{"href":"https:\/\/www.fabalp.com\/de\/wp-json\/wp\/v2\/types\/page"}],"author":[{"embeddable":true,"href":"https:\/\/www.fabalp.com\/de\/wp-json\/wp\/v2\/users\/1"}],"replies":[{"embeddable":true,"href":"https:\/\/www.fabalp.com\/de\/wp-json\/wp\/v2\/comments?post=2659"}],"version-history":[{"count":16,"href":"https:\/\/www.fabalp.com\/de\/wp-json\/wp\/v2\/pages\/2659\/revisions"}],"predecessor-version":[{"id":5332,"href":"https:\/\/www.fabalp.com\/de\/wp-json\/wp\/v2\/pages\/2659\/revisions\/5332"}],"wp:attachment":[{"href":"https:\/\/www.fabalp.com\/de\/wp-json\/wp\/v2\/media?parent=2659"}],"curies":[{"name":"wp","href":"https:\/\/api.w.org\/{rel}","templated":true}]}}