{"id":2652,"date":"2025-04-07T11:00:25","date_gmt":"2025-04-07T11:00:25","guid":{"rendered":"https:\/\/www.fabalp.com\/robotlu-otomasyon-cozumleri\/"},"modified":"2025-05-20T11:13:54","modified_gmt":"2025-05-20T11:13:54","slug":"roboterautomatisierung","status":"publish","type":"page","link":"https:\/\/www.fabalp.com\/de\/roboterautomatisierung\/","title":{"rendered":"Roboterautomatisierung"},"content":{"rendered":"\t\t<div data-elementor-type=\"wp-page\" data-elementor-id=\"2652\" class=\"elementor elementor-2652\">\n\t\t\t\t<div class=\"elementor-element elementor-element-f81d53b e-flex e-con-boxed wpr-particle-no wpr-jarallax-no wpr-parallax-no wpr-sticky-section-no e-con e-parent\" data-id=\"f81d53b\" data-element_type=\"container\" data-e-type=\"container\" data-settings=\"{&quot;background_background&quot;:&quot;classic&quot;}\">\n\t\t\t\t\t<div class=\"e-con-inner\">\n\t\t\t\t<div class=\"elementor-element elementor-element-57bc54a elementor-widget-divider--separator-type-pattern elementor-widget-divider--view-line elementor-widget elementor-widget-divider\" data-id=\"57bc54a\" data-element_type=\"widget\" data-e-type=\"widget\" data-widget_type=\"divider.default\">\n\t\t\t\t<div class=\"elementor-widget-container\">\n\t\t\t\t\t\t\t<div class=\"elementor-divider\" style=\"--divider-pattern-url: url(&quot;data:image\/svg+xml,%3Csvg xmlns=&#039;http:\/\/www.w3.org\/2000\/svg&#039; preserveAspectRatio=&#039;none&#039; overflow=&#039;visible&#039; height=&#039;100%&#039; viewBox=&#039;0 0 24 24&#039; fill=&#039;black&#039; stroke=&#039;none&#039;%3E%3Cpolygon points=&#039;9.4,2 24,2 14.6,21.6 0,21.6&#039;\/%3E%3C\/svg%3E&quot;);\">\n\t\t\t<span class=\"elementor-divider-separator\">\n\t\t\t\t\t\t<\/span>\n\t\t<\/div>\n\t\t\t\t\t\t<\/div>\n\t\t\t\t<\/div>\n\t\t\t\t<div class=\"elementor-element elementor-element-967fd27 elementor-widget elementor-widget-heading\" data-id=\"967fd27\" data-element_type=\"widget\" data-e-type=\"widget\" data-widget_type=\"heading.default\">\n\t\t\t\t<div class=\"elementor-widget-container\">\n\t\t\t\t\t<h2 class=\"elementor-heading-title elementor-size-default\">Roboterautomatisierung<\/h2>\t\t\t\t<\/div>\n\t\t\t\t<\/div>\n\t\t\t\t<div class=\"elementor-element elementor-element-8a9ef54 elementor-widget elementor-widget-heading\" data-id=\"8a9ef54\" data-element_type=\"widget\" data-e-type=\"widget\" data-widget_type=\"heading.default\">\n\t\t\t\t<div class=\"elementor-widget-container\">\n\t\t\t\t\t<h6 class=\"elementor-heading-title elementor-size-default\">Roboterautomatisierungsl\u00f6sungen | Effizienzsteigerung mit Industriellen Roboter-Systemen<\/h6>\t\t\t\t<\/div>\n\t\t\t\t<\/div>\n\t\t\t\t\t<\/div>\n\t\t\t\t<\/div>\n\t\t\t\t<section class=\"elementor-section elementor-top-section elementor-element elementor-element-abe2b49 elementor-section-content-top elementor-section-boxed elementor-section-height-default elementor-section-height-default wpr-particle-no wpr-jarallax-no wpr-parallax-no wpr-sticky-section-no\" data-id=\"abe2b49\" data-element_type=\"section\" data-e-type=\"section\" data-settings=\"{&quot;background_background&quot;:&quot;classic&quot;}\">\n\t\t\t\t\t\t\t<div class=\"elementor-background-overlay\"><\/div>\n\t\t\t\t\t\t\t<div class=\"elementor-container elementor-column-gap-no\">\n\t\t\t\t\t<div class=\"elementor-column elementor-col-100 elementor-top-column elementor-element elementor-element-0780e19\" data-id=\"0780e19\" data-element_type=\"column\" data-e-type=\"column\">\n\t\t\t<div class=\"elementor-widget-wrap elementor-element-populated\">\n\t\t\t\t\t\t<div class=\"elementor-element elementor-element-a750807 elementor-widget elementor-widget-text-editor\" data-id=\"a750807\" data-element_type=\"widget\" data-e-type=\"widget\" data-widget_type=\"text-editor.default\">\n\t\t\t\t<div class=\"elementor-widget-container\">\n\t\t\t\t\t\t\t\t\t<p>FABALP Makine End\u00fcstrisi Sanayi ve Ticaret A.\u015e. steigert die Geschwindigkeit und Effizienz Ihrer industriellen Produktionsprozesse mit L\u00f6sungen f\u00fcr Roboter-Automatisierung in den Sektoren Automobil und Bahnsysteme. Roboter-Automatisierungssysteme, Automatisierungstechnologien und industrielle Roboterl\u00f6sungen optimieren Ihre Produktionslinien und Montageprozesse und steigern die Betriebseffizienz.<\/p><p>FABALP Makine kontrolliert den Roboterzugang mit Kukasim, RobotStudio und Process Simulate Software sorgf\u00e4ltig. Dadurch k\u00f6nnen wir die Genauigkeit der Roboterbewegungen simulieren, potenzielle Probleme in Ihren Produktionslinien im Voraus erkennen und einen reibungslosen Betrieb gew\u00e4hrleisten.<\/p><p>Mit Roboter-Automatisierungssystemen stellen wir hohe Effizienz, schnelle Produktion und reduzierte Fehlerquoten in Montageprozessen sicher. Wir beschleunigen Ihre Produktionsprozesse mit robotergest\u00fctzten Schwei\u00dfsystemen, Automatisierungssteuerungssystemen und robotergest\u00fctzten Montagel\u00f6sungen.<\/p><p>FABALP Makine bietet ma\u00dfgeschneiderte Roboterl\u00f6sungen, die die Bed\u00fcrfnisse der Kunden durch Roboter-Automatisierungssysteme und industrielle Roboterl\u00f6sungen optimal erf\u00fcllen. Mit Dienstleistungen wie der Integration von Automatisierung, elektrotechnischer Montage vor Ort und pneumatischen Montagesystemen bieten wir automatisierte Produktionsprozesse und stellen maximale Effizienz in Ihren Produktionslinien sicher.<\/p>\t\t\t\t\t\t\t\t<\/div>\n\t\t\t\t<\/div>\n\t\t\t\t\t<\/div>\n\t\t<\/div>\n\t\t\t\t\t<\/div>\n\t\t<\/section>\n\t\t\t\t<\/div>\n\t\t","protected":false},"excerpt":{"rendered":"<p>Roboterautomatisierung Roboterautomatisierungsl\u00f6sungen | Effizienzsteigerung mit Industriellen Roboter-Systemen FABALP Makine End\u00fcstrisi Sanayi ve Ticaret A.\u015e. steigert die Geschwindigkeit und Effizienz Ihrer industriellen Produktionsprozesse mit L\u00f6sungen f\u00fcr Roboter-Automatisierung in den Sektoren Automobil und Bahnsysteme. Roboter-Automatisierungssysteme, Automatisierungstechnologien und industrielle Roboterl\u00f6sungen optimieren Ihre Produktionslinien und Montageprozesse und steigern die Betriebseffizienz. FABALP Makine kontrolliert den Roboterzugang mit Kukasim, RobotStudio und Process Simulate Software sorgf\u00e4ltig. Dadurch k\u00f6nnen wir die Genauigkeit der Roboterbewegungen simulieren, potenzielle Probleme in Ihren Produktionslinien im Voraus erkennen und einen reibungslosen Betrieb gew\u00e4hrleisten. Mit Roboter-Automatisierungssystemen stellen wir hohe Effizienz, schnelle Produktion und reduzierte Fehlerquoten in Montageprozessen sicher. Wir beschleunigen Ihre Produktionsprozesse mit robotergest\u00fctzten Schwei\u00dfsystemen, Automatisierungssteuerungssystemen und robotergest\u00fctzten Montagel\u00f6sungen. FABALP Makine bietet ma\u00dfgeschneiderte Roboterl\u00f6sungen, die die Bed\u00fcrfnisse der Kunden durch Roboter-Automatisierungssysteme und industrielle Roboterl\u00f6sungen optimal erf\u00fcllen. Mit Dienstleistungen wie der Integration von Automatisierung, elektrotechnischer Montage vor Ort und pneumatischen Montagesystemen bieten wir automatisierte Produktionsprozesse und stellen maximale Effizienz in Ihren Produktionslinien sicher.<\/p>\n","protected":false},"author":1,"featured_media":0,"parent":0,"menu_order":0,"comment_status":"closed","ping_status":"closed","template":"","meta":{"site-sidebar-layout":"no-sidebar","site-content-layout":"page-builder","ast-site-content-layout":"full-width-container","site-content-style":"unboxed","site-sidebar-style":"unboxed","ast-global-header-display":"","ast-banner-title-visibility":"","ast-main-header-display":"","ast-hfb-above-header-display":"","ast-hfb-below-header-display":"","ast-hfb-mobile-header-display":"","site-post-title":"disabled","ast-breadcrumbs-content":"disabled","ast-featured-img":"disabled","footer-sml-layout":"","ast-disable-related-posts":"","theme-transparent-header-meta":"enabled","adv-header-id-meta":"","stick-header-meta":"","header-above-stick-meta":"","header-main-stick-meta":"","header-below-stick-meta":"","astra-migrate-meta-layouts":"set","ast-page-background-enabled":"default","ast-page-background-meta":{"desktop":{"background-color":"","background-image":"","background-repeat":"repeat","background-position":"center center","background-size":"auto","background-attachment":"scroll","background-type":"","background-media":"","overlay-type":"","overlay-color":"","overlay-opacity":"","overlay-gradient":""},"tablet":{"background-color":"","background-image":"","background-repeat":"repeat","background-position":"center center","background-size":"auto","background-attachment":"scroll","background-type":"","background-media":"","overlay-type":"","overlay-color":"","overlay-opacity":"","overlay-gradient":""},"mobile":{"background-color":"","background-image":"","background-repeat":"repeat","background-position":"center center","background-size":"auto","background-attachment":"scroll","background-type":"","background-media":"","overlay-type":"","overlay-color":"","overlay-opacity":"","overlay-gradient":""}},"ast-content-background-meta":{"desktop":{"background-color":"var(--ast-global-color-5)","background-image":"","background-repeat":"repeat","background-position":"center center","background-size":"auto","background-attachment":"scroll","background-type":"","background-media":"","overlay-type":"","overlay-color":"","overlay-opacity":"","overlay-gradient":""},"tablet":{"background-color":"var(--ast-global-color-5)","background-image":"","background-repeat":"repeat","background-position":"center center","background-size":"auto","background-attachment":"scroll","background-type":"","background-media":"","overlay-type":"","overlay-color":"","overlay-opacity":"","overlay-gradient":""},"mobile":{"background-color":"var(--ast-global-color-5)","background-image":"","background-repeat":"repeat","background-position":"center center","background-size":"auto","background-attachment":"scroll","background-type":"","background-media":"","overlay-type":"","overlay-color":"","overlay-opacity":"","overlay-gradient":""}},"footnotes":""},"class_list":["post-2652","page","type-page","status-publish","hentry"],"aioseo_notices":[],"_links":{"self":[{"href":"https:\/\/www.fabalp.com\/de\/wp-json\/wp\/v2\/pages\/2652","targetHints":{"allow":["GET"]}}],"collection":[{"href":"https:\/\/www.fabalp.com\/de\/wp-json\/wp\/v2\/pages"}],"about":[{"href":"https:\/\/www.fabalp.com\/de\/wp-json\/wp\/v2\/types\/page"}],"author":[{"embeddable":true,"href":"https:\/\/www.fabalp.com\/de\/wp-json\/wp\/v2\/users\/1"}],"replies":[{"embeddable":true,"href":"https:\/\/www.fabalp.com\/de\/wp-json\/wp\/v2\/comments?post=2652"}],"version-history":[{"count":16,"href":"https:\/\/www.fabalp.com\/de\/wp-json\/wp\/v2\/pages\/2652\/revisions"}],"predecessor-version":[{"id":5380,"href":"https:\/\/www.fabalp.com\/de\/wp-json\/wp\/v2\/pages\/2652\/revisions\/5380"}],"wp:attachment":[{"href":"https:\/\/www.fabalp.com\/de\/wp-json\/wp\/v2\/media?parent=2652"}],"curies":[{"name":"wp","href":"https:\/\/api.w.org\/{rel}","templated":true}]}}