{"id":2648,"date":"2025-04-07T11:01:06","date_gmt":"2025-04-07T11:01:06","guid":{"rendered":"https:\/\/www.fabalp.com\/transfer-press-hatlari-cozumleri\/"},"modified":"2025-05-20T11:27:04","modified_gmt":"2025-05-20T11:27:04","slug":"transferpressen","status":"publish","type":"page","link":"https:\/\/www.fabalp.com\/de\/transferpressen\/","title":{"rendered":"Transferpressen"},"content":{"rendered":"\t\t<div data-elementor-type=\"wp-page\" data-elementor-id=\"2648\" class=\"elementor elementor-2648\">\n\t\t\t\t<div class=\"elementor-element elementor-element-f81d53b e-flex e-con-boxed wpr-particle-no wpr-jarallax-no wpr-parallax-no wpr-sticky-section-no e-con e-parent\" data-id=\"f81d53b\" data-element_type=\"container\" data-e-type=\"container\" data-settings=\"{&quot;background_background&quot;:&quot;classic&quot;}\">\n\t\t\t\t\t<div class=\"e-con-inner\">\n\t\t\t\t<div class=\"elementor-element elementor-element-57bc54a elementor-widget-divider--separator-type-pattern elementor-widget-divider--view-line elementor-widget elementor-widget-divider\" data-id=\"57bc54a\" data-element_type=\"widget\" data-e-type=\"widget\" data-widget_type=\"divider.default\">\n\t\t\t\t<div class=\"elementor-widget-container\">\n\t\t\t\t\t\t\t<div class=\"elementor-divider\" style=\"--divider-pattern-url: url(&quot;data:image\/svg+xml,%3Csvg xmlns=&#039;http:\/\/www.w3.org\/2000\/svg&#039; preserveAspectRatio=&#039;none&#039; overflow=&#039;visible&#039; height=&#039;100%&#039; viewBox=&#039;0 0 24 24&#039; fill=&#039;black&#039; stroke=&#039;none&#039;%3E%3Cpolygon points=&#039;9.4,2 24,2 14.6,21.6 0,21.6&#039;\/%3E%3C\/svg%3E&quot;);\">\n\t\t\t<span class=\"elementor-divider-separator\">\n\t\t\t\t\t\t<\/span>\n\t\t<\/div>\n\t\t\t\t\t\t<\/div>\n\t\t\t\t<\/div>\n\t\t\t\t<div class=\"elementor-element elementor-element-967fd27 elementor-widget elementor-widget-heading\" data-id=\"967fd27\" data-element_type=\"widget\" data-e-type=\"widget\" data-widget_type=\"heading.default\">\n\t\t\t\t<div class=\"elementor-widget-container\">\n\t\t\t\t\t<h2 class=\"elementor-heading-title elementor-size-default\">Transferpressen<\/h2>\t\t\t\t<\/div>\n\t\t\t\t<\/div>\n\t\t\t\t<div class=\"elementor-element elementor-element-6f362f5 elementor-widget elementor-widget-heading\" data-id=\"6f362f5\" data-element_type=\"widget\" data-e-type=\"widget\" data-widget_type=\"heading.default\">\n\t\t\t\t<div class=\"elementor-widget-container\">\n\t\t\t\t\t<h6 class=\"elementor-heading-title elementor-size-default\">Transferpressen-Systeme | Hocheffiziente Metallformung und Fertigungsl\u00f6sungen<\/h6>\t\t\t\t<\/div>\n\t\t\t\t<\/div>\n\t\t\t\t\t<\/div>\n\t\t\t\t<\/div>\n\t\t\t\t<section class=\"elementor-section elementor-top-section elementor-element elementor-element-abe2b49 elementor-section-content-top elementor-section-boxed elementor-section-height-default elementor-section-height-default wpr-particle-no wpr-jarallax-no wpr-parallax-no wpr-sticky-section-no\" data-id=\"abe2b49\" data-element_type=\"section\" data-e-type=\"section\" data-settings=\"{&quot;background_background&quot;:&quot;classic&quot;}\">\n\t\t\t\t\t\t\t<div class=\"elementor-background-overlay\"><\/div>\n\t\t\t\t\t\t\t<div class=\"elementor-container elementor-column-gap-no\">\n\t\t\t\t\t<div class=\"elementor-column elementor-col-100 elementor-top-column elementor-element elementor-element-0780e19\" data-id=\"0780e19\" data-element_type=\"column\" data-e-type=\"column\">\n\t\t\t<div class=\"elementor-widget-wrap elementor-element-populated\">\n\t\t\t\t\t\t<div class=\"elementor-element elementor-element-a750807 elementor-widget elementor-widget-text-editor\" data-id=\"a750807\" data-element_type=\"widget\" data-e-type=\"widget\" data-widget_type=\"text-editor.default\">\n\t\t\t\t<div class=\"elementor-widget-container\">\n\t\t\t\t\t\t\t\t\t<p>FABALP Makine End\u00fcstrisi Sanayi ve Ticaret A.\u015e. bietet hochgeschwindigkeits- und hocheffiziente Fertigungsprozesse mit Transferpressenlinienl\u00f6sungen f\u00fcr die Automobil- und Bahnsystemsektoren an. Transferpressenlinien bieten ideale L\u00f6sungen f\u00fcr die Metallformung, den Teiletransport und automatisierte Montageprozesse. FABALP Makine stellt mit Transferpressenlinien maximale Effizienz und niedrige Fehlerquoten in Ihren Produktionslinien sicher.<\/p><p>Transferpressenlinien bieten ma\u00dfgeschneiderte L\u00f6sungen, die f\u00fcr jede Art von Produktionsprozess geeignet sind, einschlie\u00dflich automatischer Transportsysteme, hochpr\u00e4ziser Stanzmaschinen und Hochgeschwindigkeitspressl\u00f6sungen. FABALP Makine bietet L\u00f6sungen, die sich auf schnelle Produktionsprozesse, Qualit\u00e4tskontrolle und eine gesteigerte Produktivit\u00e4t der Arbeitskr\u00e4fte mit Transferpressenlinien konzentrieren.<\/p><p>Im Design der Transferpressenlinien integriert FABALP Makine industrielle Automatisierung stark mit digitalen Systemen, automatisierten Montagelinien und robotergest\u00fctzten Integrationen. Dies steigert die Effizienz von Produktionsprozessen mit hohem Volumen, senkt die Kosten und verbessert die Qualit\u00e4t mit Transferpressenlinien.<\/p><p>In jedem Projekt stellen wir sicher, dass Ihre Produktionsprozesse mit schneller Produktion, hoher Effizienz und niedrigen Fehlerquoten, die durch Transferpressenlinien bereitgestellt werden, optimiert werden. FABALP Makine verbessert Ihre Gesch\u00e4ftsprozesse, indem es ma\u00dfgeschneiderte Designs, Automatisierungssysteme und robotergest\u00fctzte L\u00f6sungen mit Transferpressenlinienl\u00f6sungen anbietet.<\/p><p>FABALP Makine hilft Ihnen, Ihre Ziele in der industriellen Automatisierung und nachhaltigen Produktion zu erreichen, w\u00e4hrend es hohe Qualit\u00e4t und maximale Effizienz mit Transferpressenlinienl\u00f6sungen bereitstellt. Optimieren Sie Ihre Produktionsprozesse mit robotergest\u00fctzten Integrationen, automatischen Transportsystemen und Hochgeschwindigkeitspressmaschinen.<\/p><p>Als FABALP Makine kontaktieren Sie uns f\u00fcr Projekte, die schnelle, sichere Produktion mit integrierten Industrie-4.0-Prozessen durch Transferpressenlinienl\u00f6sungen bieten.<\/p>\t\t\t\t\t\t\t\t<\/div>\n\t\t\t\t<\/div>\n\t\t\t\t\t<\/div>\n\t\t<\/div>\n\t\t\t\t\t<\/div>\n\t\t<\/section>\n\t\t\t\t<\/div>\n\t\t","protected":false},"excerpt":{"rendered":"<p>Transferpressen Transferpressen-Systeme | Hocheffiziente Metallformung und Fertigungsl\u00f6sungen FABALP Makine End\u00fcstrisi Sanayi ve Ticaret A.\u015e. bietet hochgeschwindigkeits- und hocheffiziente Fertigungsprozesse mit Transferpressenlinienl\u00f6sungen f\u00fcr die Automobil- und Bahnsystemsektoren an. Transferpressenlinien bieten ideale L\u00f6sungen f\u00fcr die Metallformung, den Teiletransport und automatisierte Montageprozesse. FABALP Makine stellt mit Transferpressenlinien maximale Effizienz und niedrige Fehlerquoten in Ihren Produktionslinien sicher. Transferpressenlinien bieten ma\u00dfgeschneiderte L\u00f6sungen, die f\u00fcr jede Art von Produktionsprozess geeignet sind, einschlie\u00dflich automatischer Transportsysteme, hochpr\u00e4ziser Stanzmaschinen und Hochgeschwindigkeitspressl\u00f6sungen. FABALP Makine bietet L\u00f6sungen, die sich auf schnelle Produktionsprozesse, Qualit\u00e4tskontrolle und eine gesteigerte Produktivit\u00e4t der Arbeitskr\u00e4fte mit Transferpressenlinien konzentrieren. Im Design der Transferpressenlinien integriert FABALP Makine industrielle Automatisierung stark mit digitalen Systemen, automatisierten Montagelinien und robotergest\u00fctzten Integrationen. Dies steigert die Effizienz von Produktionsprozessen mit hohem Volumen, senkt die Kosten und verbessert die Qualit\u00e4t mit Transferpressenlinien. In jedem Projekt stellen wir sicher, dass Ihre Produktionsprozesse mit schneller Produktion, hoher Effizienz und niedrigen Fehlerquoten, die durch Transferpressenlinien bereitgestellt werden, optimiert werden. FABALP Makine verbessert Ihre Gesch\u00e4ftsprozesse, indem es ma\u00dfgeschneiderte Designs, Automatisierungssysteme und robotergest\u00fctzte L\u00f6sungen mit Transferpressenlinienl\u00f6sungen anbietet. FABALP Makine hilft Ihnen, Ihre Ziele in der industriellen Automatisierung und nachhaltigen Produktion zu erreichen, w\u00e4hrend es hohe Qualit\u00e4t und maximale Effizienz mit Transferpressenlinienl\u00f6sungen bereitstellt. Optimieren Sie Ihre Produktionsprozesse mit robotergest\u00fctzten Integrationen, automatischen Transportsystemen und Hochgeschwindigkeitspressmaschinen. Als FABALP Makine kontaktieren Sie uns f\u00fcr Projekte, die schnelle, sichere Produktion mit integrierten Industrie-4.0-Prozessen durch Transferpressenlinienl\u00f6sungen bieten.<\/p>\n","protected":false},"author":1,"featured_media":0,"parent":0,"menu_order":0,"comment_status":"closed","ping_status":"closed","template":"","meta":{"site-sidebar-layout":"no-sidebar","site-content-layout":"page-builder","ast-site-content-layout":"full-width-container","site-content-style":"unboxed","site-sidebar-style":"unboxed","ast-global-header-display":"","ast-banner-title-visibility":"","ast-main-header-display":"","ast-hfb-above-header-display":"","ast-hfb-below-header-display":"","ast-hfb-mobile-header-display":"","site-post-title":"disabled","ast-breadcrumbs-content":"disabled","ast-featured-img":"disabled","footer-sml-layout":"","ast-disable-related-posts":"","theme-transparent-header-meta":"enabled","adv-header-id-meta":"","stick-header-meta":"","header-above-stick-meta":"","header-main-stick-meta":"","header-below-stick-meta":"","astra-migrate-meta-layouts":"set","ast-page-background-enabled":"default","ast-page-background-meta":{"desktop":{"background-color":"","background-image":"","background-repeat":"repeat","background-position":"center center","background-size":"auto","background-attachment":"scroll","background-type":"","background-media":"","overlay-type":"","overlay-color":"","overlay-opacity":"","overlay-gradient":""},"tablet":{"background-color":"","background-image":"","background-repeat":"repeat","background-position":"center center","background-size":"auto","background-attachment":"scroll","background-type":"","background-media":"","overlay-type":"","overlay-color":"","overlay-opacity":"","overlay-gradient":""},"mobile":{"background-color":"","background-image":"","background-repeat":"repeat","background-position":"center center","background-size":"auto","background-attachment":"scroll","background-type":"","background-media":"","overlay-type":"","overlay-color":"","overlay-opacity":"","overlay-gradient":""}},"ast-content-background-meta":{"desktop":{"background-color":"var(--ast-global-color-5)","background-image":"","background-repeat":"repeat","background-position":"center center","background-size":"auto","background-attachment":"scroll","background-type":"","background-media":"","overlay-type":"","overlay-color":"","overlay-opacity":"","overlay-gradient":""},"tablet":{"background-color":"var(--ast-global-color-5)","background-image":"","background-repeat":"repeat","background-position":"center center","background-size":"auto","background-attachment":"scroll","background-type":"","background-media":"","overlay-type":"","overlay-color":"","overlay-opacity":"","overlay-gradient":""},"mobile":{"background-color":"var(--ast-global-color-5)","background-image":"","background-repeat":"repeat","background-position":"center center","background-size":"auto","background-attachment":"scroll","background-type":"","background-media":"","overlay-type":"","overlay-color":"","overlay-opacity":"","overlay-gradient":""}},"footnotes":""},"class_list":["post-2648","page","type-page","status-publish","hentry"],"aioseo_notices":[],"_links":{"self":[{"href":"https:\/\/www.fabalp.com\/de\/wp-json\/wp\/v2\/pages\/2648","targetHints":{"allow":["GET"]}}],"collection":[{"href":"https:\/\/www.fabalp.com\/de\/wp-json\/wp\/v2\/pages"}],"about":[{"href":"https:\/\/www.fabalp.com\/de\/wp-json\/wp\/v2\/types\/page"}],"author":[{"embeddable":true,"href":"https:\/\/www.fabalp.com\/de\/wp-json\/wp\/v2\/users\/1"}],"replies":[{"embeddable":true,"href":"https:\/\/www.fabalp.com\/de\/wp-json\/wp\/v2\/comments?post=2648"}],"version-history":[{"count":15,"href":"https:\/\/www.fabalp.com\/de\/wp-json\/wp\/v2\/pages\/2648\/revisions"}],"predecessor-version":[{"id":5432,"href":"https:\/\/www.fabalp.com\/de\/wp-json\/wp\/v2\/pages\/2648\/revisions\/5432"}],"wp:attachment":[{"href":"https:\/\/www.fabalp.com\/de\/wp-json\/wp\/v2\/media?parent=2648"}],"curies":[{"name":"wp","href":"https:\/\/api.w.org\/{rel}","templated":true}]}}